{"id":9332,"date":"2026-02-27T15:00:59","date_gmt":"2026-02-27T15:00:59","guid":{"rendered":"https:\/\/orthodoxblessings.com\/?post_type=product&#038;p=9332"},"modified":"2026-02-27T15:06:39","modified_gmt":"2026-02-27T15:06:39","slug":"fargat-korshange-svedski","status":"publish","type":"product","link":"https:\/\/orthodoxblessings.com\/sv\/shop\/fargat-korshange-svedski\/","title":{"rendered":"F\u00e4rgat korsh\u00e4nge Svedski"},"content":{"rendered":"<p>Dessa nyckelringar kombinerar traditionell ortodox ikonografi med praktisk funktion \u2013 var och en demonstrerar trosdevotion genom att b\u00e4ra heliga bilder. Nyckelringarna \u00e4r gjorda av <strong>tr\u00e4<\/strong> skuren i fyrkl\u00f6verform (quatrefoil), vanlig i bysantinsk och ortodox konst, representerande ett kors med rundade armar.<\/p>\n<p>I mitten av varje kors finns en liten <strong>ortodox ikon<\/strong> skyddad av klar harts eller epoxiglasyr som ger ett gl\u00e4nsande, glasaktigt utseende. Den f\u00f6rsta versionen (r\u00f6d) visar en <strong>ikon av Jesus Kristus<\/strong> omgiven av en gyllene ram med dekorativa fina detaljer som imiterar traditionen av ikonm\u00e5lning.<\/p>\n","protected":false},"excerpt":{"rendered":"<p>Dessa nyckelringar kombinerar traditionell ortodox ikonografi med praktisk funktion \u2013 var och en demonstrerar trosdevotion genom att b\u00e4ra heliga bilder. Nyckelringarna \u00e4r gjorda av tr\u00e4 skuren i fyrkl\u00f6verform (quatrefoil), vanlig i bysantinsk och ortodox konst, representerande ett kors med rundade armar. I mitten av varje kors finns en liten ortodox ikon skyddad av klar harts [&hellip;]<\/p>\n","protected":false},"featured_media":8617,"template":"","meta":{"give_campaign_id":0},"product_brand":[],"product_cat":[520],"product_tag":[],"class_list":{"0":"post-9332","1":"product","2":"type-product","3":"status-publish","4":"has-post-thumbnail","6":"product_cat-kors-for-en-bil","8":"first","9":"instock","10":"purchasable","11":"product-type-variable","12":"rtwpvg-product"},"_links":{"self":[{"href":"https:\/\/orthodoxblessings.com\/sv\/wp-json\/wp\/v2\/product\/9332","targetHints":{"allow":["GET"]}}],"collection":[{"href":"https:\/\/orthodoxblessings.com\/sv\/wp-json\/wp\/v2\/product"}],"about":[{"href":"https:\/\/orthodoxblessings.com\/sv\/wp-json\/wp\/v2\/types\/product"}],"wp:featuredmedia":[{"embeddable":true,"href":"https:\/\/orthodoxblessings.com\/sv\/wp-json\/wp\/v2\/media\/8617"}],"wp:attachment":[{"href":"https:\/\/orthodoxblessings.com\/sv\/wp-json\/wp\/v2\/media?parent=9332"}],"wp:term":[{"taxonomy":"product_brand","embeddable":true,"href":"https:\/\/orthodoxblessings.com\/sv\/wp-json\/wp\/v2\/product_brand?post=9332"},{"taxonomy":"product_cat","embeddable":true,"href":"https:\/\/orthodoxblessings.com\/sv\/wp-json\/wp\/v2\/product_cat?post=9332"},{"taxonomy":"product_tag","embeddable":true,"href":"https:\/\/orthodoxblessings.com\/sv\/wp-json\/wp\/v2\/product_tag?post=9332"}],"curies":[{"name":"wp","href":"https:\/\/api.w.org\/{rel}","templated":true}]}}