{"id":9250,"date":"2026-01-29T12:56:50","date_gmt":"2026-01-29T12:56:50","guid":{"rendered":"https:\/\/orthodoxblessings.com\/?post_type=product&#038;p=9250"},"modified":"2026-01-31T14:53:14","modified_gmt":"2026-01-31T14:53:14","slug":"tallbarrsirap-med-honung","status":"publish","type":"product","link":"https:\/\/orthodoxblessings.com\/sv\/shop\/tallbarrsirap-med-honung\/","title":{"rendered":"Tallbarrsirap med honung"},"content":{"rendered":"<p class=\"my-2 [&amp;+p]:mt-4 [&amp;_strong:has(+br)]:inline-block [&amp;_strong:has(+br)]:pb-2\"><strong>Honung med tallbarrssirap \u2013 Naturligt andningsst\u00f6d<\/strong><\/p>\n<p class=\"my-2 [&amp;+p]:mt-4 [&amp;_strong:has(+br)]:inline-block [&amp;_strong:has(+br)]:pb-2\">Denna unika blandning kombinerar ren honung med tallbarrssirap, ett traditionellt naturligt botemedel uppskattat f\u00f6r sina kraftfulla f\u00f6rdelar f\u00f6r andningssystemet. Tillverkad av f\u00e4rska tallknoppar och barr rika p\u00e5 eteriska oljor, fungerar denna helande sirap som ett naturligt expektorerande och antiseptiskt medel som effektivt lindrar hosta, bronkit, f\u00f6rkylningar och halsirritationer. Tallextrakten inneh\u00e5ller antimikrobiella f\u00f6reningar som bek\u00e4mpar bakterier och virus samtidigt som de lugnar inflammerade slemhinnor i halsen och andningsv\u00e4garna. Rik p\u00e5 vitaminer och naturliga antibakteriella egenskaper, st\u00e4rker den immunf\u00f6rsvaret och hj\u00e4lper kroppen att motst\u00e5 infektioner. Tallhonungssirap \u00e4r s\u00e4rskilt effektiv f\u00f6r kronisk hosta och \u00e4r s\u00e4ker f\u00f6r b\u00e5de vuxna och barn \u00f6ver 3 \u00e5r. Dess l\u00e4tt skarpa, aromatiska smak med harts toner kan tas direkt med sked, l\u00f6sas upp i te eller anv\u00e4ndas som ett naturligt s\u00f6tningsmedel. Perfekt f\u00f6r f\u00f6rkylnings- och influensas\u00e4songen eller som en daglig immunf\u00f6rst\u00e4rkare.<\/p>\n","protected":false},"excerpt":{"rendered":"<p>Honung med tallbarrssirap \u2013 Naturligt andningsst\u00f6d Denna unika blandning kombinerar ren honung med tallbarrssirap, ett traditionellt naturligt botemedel uppskattat f\u00f6r sina kraftfulla f\u00f6rdelar f\u00f6r andningssystemet. Tillverkad av f\u00e4rska tallknoppar och barr rika p\u00e5 eteriska oljor, fungerar denna helande sirap som ett naturligt expektorerande och antiseptiskt medel som effektivt lindrar hosta, bronkit, f\u00f6rkylningar och halsirritationer. Tallextrakten [&hellip;]<\/p>\n","protected":false},"featured_media":9313,"template":"","meta":{"give_campaign_id":0},"product_brand":[],"product_cat":[676],"product_tag":[],"class_list":{"0":"post-9250","1":"product","2":"type-product","3":"status-publish","4":"has-post-thumbnail","6":"product_cat-honung","8":"first","9":"instock","10":"purchasable","11":"product-type-variable","12":"rtwpvg-product"},"_links":{"self":[{"href":"https:\/\/orthodoxblessings.com\/sv\/wp-json\/wp\/v2\/product\/9250","targetHints":{"allow":["GET"]}}],"collection":[{"href":"https:\/\/orthodoxblessings.com\/sv\/wp-json\/wp\/v2\/product"}],"about":[{"href":"https:\/\/orthodoxblessings.com\/sv\/wp-json\/wp\/v2\/types\/product"}],"wp:featuredmedia":[{"embeddable":true,"href":"https:\/\/orthodoxblessings.com\/sv\/wp-json\/wp\/v2\/media\/9313"}],"wp:attachment":[{"href":"https:\/\/orthodoxblessings.com\/sv\/wp-json\/wp\/v2\/media?parent=9250"}],"wp:term":[{"taxonomy":"product_brand","embeddable":true,"href":"https:\/\/orthodoxblessings.com\/sv\/wp-json\/wp\/v2\/product_brand?post=9250"},{"taxonomy":"product_cat","embeddable":true,"href":"https:\/\/orthodoxblessings.com\/sv\/wp-json\/wp\/v2\/product_cat?post=9250"},{"taxonomy":"product_tag","embeddable":true,"href":"https:\/\/orthodoxblessings.com\/sv\/wp-json\/wp\/v2\/product_tag?post=9250"}],"curies":[{"name":"wp","href":"https:\/\/api.w.org\/{rel}","templated":true}]}}