{"id":9232,"date":"2026-01-29T12:53:03","date_gmt":"2026-01-29T12:53:03","guid":{"rendered":"https:\/\/orthodoxblessings.com\/?post_type=product&#038;p=9232"},"modified":"2026-01-31T14:46:01","modified_gmt":"2026-01-31T14:46:01","slug":"eukalyptushonung","status":"publish","type":"product","link":"https:\/\/orthodoxblessings.com\/sv\/shop\/eukalyptushonung\/","title":{"rendered":"Eukalyptushonung"},"content":{"rendered":"<p class=\"my-2 [&amp;+p]:mt-4 [&amp;_strong:has(+br)]:inline-block [&amp;_strong:has(+br)]:pb-2\"><strong>Eukalyptushonung \u2013 Naturlig lindring f\u00f6r andningsv\u00e4garna<\/strong><\/p>\n<p class=\"my-2 [&amp;+p]:mt-4 [&amp;_strong:has(+br)]:inline-block [&amp;_strong:has(+br)]:pb-2\">Eukalyptushonung \u00e4r en monofloral honung producerad fr\u00e5n nektaren av eukalyptusblommor, k\u00e4nd f\u00f6r sin karakteristiska m\u00f6rkt b\u00e4rnstensf\u00e4rgade nyans och aromatiska profil. Denna medicinala honung \u00e4r s\u00e4rskilt uppskattad f\u00f6r sina kraftfulla f\u00f6rdelar f\u00f6r andningssystemet, den verkar som en naturlig hostd\u00e4mpare, lindrar n\u00e4st\u00e4ppa och hj\u00e4lper till att dr\u00e4nera \u00f6verskott av slem. Rik p\u00e5 antioxidanter, vitamin C och B9, st\u00e4rker eukalyptushonung immunf\u00f6rsvaret och skyddar celler fr\u00e5n skador orsakade av fria radikaler. Dess naturliga antibakteriella, antiinflammatoriska och antiseptiska egenskaper g\u00f6r den effektiv f\u00f6r s\u00e5rl\u00e4kning, hudh\u00e4lsa och till och med st\u00f6d f\u00f6r urinv\u00e4garna. Honungen inneh\u00e5ller eukalyptol, en f\u00f6rening som f\u00f6rst\u00e4rker dess terapeutiska effekter och ger den en unik s\u00f6t smak med \u00f6rtiga undertoner. Perfekt f\u00f6r f\u00f6rkylnings- och influensas\u00e4songen, eller njut dagligen som en naturlig energigivare och h\u00e4lsoboost.<\/p>\n","protected":false},"excerpt":{"rendered":"<p>Eukalyptushonung \u2013 Naturlig lindring f\u00f6r andningsv\u00e4garna Eukalyptushonung \u00e4r en monofloral honung producerad fr\u00e5n nektaren av eukalyptusblommor, k\u00e4nd f\u00f6r sin karakteristiska m\u00f6rkt b\u00e4rnstensf\u00e4rgade nyans och aromatiska profil. Denna medicinala honung \u00e4r s\u00e4rskilt uppskattad f\u00f6r sina kraftfulla f\u00f6rdelar f\u00f6r andningssystemet, den verkar som en naturlig hostd\u00e4mpare, lindrar n\u00e4st\u00e4ppa och hj\u00e4lper till att dr\u00e4nera \u00f6verskott av slem. Rik [&hellip;]<\/p>\n","protected":false},"featured_media":9310,"template":"","meta":{"give_campaign_id":0},"product_brand":[],"product_cat":[676],"product_tag":[],"class_list":{"0":"post-9232","1":"product","2":"type-product","3":"status-publish","4":"has-post-thumbnail","6":"product_cat-honung","8":"first","9":"instock","10":"purchasable","11":"product-type-variable","12":"rtwpvg-product"},"_links":{"self":[{"href":"https:\/\/orthodoxblessings.com\/sv\/wp-json\/wp\/v2\/product\/9232","targetHints":{"allow":["GET"]}}],"collection":[{"href":"https:\/\/orthodoxblessings.com\/sv\/wp-json\/wp\/v2\/product"}],"about":[{"href":"https:\/\/orthodoxblessings.com\/sv\/wp-json\/wp\/v2\/types\/product"}],"wp:featuredmedia":[{"embeddable":true,"href":"https:\/\/orthodoxblessings.com\/sv\/wp-json\/wp\/v2\/media\/9310"}],"wp:attachment":[{"href":"https:\/\/orthodoxblessings.com\/sv\/wp-json\/wp\/v2\/media?parent=9232"}],"wp:term":[{"taxonomy":"product_brand","embeddable":true,"href":"https:\/\/orthodoxblessings.com\/sv\/wp-json\/wp\/v2\/product_brand?post=9232"},{"taxonomy":"product_cat","embeddable":true,"href":"https:\/\/orthodoxblessings.com\/sv\/wp-json\/wp\/v2\/product_cat?post=9232"},{"taxonomy":"product_tag","embeddable":true,"href":"https:\/\/orthodoxblessings.com\/sv\/wp-json\/wp\/v2\/product_tag?post=9232"}],"curies":[{"name":"wp","href":"https:\/\/api.w.org\/{rel}","templated":true}]}}