{"id":9214,"date":"2026-01-29T12:46:35","date_gmt":"2026-01-29T12:46:35","guid":{"rendered":"https:\/\/orthodoxblessings.com\/?post_type=product&#038;p=9214"},"modified":"2026-01-31T14:38:12","modified_gmt":"2026-01-31T14:38:12","slug":"kaffehonung","status":"publish","type":"product","link":"https:\/\/orthodoxblessings.com\/sv\/shop\/kaffehonung\/","title":{"rendered":"Kaffehonung"},"content":{"rendered":"<p class=\"my-2 [&amp;+p]:mt-4 [&amp;_strong:has(+br)]:inline-block [&amp;_strong:has(+br)]:pb-2\"><strong>Kaffehonung \u2013 Aromatisk energi i en burk<\/strong><\/p>\n<p class=\"my-2 [&amp;+p]:mt-4 [&amp;_strong:has(+br)]:inline-block [&amp;_strong:has(+br)]:pb-2\">Kaffehonung kombinerar naturlig blomsterhonung med noggrant utvalt kaffe och ger en fyllig, aromatisk smak med toner av karamell och kaffe. Den ger mild, l\u00e5ngvarig energi och b\u00e4ttre fokus tack vare naturliga sockerarter fr\u00e5n honungen och en l\u00e4tt koffeinhalt fr\u00e5n kaffet. Perfekt p\u00e5 morgonen i st\u00e4llet f\u00f6r vanliga s\u00f6tningsmedel i kaffe, mj\u00f6lk eller te, eller som en lyxig topping p\u00e5 rostat br\u00f6d, desserter och frukt. Kaffehonung passar alla kaffe\u00e4lskare som vill ha ett nyttigare och mer naturligt s\u00e4tt att njuta av sin favoritsmak varje dag.<\/p>\n","protected":false},"excerpt":{"rendered":"<p>Kaffehonung \u2013 Aromatisk energi i en burk Kaffehonung kombinerar naturlig blomsterhonung med noggrant utvalt kaffe och ger en fyllig, aromatisk smak med toner av karamell och kaffe. Den ger mild, l\u00e5ngvarig energi och b\u00e4ttre fokus tack vare naturliga sockerarter fr\u00e5n honungen och en l\u00e4tt koffeinhalt fr\u00e5n kaffet. Perfekt p\u00e5 morgonen i st\u00e4llet f\u00f6r vanliga s\u00f6tningsmedel [&hellip;]<\/p>\n","protected":false},"featured_media":9307,"template":"","meta":{"give_campaign_id":0},"product_brand":[],"product_cat":[676],"product_tag":[],"class_list":{"0":"post-9214","1":"product","2":"type-product","3":"status-publish","4":"has-post-thumbnail","6":"product_cat-honung","8":"first","9":"instock","10":"purchasable","11":"product-type-variable","12":"rtwpvg-product"},"_links":{"self":[{"href":"https:\/\/orthodoxblessings.com\/sv\/wp-json\/wp\/v2\/product\/9214","targetHints":{"allow":["GET"]}}],"collection":[{"href":"https:\/\/orthodoxblessings.com\/sv\/wp-json\/wp\/v2\/product"}],"about":[{"href":"https:\/\/orthodoxblessings.com\/sv\/wp-json\/wp\/v2\/types\/product"}],"wp:featuredmedia":[{"embeddable":true,"href":"https:\/\/orthodoxblessings.com\/sv\/wp-json\/wp\/v2\/media\/9307"}],"wp:attachment":[{"href":"https:\/\/orthodoxblessings.com\/sv\/wp-json\/wp\/v2\/media?parent=9214"}],"wp:term":[{"taxonomy":"product_brand","embeddable":true,"href":"https:\/\/orthodoxblessings.com\/sv\/wp-json\/wp\/v2\/product_brand?post=9214"},{"taxonomy":"product_cat","embeddable":true,"href":"https:\/\/orthodoxblessings.com\/sv\/wp-json\/wp\/v2\/product_cat?post=9214"},{"taxonomy":"product_tag","embeddable":true,"href":"https:\/\/orthodoxblessings.com\/sv\/wp-json\/wp\/v2\/product_tag?post=9214"}],"curies":[{"name":"wp","href":"https:\/\/api.w.org\/{rel}","templated":true}]}}