{"id":9196,"date":"2026-01-29T12:43:34","date_gmt":"2026-01-29T12:43:34","guid":{"rendered":"https:\/\/orthodoxblessings.com\/?post_type=product&#038;p=9196"},"modified":"2026-01-31T12:06:51","modified_gmt":"2026-01-31T12:06:51","slug":"kramhonung-med-bidrottninggele","status":"publish","type":"product","link":"https:\/\/orthodoxblessings.com\/sv\/shop\/kramhonung-med-bidrottninggele\/","title":{"rendered":"Kr\u00e4mhonung med bidrottninggel\u00e9"},"content":{"rendered":"<p class=\"my-2 [&amp;+p]:mt-4 [&amp;_strong:has(+br)]:inline-block [&amp;_strong:has(+br)]:pb-2\"><strong>Kr\u00e4mhonung med Bidrottninggel\u00e9 \u2013 N\u00e4rande Energi-elixir<\/strong><\/p>\n<p class=\"my-2 [&amp;+p]:mt-4 [&amp;_strong:has(+br)]:inline-block [&amp;_strong:has(+br)]:pb-2\">Kr\u00e4mhonung med bidrottninggel\u00e9 \u00e4r en sammetslen, vispad honung delikatess berikad med drottninggel\u00e9 f\u00f6r att st\u00f6dja vitalitet och allm\u00e4nt v\u00e4lbefinnande. Den mjuka konsistensen och milda, blommiga s\u00f6tman passar perfekt f\u00f6r dig som f\u00f6redrar en len och l\u00e4ttbredbar honung. Bidrottninggel\u00e9 uppskattas traditionellt f\u00f6r att st\u00f6dja naturlig energi, immunf\u00f6rsvar och \u00e5terh\u00e4mtning, vilket g\u00f6r denna blandning idealisk under perioder av tr\u00f6tthet eller \u00f6kad stress. Njut av en tesked p\u00e5 morgonen, p\u00e5 br\u00f6d eller utr\u00f6rd i ljummet te som en naturlig daglig energikick.<\/p>\n","protected":false},"excerpt":{"rendered":"<p>Kr\u00e4mhonung med Bidrottninggel\u00e9 \u2013 N\u00e4rande Energi-elixir Kr\u00e4mhonung med bidrottninggel\u00e9 \u00e4r en sammetslen, vispad honung delikatess berikad med drottninggel\u00e9 f\u00f6r att st\u00f6dja vitalitet och allm\u00e4nt v\u00e4lbefinnande. Den mjuka konsistensen och milda, blommiga s\u00f6tman passar perfekt f\u00f6r dig som f\u00f6redrar en len och l\u00e4ttbredbar honung. Bidrottninggel\u00e9 uppskattas traditionellt f\u00f6r att st\u00f6dja naturlig energi, immunf\u00f6rsvar och \u00e5terh\u00e4mtning, vilket [&hellip;]<\/p>\n","protected":false},"featured_media":9304,"template":"","meta":{"give_campaign_id":0},"product_brand":[],"product_cat":[676],"product_tag":[],"class_list":{"0":"post-9196","1":"product","2":"type-product","3":"status-publish","4":"has-post-thumbnail","6":"product_cat-honung","8":"first","9":"instock","10":"purchasable","11":"product-type-variable","12":"rtwpvg-product"},"_links":{"self":[{"href":"https:\/\/orthodoxblessings.com\/sv\/wp-json\/wp\/v2\/product\/9196","targetHints":{"allow":["GET"]}}],"collection":[{"href":"https:\/\/orthodoxblessings.com\/sv\/wp-json\/wp\/v2\/product"}],"about":[{"href":"https:\/\/orthodoxblessings.com\/sv\/wp-json\/wp\/v2\/types\/product"}],"wp:featuredmedia":[{"embeddable":true,"href":"https:\/\/orthodoxblessings.com\/sv\/wp-json\/wp\/v2\/media\/9304"}],"wp:attachment":[{"href":"https:\/\/orthodoxblessings.com\/sv\/wp-json\/wp\/v2\/media?parent=9196"}],"wp:term":[{"taxonomy":"product_brand","embeddable":true,"href":"https:\/\/orthodoxblessings.com\/sv\/wp-json\/wp\/v2\/product_brand?post=9196"},{"taxonomy":"product_cat","embeddable":true,"href":"https:\/\/orthodoxblessings.com\/sv\/wp-json\/wp\/v2\/product_cat?post=9196"},{"taxonomy":"product_tag","embeddable":true,"href":"https:\/\/orthodoxblessings.com\/sv\/wp-json\/wp\/v2\/product_tag?post=9196"}],"curies":[{"name":"wp","href":"https:\/\/api.w.org\/{rel}","templated":true}]}}