{"id":9178,"date":"2026-01-29T12:31:12","date_gmt":"2026-01-29T12:31:12","guid":{"rendered":"https:\/\/orthodoxblessings.com\/?post_type=product&#038;p=9178"},"modified":"2026-01-31T11:58:01","modified_gmt":"2026-01-31T11:58:01","slug":"honung-med-gurkmeja","status":"publish","type":"product","link":"https:\/\/orthodoxblessings.com\/sv\/shop\/honung-med-gurkmeja\/","title":{"rendered":"Honung med gurkmeja"},"content":{"rendered":"<p class=\"my-2 [&amp;+p]:mt-4 [&amp;_strong:has(+br)]:inline-block [&amp;_strong:has(+br)]:pb-2\"><strong>Honung med Gurkmeja \u2013 Gyllen Anti-inflammatorisk Blandning<\/strong><\/p>\n<p class=\"my-2 [&amp;+p]:mt-4 [&amp;_strong:has(+br)]:inline-block [&amp;_strong:has(+br)]:pb-2\">Honung med gurkmeja \u00e4r en gyllene, kr\u00e4mig blandning som f\u00f6renar ren blomhonung med finmalen gurkmeja f\u00f6r kraftfullt vardagsst\u00f6d. Den varma, l\u00e4tt kryddiga smaken fr\u00e5n gurkmeja f\u00f6rdjupar honungens naturliga s\u00f6tma och ger en rik smak som passar perfekt i te, mj\u00f6lk eller p\u00e5 rostat br\u00f6d. Gurkmeja \u00e4r k\u00e4nd f\u00f6r sina starka antiinflammatoriska och antioxidativa egenskaper, medan honung ger en naturligt lugnande och antibakteriell effekt, vilket g\u00f6r blandningen idealisk under f\u00f6rkylningss\u00e4songen eller efter en l\u00e5ng, kr\u00e4vande dag. Njut av en tesked som den \u00e4r, r\u00f6r ner den i ljumma drycker eller anv\u00e4nd den som en smakrik ingrediens i frukost och nyttiga desserter.<\/p>\n","protected":false},"excerpt":{"rendered":"<p>Honung med Gurkmeja \u2013 Gyllen Anti-inflammatorisk Blandning Honung med gurkmeja \u00e4r en gyllene, kr\u00e4mig blandning som f\u00f6renar ren blomhonung med finmalen gurkmeja f\u00f6r kraftfullt vardagsst\u00f6d. Den varma, l\u00e4tt kryddiga smaken fr\u00e5n gurkmeja f\u00f6rdjupar honungens naturliga s\u00f6tma och ger en rik smak som passar perfekt i te, mj\u00f6lk eller p\u00e5 rostat br\u00f6d. Gurkmeja \u00e4r k\u00e4nd f\u00f6r [&hellip;]<\/p>\n","protected":false},"featured_media":9301,"template":"","meta":{"give_campaign_id":0},"product_brand":[],"product_cat":[676],"product_tag":[],"class_list":{"0":"post-9178","1":"product","2":"type-product","3":"status-publish","4":"has-post-thumbnail","6":"product_cat-honung","8":"first","9":"instock","10":"purchasable","11":"product-type-variable","12":"rtwpvg-product"},"_links":{"self":[{"href":"https:\/\/orthodoxblessings.com\/sv\/wp-json\/wp\/v2\/product\/9178","targetHints":{"allow":["GET"]}}],"collection":[{"href":"https:\/\/orthodoxblessings.com\/sv\/wp-json\/wp\/v2\/product"}],"about":[{"href":"https:\/\/orthodoxblessings.com\/sv\/wp-json\/wp\/v2\/types\/product"}],"wp:featuredmedia":[{"embeddable":true,"href":"https:\/\/orthodoxblessings.com\/sv\/wp-json\/wp\/v2\/media\/9301"}],"wp:attachment":[{"href":"https:\/\/orthodoxblessings.com\/sv\/wp-json\/wp\/v2\/media?parent=9178"}],"wp:term":[{"taxonomy":"product_brand","embeddable":true,"href":"https:\/\/orthodoxblessings.com\/sv\/wp-json\/wp\/v2\/product_brand?post=9178"},{"taxonomy":"product_cat","embeddable":true,"href":"https:\/\/orthodoxblessings.com\/sv\/wp-json\/wp\/v2\/product_cat?post=9178"},{"taxonomy":"product_tag","embeddable":true,"href":"https:\/\/orthodoxblessings.com\/sv\/wp-json\/wp\/v2\/product_tag?post=9178"}],"curies":[{"name":"wp","href":"https:\/\/api.w.org\/{rel}","templated":true}]}}