{"id":9160,"date":"2026-01-29T12:22:36","date_gmt":"2026-01-29T12:22:36","guid":{"rendered":"https:\/\/orthodoxblessings.com\/?post_type=product&#038;p=9160"},"modified":"2026-01-31T11:42:29","modified_gmt":"2026-01-31T11:42:29","slug":"hamphonung","status":"publish","type":"product","link":"https:\/\/orthodoxblessings.com\/sv\/shop\/hamphonung\/","title":{"rendered":"Hamphonung"},"content":{"rendered":"<p class=\"my-2 [&amp;+p]:mt-4 [&amp;_strong:has(+br)]:inline-block [&amp;_strong:has(+br)]:pb-2\"><strong>Hampahonung \u2013 Naturlig Balans och Vitalitet<\/strong><\/p>\n<p class=\"my-2 [&amp;+p]:mt-4 [&amp;_strong:has(+br)]:inline-block [&amp;_strong:has(+br)]:pb-2\">Hampahonung \u00e4r en unik blandning av ren blomhonung och finmalda hampafr\u00f6n, framtagen f\u00f6r att st\u00f6dja daglig balans och vitalitet. Den kr\u00e4miga konsistensen och de milda n\u00f6tiga, \u00f6rtiga tonerna fr\u00e5n hampa f\u00f6rdjupar honungens naturliga s\u00f6tma och g\u00f6r produkten b\u00e5de god och funktionell. Rik p\u00e5 vegetabiliska proteiner, omega-fettsyror, vitaminer och mineraler hj\u00e4lper den kroppen att f\u00e5 n\u00e4ring, st\u00f6djer nervsystemets normala funktion och bidrar till en stabil energiniv\u00e5. Njut av en tesked som den \u00e4r, p\u00e5 br\u00f6d eller utr\u00f6rd i smoothies och varma drycker som ett naturligt inslag i din dagliga rutin.<\/p>\n","protected":false},"excerpt":{"rendered":"<p>Hampahonung \u2013 Naturlig Balans och Vitalitet Hampahonung \u00e4r en unik blandning av ren blomhonung och finmalda hampafr\u00f6n, framtagen f\u00f6r att st\u00f6dja daglig balans och vitalitet. Den kr\u00e4miga konsistensen och de milda n\u00f6tiga, \u00f6rtiga tonerna fr\u00e5n hampa f\u00f6rdjupar honungens naturliga s\u00f6tma och g\u00f6r produkten b\u00e5de god och funktionell. Rik p\u00e5 vegetabiliska proteiner, omega-fettsyror, vitaminer och mineraler [&hellip;]<\/p>\n","protected":false},"featured_media":9298,"template":"","meta":{"give_campaign_id":0},"product_brand":[],"product_cat":[676],"product_tag":[],"class_list":{"0":"post-9160","1":"product","2":"type-product","3":"status-publish","4":"has-post-thumbnail","6":"product_cat-honung","8":"first","9":"instock","10":"purchasable","11":"product-type-variable","12":"rtwpvg-product"},"_links":{"self":[{"href":"https:\/\/orthodoxblessings.com\/sv\/wp-json\/wp\/v2\/product\/9160","targetHints":{"allow":["GET"]}}],"collection":[{"href":"https:\/\/orthodoxblessings.com\/sv\/wp-json\/wp\/v2\/product"}],"about":[{"href":"https:\/\/orthodoxblessings.com\/sv\/wp-json\/wp\/v2\/types\/product"}],"wp:featuredmedia":[{"embeddable":true,"href":"https:\/\/orthodoxblessings.com\/sv\/wp-json\/wp\/v2\/media\/9298"}],"wp:attachment":[{"href":"https:\/\/orthodoxblessings.com\/sv\/wp-json\/wp\/v2\/media?parent=9160"}],"wp:term":[{"taxonomy":"product_brand","embeddable":true,"href":"https:\/\/orthodoxblessings.com\/sv\/wp-json\/wp\/v2\/product_brand?post=9160"},{"taxonomy":"product_cat","embeddable":true,"href":"https:\/\/orthodoxblessings.com\/sv\/wp-json\/wp\/v2\/product_cat?post=9160"},{"taxonomy":"product_tag","embeddable":true,"href":"https:\/\/orthodoxblessings.com\/sv\/wp-json\/wp\/v2\/product_tag?post=9160"}],"curies":[{"name":"wp","href":"https:\/\/api.w.org\/{rel}","templated":true}]}}