{"id":9142,"date":"2026-01-29T12:17:22","date_gmt":"2026-01-29T12:17:22","guid":{"rendered":"https:\/\/orthodoxblessings.com\/?post_type=product&#038;p=9142"},"modified":"2026-01-31T11:36:11","modified_gmt":"2026-01-31T11:36:11","slug":"prostatahonung","status":"publish","type":"product","link":"https:\/\/orthodoxblessings.com\/sv\/shop\/prostatahonung\/","title":{"rendered":"Prostatahonung"},"content":{"rendered":"<p class=\"my-2 [&amp;+p]:mt-4 [&amp;_strong:has(+br)]:inline-block [&amp;_strong:has(+br)]:pb-2\"><strong>Prosta Med \u2013 Honungsblandning f\u00f6r Prostatast\u00f6d<\/strong><\/p>\n<p class=\"my-2 [&amp;+p]:mt-4 [&amp;_strong:has(+br)]:inline-block [&amp;_strong:has(+br)]:pb-2\">Prosta Med \u00e4r en speciellt framtagen honungsblandning som st\u00f6djer en frisk prostata och manlig vitalitet. Denna unika produkt kombinerar naturlig bivaxhonung med noggrant utvalda \u00f6rter som traditionellt anv\u00e4nts f\u00f6r att lindra urinbesv\u00e4r, fr\u00e4mja normal urinering och minska sp\u00e4nningar i b\u00e4ckenomr\u00e5det. Den passar m\u00e4n som vill ha ett milt, dagligt s\u00e4tt att ta hand om sin prostata och sin allm\u00e4nna h\u00e4lsa. Njut av en tesked per dag, antingen direkt eller uppl\u00f6st i ljummet vatten eller te som en del av din h\u00e4lsorutin.<\/p>\n","protected":false},"excerpt":{"rendered":"<p>Prosta Med \u2013 Honungsblandning f\u00f6r Prostatast\u00f6d Prosta Med \u00e4r en speciellt framtagen honungsblandning som st\u00f6djer en frisk prostata och manlig vitalitet. Denna unika produkt kombinerar naturlig bivaxhonung med noggrant utvalda \u00f6rter som traditionellt anv\u00e4nts f\u00f6r att lindra urinbesv\u00e4r, fr\u00e4mja normal urinering och minska sp\u00e4nningar i b\u00e4ckenomr\u00e5det. Den passar m\u00e4n som vill ha ett milt, dagligt [&hellip;]<\/p>\n","protected":false},"featured_media":9295,"template":"","meta":{"give_campaign_id":0},"product_brand":[],"product_cat":[676],"product_tag":[],"class_list":{"0":"post-9142","1":"product","2":"type-product","3":"status-publish","4":"has-post-thumbnail","6":"product_cat-honung","8":"first","9":"instock","10":"purchasable","11":"product-type-variable","12":"rtwpvg-product"},"_links":{"self":[{"href":"https:\/\/orthodoxblessings.com\/sv\/wp-json\/wp\/v2\/product\/9142","targetHints":{"allow":["GET"]}}],"collection":[{"href":"https:\/\/orthodoxblessings.com\/sv\/wp-json\/wp\/v2\/product"}],"about":[{"href":"https:\/\/orthodoxblessings.com\/sv\/wp-json\/wp\/v2\/types\/product"}],"wp:featuredmedia":[{"embeddable":true,"href":"https:\/\/orthodoxblessings.com\/sv\/wp-json\/wp\/v2\/media\/9295"}],"wp:attachment":[{"href":"https:\/\/orthodoxblessings.com\/sv\/wp-json\/wp\/v2\/media?parent=9142"}],"wp:term":[{"taxonomy":"product_brand","embeddable":true,"href":"https:\/\/orthodoxblessings.com\/sv\/wp-json\/wp\/v2\/product_brand?post=9142"},{"taxonomy":"product_cat","embeddable":true,"href":"https:\/\/orthodoxblessings.com\/sv\/wp-json\/wp\/v2\/product_cat?post=9142"},{"taxonomy":"product_tag","embeddable":true,"href":"https:\/\/orthodoxblessings.com\/sv\/wp-json\/wp\/v2\/product_tag?post=9142"}],"curies":[{"name":"wp","href":"https:\/\/api.w.org\/{rel}","templated":true}]}}