{"id":9124,"date":"2026-01-29T11:16:17","date_gmt":"2026-01-29T11:16:17","guid":{"rendered":"https:\/\/orthodoxblessings.com\/?post_type=product&#038;p=9124"},"modified":"2026-01-31T11:12:49","modified_gmt":"2026-01-31T11:12:49","slug":"ingefara-i-kramhonung","status":"publish","type":"product","link":"https:\/\/orthodoxblessings.com\/sv\/shop\/ingefara-i-kramhonung\/","title":{"rendered":"Ingef\u00e4ra i kr\u00e4mhonung"},"content":{"rendered":"<p class=\"my-2 [&amp;+p]:mt-4 [&amp;_strong:has(+br)]:inline-block [&amp;_strong:has(+br)]:pb-2\"><strong>Immuno Bomb &#8211; Immunf\u00f6rst\u00e4rkande Honungsblandning<\/strong><\/p>\n<p class=\"my-2 [&amp;+p]:mt-4 [&amp;_strong:has(+br)]:inline-block [&amp;_strong:has(+br)]:pb-2\">Immuno Bomb \u00e4r ett kraftfullt naturligt botemedel som kombinerar ren honung med ingef\u00e4ra f\u00f6r att skapa en exceptionell immunsystemsf\u00f6rst\u00e4rkare. Denna hantverksm\u00e4ssiga blandning utnyttjar de synergistiska egenskaperna hos tv\u00e5 superfoods: honungens antibakteriella och antimikrobiella f\u00f6reningar arbetar tillsammans med ingef\u00e4rans gingerol och levererar potenta antiinflammatoriska och antioxidativa f\u00f6rdelar som st\u00e4rker kroppens naturliga f\u00f6rsvar.<\/p>\n<p class=\"my-2 [&amp;+p]:mt-4 [&amp;_strong:has(+br)]:inline-block [&amp;_strong:has(+br)]:pb-2\">Denna immunitetsblandning st\u00f6djer \u00f6vergripande h\u00e4lsa genom att \u00f6ka produktionen av vita blodkroppar och tillhandah\u00e5lla essentiella mineraler som zink, magnesium och krom. Den lindrar effektivt ont i halsen, lugnar hosta, minskar illam\u00e5ende och hj\u00e4lper till att bek\u00e4mpa s\u00e4songsinfektioner med sina naturliga expektorerande egenskaper. Kombinationen fungerar ocks\u00e5 som en naturlig avgiftare som hj\u00e4lper till att rensa gifter fr\u00e5n vitala organ samtidigt som den minskar inflammation associerad med olika h\u00e4lsotillst\u00e5nd. Ta en sked dagligen, r\u00f6r ner i varmt te eller njut direkt fr\u00e5n burken f\u00f6r maximalt immunst\u00f6d.<\/p>\n","protected":false},"excerpt":{"rendered":"<p>Immuno Bomb &#8211; Immunf\u00f6rst\u00e4rkande Honungsblandning Immuno Bomb \u00e4r ett kraftfullt naturligt botemedel som kombinerar ren honung med ingef\u00e4ra f\u00f6r att skapa en exceptionell immunsystemsf\u00f6rst\u00e4rkare. Denna hantverksm\u00e4ssiga blandning utnyttjar de synergistiska egenskaperna hos tv\u00e5 superfoods: honungens antibakteriella och antimikrobiella f\u00f6reningar arbetar tillsammans med ingef\u00e4rans gingerol och levererar potenta antiinflammatoriska och antioxidativa f\u00f6rdelar som st\u00e4rker kroppens naturliga [&hellip;]<\/p>\n","protected":false},"featured_media":9292,"template":"","meta":{"give_campaign_id":0},"product_brand":[],"product_cat":[676],"product_tag":[],"class_list":{"0":"post-9124","1":"product","2":"type-product","3":"status-publish","4":"has-post-thumbnail","6":"product_cat-honung","8":"first","9":"instock","10":"purchasable","11":"product-type-variable","12":"rtwpvg-product"},"_links":{"self":[{"href":"https:\/\/orthodoxblessings.com\/sv\/wp-json\/wp\/v2\/product\/9124","targetHints":{"allow":["GET"]}}],"collection":[{"href":"https:\/\/orthodoxblessings.com\/sv\/wp-json\/wp\/v2\/product"}],"about":[{"href":"https:\/\/orthodoxblessings.com\/sv\/wp-json\/wp\/v2\/types\/product"}],"wp:featuredmedia":[{"embeddable":true,"href":"https:\/\/orthodoxblessings.com\/sv\/wp-json\/wp\/v2\/media\/9292"}],"wp:attachment":[{"href":"https:\/\/orthodoxblessings.com\/sv\/wp-json\/wp\/v2\/media?parent=9124"}],"wp:term":[{"taxonomy":"product_brand","embeddable":true,"href":"https:\/\/orthodoxblessings.com\/sv\/wp-json\/wp\/v2\/product_brand?post=9124"},{"taxonomy":"product_cat","embeddable":true,"href":"https:\/\/orthodoxblessings.com\/sv\/wp-json\/wp\/v2\/product_cat?post=9124"},{"taxonomy":"product_tag","embeddable":true,"href":"https:\/\/orthodoxblessings.com\/sv\/wp-json\/wp\/v2\/product_tag?post=9124"}],"curies":[{"name":"wp","href":"https:\/\/api.w.org\/{rel}","templated":true}]}}