{"id":9094,"date":"2026-01-29T11:11:23","date_gmt":"2026-01-29T11:11:23","guid":{"rendered":"https:\/\/orthodoxblessings.com\/?post_type=product&#038;p=9094"},"modified":"2026-01-31T11:00:42","modified_gmt":"2026-01-31T11:00:42","slug":"bronkhonung","status":"publish","type":"product","link":"https:\/\/orthodoxblessings.com\/sv\/shop\/bronkhonung\/","title":{"rendered":"Bronkhonung"},"content":{"rendered":"<p data-start=\"1263\" data-end=\"1489\"><strong data-start=\"1263\" data-end=\"1280\">Bronho-honung<\/strong> \u00e4r en noggrant framtagen blandning av naturlig honung och utvalda \u00f6rtextrakt, utvecklad f\u00f6r att st\u00f6dja luftv\u00e4garna och kroppens allm\u00e4nna v\u00e4lbefinnande. Den har en fyllig arom och en behaglig, l\u00e4tt \u00f6rtig smak.<\/p>\n<p data-start=\"1491\" data-end=\"1722\">Tack vare kombinationen av honung och traditionella medicinalv\u00e4xter anv\u00e4nds bronho-honung ofta f\u00f6r att lugna halsen, lindra hosta och st\u00f6dja normal andning. Den passar s\u00e4rskilt bra under kallare perioder, men \u00e4ven f\u00f6r dagligt bruk.<\/p>\n<p data-start=\"1724\" data-end=\"1795\">Kan avnjutas som den \u00e4r, en sked om dagen, eller tills\u00e4ttas i varmt te.<\/p>\n","protected":false},"excerpt":{"rendered":"<p>Bronho-honung \u00e4r en noggrant framtagen blandning av naturlig honung och utvalda \u00f6rtextrakt, utvecklad f\u00f6r att st\u00f6dja luftv\u00e4garna och kroppens allm\u00e4nna v\u00e4lbefinnande. Den har en fyllig arom och en behaglig, l\u00e4tt \u00f6rtig smak. Tack vare kombinationen av honung och traditionella medicinalv\u00e4xter anv\u00e4nds bronho-honung ofta f\u00f6r att lugna halsen, lindra hosta och st\u00f6dja normal andning. Den passar [&hellip;]<\/p>\n","protected":false},"featured_media":9319,"template":"","meta":{"give_campaign_id":0},"product_brand":[],"product_cat":[676],"product_tag":[],"class_list":{"0":"post-9094","1":"product","2":"type-product","3":"status-publish","4":"has-post-thumbnail","6":"product_cat-honung","8":"first","9":"instock","10":"purchasable","11":"product-type-variable","12":"rtwpvg-product"},"_links":{"self":[{"href":"https:\/\/orthodoxblessings.com\/sv\/wp-json\/wp\/v2\/product\/9094","targetHints":{"allow":["GET"]}}],"collection":[{"href":"https:\/\/orthodoxblessings.com\/sv\/wp-json\/wp\/v2\/product"}],"about":[{"href":"https:\/\/orthodoxblessings.com\/sv\/wp-json\/wp\/v2\/types\/product"}],"wp:featuredmedia":[{"embeddable":true,"href":"https:\/\/orthodoxblessings.com\/sv\/wp-json\/wp\/v2\/media\/9319"}],"wp:attachment":[{"href":"https:\/\/orthodoxblessings.com\/sv\/wp-json\/wp\/v2\/media?parent=9094"}],"wp:term":[{"taxonomy":"product_brand","embeddable":true,"href":"https:\/\/orthodoxblessings.com\/sv\/wp-json\/wp\/v2\/product_brand?post=9094"},{"taxonomy":"product_cat","embeddable":true,"href":"https:\/\/orthodoxblessings.com\/sv\/wp-json\/wp\/v2\/product_cat?post=9094"},{"taxonomy":"product_tag","embeddable":true,"href":"https:\/\/orthodoxblessings.com\/sv\/wp-json\/wp\/v2\/product_tag?post=9094"}],"curies":[{"name":"wp","href":"https:\/\/api.w.org\/{rel}","templated":true}]}}