{"id":9076,"date":"2026-01-29T11:07:18","date_gmt":"2026-01-29T11:07:18","guid":{"rendered":"https:\/\/orthodoxblessings.com\/?post_type=product&#038;p=9076"},"modified":"2026-01-31T10:52:41","modified_gmt":"2026-01-31T10:52:41","slug":"honung-kanel-propolis","status":"publish","type":"product","link":"https:\/\/orthodoxblessings.com\/sv\/shop\/honung-kanel-propolis\/","title":{"rendered":"Honung kanel propolis"},"content":{"rendered":"<p>Denna honung \u00e4r varsamt sk\u00f6rdad fr\u00e5n or\u00f6rd natur f\u00f6r att bevara sin naturliga smak och sina n\u00e4rings\u00e4mnen. Den har en vacker naturlig f\u00e4rg, mjuk konsistens och en mild, blommig arom med fyllig smak. Honung \u00e4r en naturlig energik\u00e4lla och passar perfekt till te, frukost, bakverk eller som ett naturligt st\u00f6d f\u00f6r immunf\u00f6rsvaret.<br data-start=\"1490\" data-end=\"1493\" \/>100 % ren honung, utan tillsatser, konserveringsmedel eller tillsatt socker.<\/p>\n","protected":false},"excerpt":{"rendered":"<p>Denna honung \u00e4r varsamt sk\u00f6rdad fr\u00e5n or\u00f6rd natur f\u00f6r att bevara sin naturliga smak och sina n\u00e4rings\u00e4mnen. Den har en vacker naturlig f\u00e4rg, mjuk konsistens och en mild, blommig arom med fyllig smak. Honung \u00e4r en naturlig energik\u00e4lla och passar perfekt till te, frukost, bakverk eller som ett naturligt st\u00f6d f\u00f6r immunf\u00f6rsvaret.100 % ren honung, [&hellip;]<\/p>\n","protected":false},"featured_media":9322,"template":"","meta":{"give_campaign_id":0},"product_brand":[],"product_cat":[676],"product_tag":[],"class_list":{"0":"post-9076","1":"product","2":"type-product","3":"status-publish","4":"has-post-thumbnail","6":"product_cat-honung","8":"first","9":"instock","10":"purchasable","11":"product-type-variable","12":"rtwpvg-product"},"_links":{"self":[{"href":"https:\/\/orthodoxblessings.com\/sv\/wp-json\/wp\/v2\/product\/9076","targetHints":{"allow":["GET"]}}],"collection":[{"href":"https:\/\/orthodoxblessings.com\/sv\/wp-json\/wp\/v2\/product"}],"about":[{"href":"https:\/\/orthodoxblessings.com\/sv\/wp-json\/wp\/v2\/types\/product"}],"wp:featuredmedia":[{"embeddable":true,"href":"https:\/\/orthodoxblessings.com\/sv\/wp-json\/wp\/v2\/media\/9322"}],"wp:attachment":[{"href":"https:\/\/orthodoxblessings.com\/sv\/wp-json\/wp\/v2\/media?parent=9076"}],"wp:term":[{"taxonomy":"product_brand","embeddable":true,"href":"https:\/\/orthodoxblessings.com\/sv\/wp-json\/wp\/v2\/product_brand?post=9076"},{"taxonomy":"product_cat","embeddable":true,"href":"https:\/\/orthodoxblessings.com\/sv\/wp-json\/wp\/v2\/product_cat?post=9076"},{"taxonomy":"product_tag","embeddable":true,"href":"https:\/\/orthodoxblessings.com\/sv\/wp-json\/wp\/v2\/product_tag?post=9076"}],"curies":[{"name":"wp","href":"https:\/\/api.w.org\/{rel}","templated":true}]}}