{"id":9058,"date":"2026-01-29T11:02:21","date_gmt":"2026-01-29T11:02:21","guid":{"rendered":"https:\/\/orthodoxblessings.com\/?post_type=product&#038;p=9058"},"modified":"2026-01-31T10:45:59","modified_gmt":"2026-01-31T10:45:59","slug":"immunbombhonung","status":"publish","type":"product","link":"https:\/\/orthodoxblessings.com\/sv\/shop\/immunbombhonung\/","title":{"rendered":"Immunbombhonung"},"content":{"rendered":"<p data-start=\"1553\" data-end=\"1881\"><strong data-start=\"1553\" data-end=\"1568\">Imuno Bomba<\/strong> \u00e4r en kraftfull naturlig blandning av honung och noggrant utvalda ingredienser som \u00e4r k\u00e4nda f\u00f6r sina immunst\u00e4rkande egenskaper. Kombinationen av h\u00f6gkvalitativ honung med ingef\u00e4ra, citron och l\u00e4kande \u00f6rter g\u00f6r denna produkt till ett utm\u00e4rkt st\u00f6d f\u00f6r kroppen, s\u00e4rskilt vid tr\u00f6tthet, stress och s\u00e4songsf\u00f6rkylningar.<\/p>\n<p data-start=\"1883\" data-end=\"2095\">Den \u00e4r rik p\u00e5 naturliga antioxidanter, vitaminer och mineraler som st\u00e4rker immunf\u00f6rsvaret, \u00f6kar energin och bidrar till \u00f6kad vitalitet. Smaken \u00e4r behaglig med en l\u00e4tt kryddig ton som b\u00e5de v\u00e4rmer och fr\u00e4schar upp.<\/p>\n<p data-start=\"2097\" data-end=\"2218\">Perfekt f\u00f6r daglig anv\u00e4ndning \u2013 en sked p\u00e5 morgonen p\u00e5 fastande mage, i varmt te eller som naturligt immunst\u00f6d \u00e5ret runt.<\/p>\n","protected":false},"excerpt":{"rendered":"<p>Imuno Bomba \u00e4r en kraftfull naturlig blandning av honung och noggrant utvalda ingredienser som \u00e4r k\u00e4nda f\u00f6r sina immunst\u00e4rkande egenskaper. Kombinationen av h\u00f6gkvalitativ honung med ingef\u00e4ra, citron och l\u00e4kande \u00f6rter g\u00f6r denna produkt till ett utm\u00e4rkt st\u00f6d f\u00f6r kroppen, s\u00e4rskilt vid tr\u00f6tthet, stress och s\u00e4songsf\u00f6rkylningar. Den \u00e4r rik p\u00e5 naturliga antioxidanter, vitaminer och mineraler som [&hellip;]<\/p>\n","protected":false},"featured_media":9283,"template":"","meta":{"give_campaign_id":0},"product_brand":[],"product_cat":[676],"product_tag":[],"class_list":{"0":"post-9058","1":"product","2":"type-product","3":"status-publish","4":"has-post-thumbnail","6":"product_cat-honung","8":"first","9":"instock","10":"purchasable","11":"product-type-variable","12":"rtwpvg-product"},"_links":{"self":[{"href":"https:\/\/orthodoxblessings.com\/sv\/wp-json\/wp\/v2\/product\/9058","targetHints":{"allow":["GET"]}}],"collection":[{"href":"https:\/\/orthodoxblessings.com\/sv\/wp-json\/wp\/v2\/product"}],"about":[{"href":"https:\/\/orthodoxblessings.com\/sv\/wp-json\/wp\/v2\/types\/product"}],"wp:featuredmedia":[{"embeddable":true,"href":"https:\/\/orthodoxblessings.com\/sv\/wp-json\/wp\/v2\/media\/9283"}],"wp:attachment":[{"href":"https:\/\/orthodoxblessings.com\/sv\/wp-json\/wp\/v2\/media?parent=9058"}],"wp:term":[{"taxonomy":"product_brand","embeddable":true,"href":"https:\/\/orthodoxblessings.com\/sv\/wp-json\/wp\/v2\/product_brand?post=9058"},{"taxonomy":"product_cat","embeddable":true,"href":"https:\/\/orthodoxblessings.com\/sv\/wp-json\/wp\/v2\/product_cat?post=9058"},{"taxonomy":"product_tag","embeddable":true,"href":"https:\/\/orthodoxblessings.com\/sv\/wp-json\/wp\/v2\/product_tag?post=9058"}],"curies":[{"name":"wp","href":"https:\/\/api.w.org\/{rel}","templated":true}]}}