{"id":9040,"date":"2026-01-29T10:54:23","date_gmt":"2026-01-29T10:54:23","guid":{"rendered":"https:\/\/orthodoxblessings.com\/?post_type=product&#038;p=9040"},"modified":"2026-01-31T10:39:51","modified_gmt":"2026-01-31T10:39:51","slug":"lindhonung","status":"publish","type":"product","link":"https:\/\/orthodoxblessings.com\/sv\/shop\/lindhonung\/","title":{"rendered":"Lindhonung"},"content":{"rendered":"<p data-start=\"1464\" data-end=\"1724\"><strong data-start=\"1464\" data-end=\"1478\">Lindhonung<\/strong> \u00e4r en mycket uppskattad naturlig honung, k\u00e4nd f\u00f6r sin gyllengula f\u00e4rg, intensiva blommiga doft och milt uppfriskande, aromatiska smak. Den framst\u00e4lls av nektar fr\u00e5n lindblommor och \u00e4r s\u00e4rskilt omtyckt f\u00f6r sina lugnande och h\u00e4lsosamma egenskaper.<\/p>\n<p data-start=\"1726\" data-end=\"1994\">Den rekommenderas ofta f\u00f6r avslappning, b\u00e4ttre s\u00f6mn samt vid f\u00f6rkylning och hosta, tack vare sina naturligt antiseptiska och lindrande effekter. Lindhonung \u00e4r rik p\u00e5 naturliga sockerarter, enzymer och antioxidanter som st\u00e4rker immunf\u00f6rsvaret och fr\u00e4mjar v\u00e4lbefinnande.<\/p>\n<p data-start=\"1996\" data-end=\"2131\">Perfekt f\u00f6r daglig anv\u00e4ndning \u2013 i te, varma drycker, som naturligt s\u00f6tningsmedel eller helt enkelt en sked ren honung f\u00f6re s\u00e4ngg\u00e5endet.<\/p>\n","protected":false},"excerpt":{"rendered":"<p>Lindhonung \u00e4r en mycket uppskattad naturlig honung, k\u00e4nd f\u00f6r sin gyllengula f\u00e4rg, intensiva blommiga doft och milt uppfriskande, aromatiska smak. Den framst\u00e4lls av nektar fr\u00e5n lindblommor och \u00e4r s\u00e4rskilt omtyckt f\u00f6r sina lugnande och h\u00e4lsosamma egenskaper. Den rekommenderas ofta f\u00f6r avslappning, b\u00e4ttre s\u00f6mn samt vid f\u00f6rkylning och hosta, tack vare sina naturligt antiseptiska och lindrande [&hellip;]<\/p>\n","protected":false},"featured_media":9280,"template":"","meta":{"give_campaign_id":0},"product_brand":[],"product_cat":[676],"product_tag":[],"class_list":{"0":"post-9040","1":"product","2":"type-product","3":"status-publish","4":"has-post-thumbnail","6":"product_cat-honung","8":"first","9":"instock","10":"purchasable","11":"product-type-variable","12":"rtwpvg-product"},"_links":{"self":[{"href":"https:\/\/orthodoxblessings.com\/sv\/wp-json\/wp\/v2\/product\/9040","targetHints":{"allow":["GET"]}}],"collection":[{"href":"https:\/\/orthodoxblessings.com\/sv\/wp-json\/wp\/v2\/product"}],"about":[{"href":"https:\/\/orthodoxblessings.com\/sv\/wp-json\/wp\/v2\/types\/product"}],"wp:featuredmedia":[{"embeddable":true,"href":"https:\/\/orthodoxblessings.com\/sv\/wp-json\/wp\/v2\/media\/9280"}],"wp:attachment":[{"href":"https:\/\/orthodoxblessings.com\/sv\/wp-json\/wp\/v2\/media?parent=9040"}],"wp:term":[{"taxonomy":"product_brand","embeddable":true,"href":"https:\/\/orthodoxblessings.com\/sv\/wp-json\/wp\/v2\/product_brand?post=9040"},{"taxonomy":"product_cat","embeddable":true,"href":"https:\/\/orthodoxblessings.com\/sv\/wp-json\/wp\/v2\/product_cat?post=9040"},{"taxonomy":"product_tag","embeddable":true,"href":"https:\/\/orthodoxblessings.com\/sv\/wp-json\/wp\/v2\/product_tag?post=9040"}],"curies":[{"name":"wp","href":"https:\/\/api.w.org\/{rel}","templated":true}]}}