{"id":9022,"date":"2026-01-29T10:46:13","date_gmt":"2026-01-29T10:46:13","guid":{"rendered":"https:\/\/orthodoxblessings.com\/?post_type=product&#038;p=9022"},"modified":"2026-01-31T10:07:50","modified_gmt":"2026-01-31T10:07:50","slug":"kastanjehonung","status":"publish","type":"product","link":"https:\/\/orthodoxblessings.com\/sv\/shop\/kastanjehonung\/","title":{"rendered":"Kastanjehonung"},"content":{"rendered":"<p class=\"my-2 [&amp;+p]:mt-4 [&amp;_strong:has(+br)]:inline-block [&amp;_strong:has(+br)]:pb-2\">Uppt\u00e4ck den distinkta karakt\u00e4ren hos ren kastanjhonung, skapad av bin fr\u00e5n kastanjetr\u00e4dens blommor. Denna m\u00f6rkt b\u00e4rnstensf\u00e4rgade honung har en komplex smakprofil som b\u00f6rjar med mild s\u00f6tma och \u00f6verg\u00e5r till en karakteristisk beskt-s\u00f6t eftersmak med tr\u00e4iga, aromatiska toner. Till skillnad fr\u00e5n ljusare honungssorter erbjuder kastanjhonung en robust, skogslik smak som f\u00f6redras av dem som gillar mindre sockrade varianter.<\/p>\n<p class=\"my-2 [&amp;+p]:mt-4 [&amp;_strong:has(+br)]:inline-block [&amp;_strong:has(+br)]:pb-2\">Rik p\u00e5 antioxidanter, mineraler (j\u00e4rn, kalium, magnesium) och tanniner, ger denna honung \u00f6verl\u00e4gsna antiinflammatoriska och antibakteriella egenskaper j\u00e4mf\u00f6rt med ljusare honungssorter. Den st\u00f6djer cirkulationen, matsm\u00e4ltningsh\u00e4lsan och immunf\u00f6rsvaret samtidigt som den motst\u00e5r kristallisering i 1-2 \u00e5r. Perfekt till ostar, i \u00f6rtte, eller njuten direkt fr\u00e5n burken f\u00f6r dess naturliga h\u00e4lsof\u00f6rdelar.<\/p>\n","protected":false},"excerpt":{"rendered":"<p>Uppt\u00e4ck den distinkta karakt\u00e4ren hos ren kastanjhonung, skapad av bin fr\u00e5n kastanjetr\u00e4dens blommor. Denna m\u00f6rkt b\u00e4rnstensf\u00e4rgade honung har en komplex smakprofil som b\u00f6rjar med mild s\u00f6tma och \u00f6verg\u00e5r till en karakteristisk beskt-s\u00f6t eftersmak med tr\u00e4iga, aromatiska toner. Till skillnad fr\u00e5n ljusare honungssorter erbjuder kastanjhonung en robust, skogslik smak som f\u00f6redras av dem som gillar mindre [&hellip;]<\/p>\n","protected":false},"featured_media":9277,"template":"","meta":{"give_campaign_id":0},"product_brand":[],"product_cat":[676],"product_tag":[],"class_list":{"0":"post-9022","1":"product","2":"type-product","3":"status-publish","4":"has-post-thumbnail","6":"product_cat-honung","8":"first","9":"instock","10":"purchasable","11":"product-type-variable","12":"rtwpvg-product"},"_links":{"self":[{"href":"https:\/\/orthodoxblessings.com\/sv\/wp-json\/wp\/v2\/product\/9022","targetHints":{"allow":["GET"]}}],"collection":[{"href":"https:\/\/orthodoxblessings.com\/sv\/wp-json\/wp\/v2\/product"}],"about":[{"href":"https:\/\/orthodoxblessings.com\/sv\/wp-json\/wp\/v2\/types\/product"}],"wp:featuredmedia":[{"embeddable":true,"href":"https:\/\/orthodoxblessings.com\/sv\/wp-json\/wp\/v2\/media\/9277"}],"wp:attachment":[{"href":"https:\/\/orthodoxblessings.com\/sv\/wp-json\/wp\/v2\/media?parent=9022"}],"wp:term":[{"taxonomy":"product_brand","embeddable":true,"href":"https:\/\/orthodoxblessings.com\/sv\/wp-json\/wp\/v2\/product_brand?post=9022"},{"taxonomy":"product_cat","embeddable":true,"href":"https:\/\/orthodoxblessings.com\/sv\/wp-json\/wp\/v2\/product_cat?post=9022"},{"taxonomy":"product_tag","embeddable":true,"href":"https:\/\/orthodoxblessings.com\/sv\/wp-json\/wp\/v2\/product_tag?post=9022"}],"curies":[{"name":"wp","href":"https:\/\/api.w.org\/{rel}","templated":true}]}}