{"id":9004,"date":"2026-01-29T10:37:40","date_gmt":"2026-01-29T10:37:40","guid":{"rendered":"https:\/\/orthodoxblessings.com\/?post_type=product&#038;p=9004"},"modified":"2026-01-30T10:22:18","modified_gmt":"2026-01-30T10:22:18","slug":"skogshonung","status":"publish","type":"product","link":"https:\/\/orthodoxblessings.com\/sv\/shop\/skogshonung\/","title":{"rendered":"Skogshonung"},"content":{"rendered":"<p data-start=\"1508\" data-end=\"1752\"><strong data-start=\"1508\" data-end=\"1523\">Skogshonung<\/strong> \u00e4r en kraftfull och aromatisk naturlig honung, framst\u00e4lld av nektar och honungsdagg fr\u00e5n skogens v\u00e4xter och tr\u00e4d. Den k\u00e4nnetecknas av sin m\u00f6rka f\u00e4rg, fylliga konsistens och djupa, intensiva smak som speglar skogens or\u00f6rda natur.<\/p>\n<p data-start=\"1754\" data-end=\"1997\">Skogshonung \u00e4r s\u00e4rskilt rik p\u00e5 mineraler, enzymer och antioxidanter och anv\u00e4nds traditionellt f\u00f6r att st\u00e4rka immunf\u00f6rsvaret, \u00f6ka energin och st\u00f6dja kroppens \u00e5terh\u00e4mtning. Den r\u00e4knas som en av de mest n\u00e4ringsrika och v\u00e4rdefulla honungssorterna.<\/p>\n<p data-start=\"1999\" data-end=\"2137\">Perfekt f\u00f6r dig som uppskattar tydliga smaker \u2013 i te, som kosttillskott eller helt enkelt en sked ren honung f\u00f6r styrka och v\u00e4lbefinnande.<\/p>\n","protected":false},"excerpt":{"rendered":"<p>Skogshonung \u00e4r en kraftfull och aromatisk naturlig honung, framst\u00e4lld av nektar och honungsdagg fr\u00e5n skogens v\u00e4xter och tr\u00e4d. Den k\u00e4nnetecknas av sin m\u00f6rka f\u00e4rg, fylliga konsistens och djupa, intensiva smak som speglar skogens or\u00f6rda natur. Skogshonung \u00e4r s\u00e4rskilt rik p\u00e5 mineraler, enzymer och antioxidanter och anv\u00e4nds traditionellt f\u00f6r att st\u00e4rka immunf\u00f6rsvaret, \u00f6ka energin och st\u00f6dja [&hellip;]<\/p>\n","protected":false},"featured_media":9271,"template":"","meta":{"give_campaign_id":0},"product_brand":[],"product_cat":[676],"product_tag":[],"class_list":{"0":"post-9004","1":"product","2":"type-product","3":"status-publish","4":"has-post-thumbnail","6":"product_cat-honung","8":"first","9":"instock","10":"purchasable","11":"product-type-variable","12":"rtwpvg-product"},"_links":{"self":[{"href":"https:\/\/orthodoxblessings.com\/sv\/wp-json\/wp\/v2\/product\/9004","targetHints":{"allow":["GET"]}}],"collection":[{"href":"https:\/\/orthodoxblessings.com\/sv\/wp-json\/wp\/v2\/product"}],"about":[{"href":"https:\/\/orthodoxblessings.com\/sv\/wp-json\/wp\/v2\/types\/product"}],"wp:featuredmedia":[{"embeddable":true,"href":"https:\/\/orthodoxblessings.com\/sv\/wp-json\/wp\/v2\/media\/9271"}],"wp:attachment":[{"href":"https:\/\/orthodoxblessings.com\/sv\/wp-json\/wp\/v2\/media?parent=9004"}],"wp:term":[{"taxonomy":"product_brand","embeddable":true,"href":"https:\/\/orthodoxblessings.com\/sv\/wp-json\/wp\/v2\/product_brand?post=9004"},{"taxonomy":"product_cat","embeddable":true,"href":"https:\/\/orthodoxblessings.com\/sv\/wp-json\/wp\/v2\/product_cat?post=9004"},{"taxonomy":"product_tag","embeddable":true,"href":"https:\/\/orthodoxblessings.com\/sv\/wp-json\/wp\/v2\/product_tag?post=9004"}],"curies":[{"name":"wp","href":"https:\/\/api.w.org\/{rel}","templated":true}]}}