{"id":8986,"date":"2026-01-29T10:32:51","date_gmt":"2026-01-29T10:32:51","guid":{"rendered":"https:\/\/orthodoxblessings.com\/?post_type=product&#038;p=8986"},"modified":"2026-01-30T10:14:58","modified_gmt":"2026-01-30T10:14:58","slug":"angshonung","status":"publish","type":"product","link":"https:\/\/orthodoxblessings.com\/sv\/shop\/angshonung\/","title":{"rendered":"\u00c4ngshonung"},"content":{"rendered":"<p data-start=\"1518\" data-end=\"1769\"><strong data-start=\"1518\" data-end=\"1532\">\u00c4ngshonung<\/strong> \u00e4r en naturlig honung med fyllig och rik smak, framst\u00e4lld av nektar fr\u00e5n ett stort utbud av vilda \u00e4ngsblommor. Dess m\u00f6rkare f\u00e4rg och intensiva arom speglar m\u00e5ngfalden av v\u00e4xter som ger honungen dess karakt\u00e4ristiska och balanserade smak.<\/p>\n<p data-start=\"1771\" data-end=\"2061\">Tack vare sitt h\u00f6ga inneh\u00e5ll av naturliga enzymer, mineraler och antioxidanter bidrar \u00e4ngshonung till att st\u00e4rka immunf\u00f6rsvaret, \u00f6ka energin och fr\u00e4mja allm\u00e4n vitalitet. Den r\u00e4knas som en av de mest n\u00e4ringsrika honungssorterna eftersom den kombinerar egenskaper fr\u00e5n m\u00e5nga olika blomk\u00e4llor.<\/p>\n<p data-start=\"2063\" data-end=\"2202\">Perfekt f\u00f6r daglig anv\u00e4ndning \u2013 i te, till frukost, i desserter eller helt enkelt en sked ren honung f\u00f6r naturlig energi och v\u00e4lbefinnande.<\/p>\n","protected":false},"excerpt":{"rendered":"<p>\u00c4ngshonung \u00e4r en naturlig honung med fyllig och rik smak, framst\u00e4lld av nektar fr\u00e5n ett stort utbud av vilda \u00e4ngsblommor. Dess m\u00f6rkare f\u00e4rg och intensiva arom speglar m\u00e5ngfalden av v\u00e4xter som ger honungen dess karakt\u00e4ristiska och balanserade smak. Tack vare sitt h\u00f6ga inneh\u00e5ll av naturliga enzymer, mineraler och antioxidanter bidrar \u00e4ngshonung till att st\u00e4rka immunf\u00f6rsvaret, [&hellip;]<\/p>\n","protected":false},"featured_media":9268,"template":"","meta":{"give_campaign_id":0},"product_brand":[],"product_cat":[676],"product_tag":[],"class_list":{"0":"post-8986","1":"product","2":"type-product","3":"status-publish","4":"has-post-thumbnail","6":"product_cat-honung","8":"first","9":"instock","10":"purchasable","11":"product-type-variable","12":"rtwpvg-product"},"_links":{"self":[{"href":"https:\/\/orthodoxblessings.com\/sv\/wp-json\/wp\/v2\/product\/8986","targetHints":{"allow":["GET"]}}],"collection":[{"href":"https:\/\/orthodoxblessings.com\/sv\/wp-json\/wp\/v2\/product"}],"about":[{"href":"https:\/\/orthodoxblessings.com\/sv\/wp-json\/wp\/v2\/types\/product"}],"wp:featuredmedia":[{"embeddable":true,"href":"https:\/\/orthodoxblessings.com\/sv\/wp-json\/wp\/v2\/media\/9268"}],"wp:attachment":[{"href":"https:\/\/orthodoxblessings.com\/sv\/wp-json\/wp\/v2\/media?parent=8986"}],"wp:term":[{"taxonomy":"product_brand","embeddable":true,"href":"https:\/\/orthodoxblessings.com\/sv\/wp-json\/wp\/v2\/product_brand?post=8986"},{"taxonomy":"product_cat","embeddable":true,"href":"https:\/\/orthodoxblessings.com\/sv\/wp-json\/wp\/v2\/product_cat?post=8986"},{"taxonomy":"product_tag","embeddable":true,"href":"https:\/\/orthodoxblessings.com\/sv\/wp-json\/wp\/v2\/product_tag?post=8986"}],"curies":[{"name":"wp","href":"https:\/\/api.w.org\/{rel}","templated":true}]}}