{"id":8685,"date":"2026-01-28T14:48:03","date_gmt":"2026-01-28T14:48:03","guid":{"rendered":"https:\/\/orthodoxblessings.com\/?post_type=product&#038;p=8685"},"modified":"2026-01-30T10:03:31","modified_gmt":"2026-01-30T10:03:31","slug":"akaciahonung","status":"publish","type":"product","link":"https:\/\/orthodoxblessings.com\/sv\/shop\/akaciahonung\/","title":{"rendered":"Akaciahonung"},"content":{"rendered":"<p data-start=\"64\" data-end=\"356\"><strong data-start=\"64\" data-end=\"80\">Akaciahonung<\/strong> \u00e4r en av de mest uppskattade och renaste typerna av honung, k\u00e4nd f\u00f6r sin ljusa f\u00e4rg, milda doft och lena, behagliga smak. Den utvinns fr\u00e5n nektarn av akaciablommor och k\u00e4nnetecknas av l\u00e5ngsam kristallisering, vilket g\u00f6r att den f\u00f6rblir flytande och l\u00e4ttanv\u00e4nd under l\u00e5ng tid.<\/p>\n<p data-start=\"358\" data-end=\"658\">Tack vare sitt h\u00f6ga inneh\u00e5ll av naturliga sockerarter, enzymer och antioxidanter \u00e4r akaciahonung en utm\u00e4rkt hj\u00e4lp f\u00f6r att st\u00e4rka immunf\u00f6rsvaret, lugna kroppen och f\u00f6rb\u00e4ttra matsm\u00e4ltningen. Den rekommenderas s\u00e4rskilt f\u00f6r personer med k\u00e4nslig mage, barn och alla som f\u00f6redrar milda och diskreta smaker.<\/p>\n<p data-start=\"660\" data-end=\"807\">Den \u00e4r idealisk f\u00f6r daglig anv\u00e4ndning \u2013 i te, kaffe, som naturligt s\u00f6tningsmedel eller helt enkelt en sked ren honung f\u00f6r energi och v\u00e4lbefinnande.<\/p>\n","protected":false},"excerpt":{"rendered":"<p>Akaciahonung \u00e4r en av de mest uppskattade och renaste typerna av honung, k\u00e4nd f\u00f6r sin ljusa f\u00e4rg, milda doft och lena, behagliga smak. Den utvinns fr\u00e5n nektarn av akaciablommor och k\u00e4nnetecknas av l\u00e5ngsam kristallisering, vilket g\u00f6r att den f\u00f6rblir flytande och l\u00e4ttanv\u00e4nd under l\u00e5ng tid. Tack vare sitt h\u00f6ga inneh\u00e5ll av naturliga sockerarter, enzymer och [&hellip;]<\/p>\n","protected":false},"featured_media":9265,"template":"","meta":{"give_campaign_id":0},"product_brand":[],"product_cat":[676],"product_tag":[],"class_list":{"0":"post-8685","1":"product","2":"type-product","3":"status-publish","4":"has-post-thumbnail","6":"product_cat-honung","8":"first","9":"instock","10":"purchasable","11":"product-type-variable","12":"rtwpvg-product"},"_links":{"self":[{"href":"https:\/\/orthodoxblessings.com\/sv\/wp-json\/wp\/v2\/product\/8685","targetHints":{"allow":["GET"]}}],"collection":[{"href":"https:\/\/orthodoxblessings.com\/sv\/wp-json\/wp\/v2\/product"}],"about":[{"href":"https:\/\/orthodoxblessings.com\/sv\/wp-json\/wp\/v2\/types\/product"}],"wp:featuredmedia":[{"embeddable":true,"href":"https:\/\/orthodoxblessings.com\/sv\/wp-json\/wp\/v2\/media\/9265"}],"wp:attachment":[{"href":"https:\/\/orthodoxblessings.com\/sv\/wp-json\/wp\/v2\/media?parent=8685"}],"wp:term":[{"taxonomy":"product_brand","embeddable":true,"href":"https:\/\/orthodoxblessings.com\/sv\/wp-json\/wp\/v2\/product_brand?post=8685"},{"taxonomy":"product_cat","embeddable":true,"href":"https:\/\/orthodoxblessings.com\/sv\/wp-json\/wp\/v2\/product_cat?post=8685"},{"taxonomy":"product_tag","embeddable":true,"href":"https:\/\/orthodoxblessings.com\/sv\/wp-json\/wp\/v2\/product_tag?post=8685"}],"curies":[{"name":"wp","href":"https:\/\/api.w.org\/{rel}","templated":true}]}}