{"id":8397,"date":"2025-12-31T13:46:06","date_gmt":"2025-12-31T13:46:06","guid":{"rendered":"https:\/\/orthodoxblessings.com\/?post_type=product&#038;p=8397"},"modified":"2025-12-31T13:55:37","modified_gmt":"2025-12-31T13:55:37","slug":"ikon-for-paskfredag-i-glaserad-ram","status":"publish","type":"product","link":"https:\/\/orthodoxblessings.com\/sv\/shop\/ikon-for-paskfredag-i-glaserad-ram\/","title":{"rendered":"Ikon f\u00f6r p\u00e5skfredag \u200b\u200bi glaserad ram"},"content":{"rendered":"<p>Ortodox ikon av den heliga Petka med ett kors i handen, mot en strukturerad gyllene bakgrund i en dekorativ guldf\u00e4rgad ram, l\u00e4mplig f\u00f6r hemaltare eller som en s\u00e4rskild g\u00e5va.<\/p>\n","protected":false},"excerpt":{"rendered":"<p>Ortodox ikon av den heliga Petka med ett kors i handen, mot en strukturerad gyllene bakgrund i en dekorativ guldf\u00e4rgad ram, l\u00e4mplig f\u00f6r hemaltare eller som en s\u00e4rskild g\u00e5va.<\/p>\n","protected":false},"featured_media":9539,"template":"","meta":{"give_campaign_id":0},"product_brand":[],"product_cat":[521],"product_tag":[],"class_list":{"0":"post-8397","1":"product","2":"type-product","3":"status-publish","4":"has-post-thumbnail","6":"product_cat-ikoner-i-glasramar","8":"first","9":"instock","10":"purchasable","11":"product-type-simple"},"_links":{"self":[{"href":"https:\/\/orthodoxblessings.com\/sv\/wp-json\/wp\/v2\/product\/8397","targetHints":{"allow":["GET"]}}],"collection":[{"href":"https:\/\/orthodoxblessings.com\/sv\/wp-json\/wp\/v2\/product"}],"about":[{"href":"https:\/\/orthodoxblessings.com\/sv\/wp-json\/wp\/v2\/types\/product"}],"wp:featuredmedia":[{"embeddable":true,"href":"https:\/\/orthodoxblessings.com\/sv\/wp-json\/wp\/v2\/media\/9539"}],"wp:attachment":[{"href":"https:\/\/orthodoxblessings.com\/sv\/wp-json\/wp\/v2\/media?parent=8397"}],"wp:term":[{"taxonomy":"product_brand","embeddable":true,"href":"https:\/\/orthodoxblessings.com\/sv\/wp-json\/wp\/v2\/product_brand?post=8397"},{"taxonomy":"product_cat","embeddable":true,"href":"https:\/\/orthodoxblessings.com\/sv\/wp-json\/wp\/v2\/product_cat?post=8397"},{"taxonomy":"product_tag","embeddable":true,"href":"https:\/\/orthodoxblessings.com\/sv\/wp-json\/wp\/v2\/product_tag?post=8397"}],"curies":[{"name":"wp","href":"https:\/\/api.w.org\/{rel}","templated":true}]}}