{"id":8271,"date":"2025-12-24T11:41:05","date_gmt":"2025-12-24T11:41:05","guid":{"rendered":"https:\/\/orthodoxblessings.com\/?post_type=product&#038;p=8271"},"modified":"2026-01-13T10:58:11","modified_gmt":"2026-01-13T10:58:11","slug":"slava-set-mindre","status":"publish","type":"product","link":"https:\/\/orthodoxblessings.com\/sv\/shop\/slava-set-mindre\/","title":{"rendered":"Slava-set &#8211; mindre"},"content":{"rendered":"<p>Slava-setet \u00e4r en handgjord keramisk ensemble som inneh\u00e5ller alla n\u00f6dv\u00e4ndiga f\u00f6rem\u00e5l f\u00f6r att fira Slava \u2013 familjens skyddshelgons fest bland serbiska ortodoxa kristna. Setet best\u00e5r av fyra huvuddelar som visas p\u00e5 bilderna: ett <strong>r\u00f6kelsekar<\/strong> med ett lock toppat med ett kors f\u00f6r att br\u00e4nna r\u00f6kelse under Slava-b\u00f6ner, en <strong>kalk\/b\u00e4gare<\/strong> p\u00e5 ett st\u00e4ll f\u00f6r Slava-vin, en <strong>sk\u00e5l<\/strong> f\u00f6r \u017eito (kokt vetekorn blandat med socker och n\u00f6tter), och en <strong>ljusstake<\/strong> f\u00f6r Slava-ljuset. Alla delar \u00e4r gjorda av keramik i en varm beige\/karamellf\u00e4rg med en glaserad yta som ger ett gl\u00e4nsande, glasaktigt utseende.<\/p>\n","protected":false},"excerpt":{"rendered":"<p>Slava-setet \u00e4r en handgjord keramisk ensemble som inneh\u00e5ller alla n\u00f6dv\u00e4ndiga f\u00f6rem\u00e5l f\u00f6r att fira Slava \u2013 familjens skyddshelgons fest bland serbiska ortodoxa kristna. Setet best\u00e5r av fyra huvuddelar som visas p\u00e5 bilderna: ett r\u00f6kelsekar med ett lock toppat med ett kors f\u00f6r att br\u00e4nna r\u00f6kelse under Slava-b\u00f6ner, en kalk\/b\u00e4gare p\u00e5 ett st\u00e4ll f\u00f6r Slava-vin, en [&hellip;]<\/p>\n","protected":false},"featured_media":8587,"template":"","meta":{"give_campaign_id":0},"product_brand":[],"product_cat":[556],"product_tag":[],"class_list":{"0":"post-8271","1":"product","2":"type-product","3":"status-publish","4":"has-post-thumbnail","6":"product_cat-firande-set","8":"first","9":"instock","10":"purchasable","11":"product-type-simple"},"_links":{"self":[{"href":"https:\/\/orthodoxblessings.com\/sv\/wp-json\/wp\/v2\/product\/8271","targetHints":{"allow":["GET"]}}],"collection":[{"href":"https:\/\/orthodoxblessings.com\/sv\/wp-json\/wp\/v2\/product"}],"about":[{"href":"https:\/\/orthodoxblessings.com\/sv\/wp-json\/wp\/v2\/types\/product"}],"wp:featuredmedia":[{"embeddable":true,"href":"https:\/\/orthodoxblessings.com\/sv\/wp-json\/wp\/v2\/media\/8587"}],"wp:attachment":[{"href":"https:\/\/orthodoxblessings.com\/sv\/wp-json\/wp\/v2\/media?parent=8271"}],"wp:term":[{"taxonomy":"product_brand","embeddable":true,"href":"https:\/\/orthodoxblessings.com\/sv\/wp-json\/wp\/v2\/product_brand?post=8271"},{"taxonomy":"product_cat","embeddable":true,"href":"https:\/\/orthodoxblessings.com\/sv\/wp-json\/wp\/v2\/product_cat?post=8271"},{"taxonomy":"product_tag","embeddable":true,"href":"https:\/\/orthodoxblessings.com\/sv\/wp-json\/wp\/v2\/product_tag?post=8271"}],"curies":[{"name":"wp","href":"https:\/\/api.w.org\/{rel}","templated":true}]}}