{"id":8268,"date":"2025-12-24T11:38:12","date_gmt":"2025-12-24T11:38:12","guid":{"rendered":"https:\/\/orthodoxblessings.com\/?post_type=product&#038;p=8268"},"modified":"2026-01-13T13:08:58","modified_gmt":"2026-01-13T13:08:58","slug":"slava-set-storre","status":"publish","type":"product","link":"https:\/\/orthodoxblessings.com\/sv\/shop\/slava-set-storre\/","title":{"rendered":"Slava-set &#8211; st\u00f6rre"},"content":{"rendered":"<p>Detta \u00e4r en <strong>Slava keramisk upps\u00e4ttning med t\u00e5rtfat<\/strong> \u2013 en komplett handgjord keramisk upps\u00e4ttning f\u00f6r att fira familjens skyddshelgons h\u00f6gtidsdag, inneh\u00e5llande ett t\u00e5rtfat (f\u00f6r Slavski kola\u010d), \u017eito-sk\u00e5l, vinkalk, r\u00f6kelsek\u00e5l och ljusstake, alla dekorerade med gyllene ortodoxa kors.<span class=\"inline-flex\" data-state=\"closed\">\u200b<\/span><\/p>\n<p class=\"my-2 [&amp;+p]:mt-4 [&amp;_strong:has(+br)]:inline-block [&amp;_strong:has(+br)]:pb-2\"><span class=\"inline-flex\" data-state=\"closed\">\u200b<\/span>Slava-setet \u00e4r en komplett samling keramiska liturgiska f\u00f6rem\u00e5l specialdesignade f\u00f6r att fira Slava \u2013 den viktigaste serbiska ortodoxa familj\u0435traditionen. Setet som visas p\u00e5 bilderna best\u00e5r av fem nyckeldelar: ett <strong>t\u00e5rtfat<\/strong> med en piedestal dekorerad med ett gyllene kors, en <strong>\u017eito-sk\u00e5l<\/strong> (f\u00f6r kokt vetekorn), en <strong>vinkalk<\/strong> p\u00e5 ett stativ, ett <strong>r\u00f6kelsek\u00e5r<\/strong> med lock f\u00f6r r\u00f6kelse, och en <strong>ljusstake<\/strong> f\u00f6r Slava-ljuset.<\/p>\n<p><span class=\"inline-flex\" data-state=\"closed\">\u200b<\/span><strong>T\u00e5rtfatet<\/strong> \u00e4r mittpunkten \u2013 ett elegant keramiskt serveringsfat med en h\u00f6g piedestal som h\u00e5ller en v\u00e5gig, dekorativ tallrik f\u00f6r Slavski kola\u010d. Piedestalen har ett gyllene kors applicerat p\u00e5 den centrala delen, som symboliserar den religi\u00f6sa karakt\u00e4ren av firandet. <strong>\u017dito-sk\u00e5len<\/strong> \u00e4r en bred, grund sk\u00e5l med ett gyllene kors p\u00e5 utsidan, idealisk f\u00f6r att h\u00e5lla Slavski \u017eito som symboliserar uppst\u00e5ndelsen och evigt liv. <strong>Vinkalken<\/strong> (b\u00e4garen) har en elegant kalkform med ett gyllene kors, anv\u00e4nds f\u00f6r Slavski r\u00f6tt vin. <strong>R\u00f6kelsekaret<\/strong> har ett kupol lock med ett kors p\u00e5 toppen och h\u00e5l genom vilka r\u00f6kelse r\u00f6k kommer ut. <strong>Ljusstaken<\/strong> \u00e4r en cylindrisk h\u00e5llare f\u00f6r Slava-ljuset som brinner under b\u00f6ner och firandet.<\/p>\n<p><span class=\"inline-flex\" data-state=\"closed\">\u200b<\/span>Alla delar \u00e4r gjorda av keramik i en varm beige\/karamellf\u00e4rg med en glaserad, gl\u00e4nsande yta och dekorerad med gyllene ortodoxa kors. Detta set \u00e4r en idealisk g\u00e5va f\u00f6r br\u00f6llop, dop eller nya hem d\u00e4r Slava firas.<\/p>\n","protected":false},"excerpt":{"rendered":"<p>Detta \u00e4r en Slava keramisk upps\u00e4ttning med t\u00e5rtfat \u2013 en komplett handgjord keramisk upps\u00e4ttning f\u00f6r att fira familjens skyddshelgons h\u00f6gtidsdag, inneh\u00e5llande ett t\u00e5rtfat (f\u00f6r Slavski kola\u010d), \u017eito-sk\u00e5l, vinkalk, r\u00f6kelsek\u00e5l och ljusstake, alla dekorerade med gyllene ortodoxa kors.\u200b \u200bSlava-setet \u00e4r en komplett samling keramiska liturgiska f\u00f6rem\u00e5l specialdesignade f\u00f6r att fira Slava \u2013 den viktigaste serbiska ortodoxa [&hellip;]<\/p>\n","protected":false},"featured_media":8602,"template":"","meta":{"give_campaign_id":0},"product_brand":[],"product_cat":[556],"product_tag":[],"class_list":{"0":"post-8268","1":"product","2":"type-product","3":"status-publish","4":"has-post-thumbnail","6":"product_cat-firande-set","8":"first","9":"instock","10":"purchasable","11":"product-type-simple"},"_links":{"self":[{"href":"https:\/\/orthodoxblessings.com\/sv\/wp-json\/wp\/v2\/product\/8268","targetHints":{"allow":["GET"]}}],"collection":[{"href":"https:\/\/orthodoxblessings.com\/sv\/wp-json\/wp\/v2\/product"}],"about":[{"href":"https:\/\/orthodoxblessings.com\/sv\/wp-json\/wp\/v2\/types\/product"}],"wp:featuredmedia":[{"embeddable":true,"href":"https:\/\/orthodoxblessings.com\/sv\/wp-json\/wp\/v2\/media\/8602"}],"wp:attachment":[{"href":"https:\/\/orthodoxblessings.com\/sv\/wp-json\/wp\/v2\/media?parent=8268"}],"wp:term":[{"taxonomy":"product_brand","embeddable":true,"href":"https:\/\/orthodoxblessings.com\/sv\/wp-json\/wp\/v2\/product_brand?post=8268"},{"taxonomy":"product_cat","embeddable":true,"href":"https:\/\/orthodoxblessings.com\/sv\/wp-json\/wp\/v2\/product_cat?post=8268"},{"taxonomy":"product_tag","embeddable":true,"href":"https:\/\/orthodoxblessings.com\/sv\/wp-json\/wp\/v2\/product_tag?post=8268"}],"curies":[{"name":"wp","href":"https:\/\/api.w.org\/{rel}","templated":true}]}}