{"id":8265,"date":"2025-12-24T11:34:45","date_gmt":"2025-12-24T11:34:45","guid":{"rendered":"https:\/\/orthodoxblessings.com\/?post_type=product&#038;p=8265"},"modified":"2026-01-13T13:22:41","modified_gmt":"2026-01-13T13:22:41","slug":"tradarmband-kors","status":"publish","type":"product","link":"https:\/\/orthodoxblessings.com\/sv\/shop\/tradarmband-kors\/","title":{"rendered":"Tr\u00e5darmband &#8211; kors"},"content":{"rendered":"<p>Dessa armband \u00e4r enkla och eleganta ortodoxa religi\u00f6sa armband handgjorda med ett tr\u00e4kors som centralt motiv. Varje armband har ett <strong>litet tr\u00e4kors<\/strong> i fyrkl\u00f6verform (quatrefoil) med ett gyllene eller ljust centralt kors snidad p\u00e5 m\u00f6rk tr\u00e4bas. Korset \u00e4r centrerat och kopplat med en <strong>justerbar vaxad sladd<\/strong> som kan expanderas eller dras \u00e5t med hj\u00e4lp av glidande knutar i \u00e4ndarna, vilket g\u00f6r det anpassningsbart till valfri handledsomkrets.<\/p>\n","protected":false},"excerpt":{"rendered":"<p>Dessa armband \u00e4r enkla och eleganta ortodoxa religi\u00f6sa armband handgjorda med ett tr\u00e4kors som centralt motiv. Varje armband har ett litet tr\u00e4kors i fyrkl\u00f6verform (quatrefoil) med ett gyllene eller ljust centralt kors snidad p\u00e5 m\u00f6rk tr\u00e4bas. Korset \u00e4r centrerat och kopplat med en justerbar vaxad sladd som kan expanderas eller dras \u00e5t med hj\u00e4lp av [&hellip;]<\/p>\n","protected":false},"featured_media":8614,"template":"","meta":{"give_campaign_id":0},"product_brand":[],"product_cat":[538],"product_tag":[],"class_list":{"0":"post-8265","1":"product","2":"type-product","3":"status-publish","4":"has-post-thumbnail","6":"product_cat-eleganta-radband","8":"first","9":"instock","10":"purchasable","11":"product-type-simple"},"_links":{"self":[{"href":"https:\/\/orthodoxblessings.com\/sv\/wp-json\/wp\/v2\/product\/8265","targetHints":{"allow":["GET"]}}],"collection":[{"href":"https:\/\/orthodoxblessings.com\/sv\/wp-json\/wp\/v2\/product"}],"about":[{"href":"https:\/\/orthodoxblessings.com\/sv\/wp-json\/wp\/v2\/types\/product"}],"wp:featuredmedia":[{"embeddable":true,"href":"https:\/\/orthodoxblessings.com\/sv\/wp-json\/wp\/v2\/media\/8614"}],"wp:attachment":[{"href":"https:\/\/orthodoxblessings.com\/sv\/wp-json\/wp\/v2\/media?parent=8265"}],"wp:term":[{"taxonomy":"product_brand","embeddable":true,"href":"https:\/\/orthodoxblessings.com\/sv\/wp-json\/wp\/v2\/product_brand?post=8265"},{"taxonomy":"product_cat","embeddable":true,"href":"https:\/\/orthodoxblessings.com\/sv\/wp-json\/wp\/v2\/product_cat?post=8265"},{"taxonomy":"product_tag","embeddable":true,"href":"https:\/\/orthodoxblessings.com\/sv\/wp-json\/wp\/v2\/product_tag?post=8265"}],"curies":[{"name":"wp","href":"https:\/\/api.w.org\/{rel}","templated":true}]}}