{"id":8253,"date":"2025-12-24T11:20:50","date_gmt":"2025-12-24T11:20:50","guid":{"rendered":"https:\/\/orthodoxblessings.com\/?post_type=product&#038;p=8253"},"modified":"2026-01-20T16:49:16","modified_gmt":"2026-01-20T16:49:16","slug":"korshange","status":"publish","type":"product","link":"https:\/\/orthodoxblessings.com\/sv\/shop\/korshange\/","title":{"rendered":"Korsh\u00e4nge"},"content":{"rendered":"<p>Denna nyckelring representerar det <strong>ortodoxa krucifixet<\/strong> \u2013 ett tr\u00e4kors med en detaljerad bild av Jesus Kristus korsf\u00e4st p\u00e5 korset, den centrala symbolen f\u00f6r kristen tro som representerar Kristi offer f\u00f6r m\u00e4nsklighetens \u00e5terl\u00f6sning. Korset \u00e4r skuret i en <strong>fyrkl\u00f6verform<\/strong> (quatrefoil) med rundade armar i \u00e4ndarna, karakteristiskt f\u00f6r bysantinsk och slavisk ortodox tradition.<\/p>\n<p>Nyckelringen kommer med en <strong>metalldelad ring<\/strong> som m\u00f6jligg\u00f6r f\u00e4stning p\u00e5 nycklar, v\u00e4skor eller som en bilprydnad. Tr\u00e4materialet \u00e4r troligen oliv eller valn\u00f6t, lackerat f\u00f6r h\u00e5llbarhet. G\u00f6r en idealisk g\u00e5va f\u00f6r dop, br\u00f6llop, Slava eller som en personlig p\u00e5minnelse om tro.<\/p>\n","protected":false},"excerpt":{"rendered":"<p>Denna nyckelring representerar det ortodoxa krucifixet \u2013 ett tr\u00e4kors med en detaljerad bild av Jesus Kristus korsf\u00e4st p\u00e5 korset, den centrala symbolen f\u00f6r kristen tro som representerar Kristi offer f\u00f6r m\u00e4nsklighetens \u00e5terl\u00f6sning. Korset \u00e4r skuret i en fyrkl\u00f6verform (quatrefoil) med rundade armar i \u00e4ndarna, karakteristiskt f\u00f6r bysantinsk och slavisk ortodox tradition. Nyckelringen kommer med en [&hellip;]<\/p>\n","protected":false},"featured_media":8629,"template":"","meta":{"give_campaign_id":0},"product_brand":[],"product_cat":[520],"product_tag":[],"class_list":{"0":"post-8253","1":"product","2":"type-product","3":"status-publish","4":"has-post-thumbnail","6":"product_cat-kors-for-en-bil","8":"first","9":"instock","10":"purchasable","11":"product-type-simple"},"_links":{"self":[{"href":"https:\/\/orthodoxblessings.com\/sv\/wp-json\/wp\/v2\/product\/8253","targetHints":{"allow":["GET"]}}],"collection":[{"href":"https:\/\/orthodoxblessings.com\/sv\/wp-json\/wp\/v2\/product"}],"about":[{"href":"https:\/\/orthodoxblessings.com\/sv\/wp-json\/wp\/v2\/types\/product"}],"wp:featuredmedia":[{"embeddable":true,"href":"https:\/\/orthodoxblessings.com\/sv\/wp-json\/wp\/v2\/media\/8629"}],"wp:attachment":[{"href":"https:\/\/orthodoxblessings.com\/sv\/wp-json\/wp\/v2\/media?parent=8253"}],"wp:term":[{"taxonomy":"product_brand","embeddable":true,"href":"https:\/\/orthodoxblessings.com\/sv\/wp-json\/wp\/v2\/product_brand?post=8253"},{"taxonomy":"product_cat","embeddable":true,"href":"https:\/\/orthodoxblessings.com\/sv\/wp-json\/wp\/v2\/product_cat?post=8253"},{"taxonomy":"product_tag","embeddable":true,"href":"https:\/\/orthodoxblessings.com\/sv\/wp-json\/wp\/v2\/product_tag?post=8253"}],"curies":[{"name":"wp","href":"https:\/\/api.w.org\/{rel}","templated":true}]}}