{"id":8220,"date":"2025-12-24T10:26:54","date_gmt":"2025-12-24T10:26:54","guid":{"rendered":"https:\/\/orthodoxblessings.com\/?post_type=product&#038;p=8220"},"modified":"2026-01-21T12:46:33","modified_gmt":"2026-01-21T12:46:33","slug":"diptyk-liten-6x8-plysch-a-36","status":"publish","type":"product","link":"https:\/\/orthodoxblessings.com\/sv\/shop\/diptyk-liten-6x8-plysch-a-36\/","title":{"rendered":"Diptyk liten 6&#215;8 plysch A-36"},"content":{"rendered":"<p>Diptyken representerar ett traditionellt <strong>ortodox\u0442 vikbart ikonset<\/strong> som troende anv\u00e4nder f\u00f6r resor, personliga ikonostaser eller som b\u00f6neobjekt som b\u00e4rs i v\u00e4skor, fickor eller bilar. Detta set best\u00e5r av tv\u00e5 <strong>gulddekorerade ikoner<\/strong> monterade inuti ett plyschfodral som \u00f6ppnas som en bok med ett <strong>gyllene m\u00e4ssingssp\u00e4nne<\/strong>.<\/p>\n<p>Den <strong>v\u00e4nstra sidan av diptyken<\/strong> visar <strong>Vladimir-ikonen av Guds Moder med Kristus<\/strong>, en av de mest k\u00e4nda ortodoxa ikontyperna som visar Guds Moder som \u00f6mt r\u00f6r ansikten med det sp\u00e4dbarn Jesus, med Hans arm runt hennes hals \u2013 k\u00e4nd som <em>Eleusa<\/em> eller &#8221;\u00d6mhetens&#8221; stil som symboliserar moderlig k\u00e4rlek och intimitet mellan Kristus och Theotokos. Den <strong>h\u00f6gra sidan<\/strong> visar <strong>Jesus Kristus Pantokrator<\/strong> (Kristus Allh\u00e4rskaren) som h\u00e5ller evangeliet i sin v\u00e4nstra hand och visar v\u00e4lsignelse med sin h\u00f6gra hand.<\/p>\n<p>Denna typ av diptykikon \u00e4r mycket popul\u00e4r som g\u00e5va f\u00f6r dop, br\u00f6llop, konfirmationer eller som en v\u00e4lsignelse f\u00f6r nya hem. De \u00e4r ocks\u00e5 idealiska f\u00f6r resor eftersom de till\u00e5ter troende att b\u00e4ra heliga bilder med sig och be oavsett var de \u00e4r.<\/p>\n","protected":false},"excerpt":{"rendered":"<p>Diptyken representerar ett traditionellt ortodox\u0442 vikbart ikonset som troende anv\u00e4nder f\u00f6r resor, personliga ikonostaser eller som b\u00f6neobjekt som b\u00e4rs i v\u00e4skor, fickor eller bilar. Detta set best\u00e5r av tv\u00e5 gulddekorerade ikoner monterade inuti ett plyschfodral som \u00f6ppnas som en bok med ett gyllene m\u00e4ssingssp\u00e4nne. Den v\u00e4nstra sidan av diptyken visar Vladimir-ikonen av Guds Moder med [&hellip;]<\/p>\n","protected":false},"featured_media":8642,"template":"","meta":{"give_campaign_id":0},"product_brand":[],"product_cat":[514],"product_tag":[],"class_list":{"0":"post-8220","1":"product","2":"type-product","3":"status-publish","4":"has-post-thumbnail","6":"product_cat-diptyk-av-ikoner","8":"first","9":"outofstock","10":"purchasable","11":"product-type-simple"},"_links":{"self":[{"href":"https:\/\/orthodoxblessings.com\/sv\/wp-json\/wp\/v2\/product\/8220","targetHints":{"allow":["GET"]}}],"collection":[{"href":"https:\/\/orthodoxblessings.com\/sv\/wp-json\/wp\/v2\/product"}],"about":[{"href":"https:\/\/orthodoxblessings.com\/sv\/wp-json\/wp\/v2\/types\/product"}],"wp:featuredmedia":[{"embeddable":true,"href":"https:\/\/orthodoxblessings.com\/sv\/wp-json\/wp\/v2\/media\/8642"}],"wp:attachment":[{"href":"https:\/\/orthodoxblessings.com\/sv\/wp-json\/wp\/v2\/media?parent=8220"}],"wp:term":[{"taxonomy":"product_brand","embeddable":true,"href":"https:\/\/orthodoxblessings.com\/sv\/wp-json\/wp\/v2\/product_brand?post=8220"},{"taxonomy":"product_cat","embeddable":true,"href":"https:\/\/orthodoxblessings.com\/sv\/wp-json\/wp\/v2\/product_cat?post=8220"},{"taxonomy":"product_tag","embeddable":true,"href":"https:\/\/orthodoxblessings.com\/sv\/wp-json\/wp\/v2\/product_tag?post=8220"}],"curies":[{"name":"wp","href":"https:\/\/api.w.org\/{rel}","templated":true}]}}