{"id":8202,"date":"2025-12-23T16:45:20","date_gmt":"2025-12-23T16:45:20","guid":{"rendered":"https:\/\/orthodoxblessings.com\/?post_type=product&#038;p=8202"},"modified":"2026-01-13T10:43:40","modified_gmt":"2026-01-13T10:43:40","slug":"kors-i-harts-med-handtag","status":"publish","type":"product","link":"https:\/\/orthodoxblessings.com\/sv\/shop\/kors-i-harts-med-handtag\/","title":{"rendered":"Kors i harts med handtag"},"content":{"rendered":"<p>V\u00e4lsignelsekorset \u00e4r en v\u00e4sentlig liturgisk f\u00f6rem\u00e5l i den ortodoxa kyrkan som f\u00f6rvaras p\u00e5 det heliga altaret och anv\u00e4nds under gudstj\u00e4nster. Pr\u00e4sten eller biskopen h\u00e5ller det i sin h\u00f6gra hand n\u00e4r han ger den slutliga v\u00e4lsignelsen vid avslutningen av den gudomliga liturgin, och efter liturgin kommer de troende fram f\u00f6r att kyssa korset. Det anv\u00e4nds ocks\u00e5 vid v\u00e4lsignelse av heligt vatten, n\u00e4r pr\u00e4sten doppar korset i vattnet och g\u00f6r korsets tecken tre g\u00e5nger.<\/p>\n","protected":false},"excerpt":{"rendered":"<p>V\u00e4lsignelsekorset \u00e4r en v\u00e4sentlig liturgisk f\u00f6rem\u00e5l i den ortodoxa kyrkan som f\u00f6rvaras p\u00e5 det heliga altaret och anv\u00e4nds under gudstj\u00e4nster. Pr\u00e4sten eller biskopen h\u00e5ller det i sin h\u00f6gra hand n\u00e4r han ger den slutliga v\u00e4lsignelsen vid avslutningen av den gudomliga liturgin, och efter liturgin kommer de troende fram f\u00f6r att kyssa korset. Det anv\u00e4nds ocks\u00e5 [&hellip;]<\/p>\n","protected":false},"featured_media":8569,"template":"","meta":{"give_campaign_id":0},"product_brand":[],"product_cat":[517],"product_tag":[],"class_list":{"0":"post-8202","1":"product","2":"type-product","3":"status-publish","4":"has-post-thumbnail","6":"product_cat-kors-med-handtag","8":"first","9":"instock","10":"purchasable","11":"product-type-variable","12":"rtwpvg-product"},"_links":{"self":[{"href":"https:\/\/orthodoxblessings.com\/sv\/wp-json\/wp\/v2\/product\/8202","targetHints":{"allow":["GET"]}}],"collection":[{"href":"https:\/\/orthodoxblessings.com\/sv\/wp-json\/wp\/v2\/product"}],"about":[{"href":"https:\/\/orthodoxblessings.com\/sv\/wp-json\/wp\/v2\/types\/product"}],"wp:featuredmedia":[{"embeddable":true,"href":"https:\/\/orthodoxblessings.com\/sv\/wp-json\/wp\/v2\/media\/8569"}],"wp:attachment":[{"href":"https:\/\/orthodoxblessings.com\/sv\/wp-json\/wp\/v2\/media?parent=8202"}],"wp:term":[{"taxonomy":"product_brand","embeddable":true,"href":"https:\/\/orthodoxblessings.com\/sv\/wp-json\/wp\/v2\/product_brand?post=8202"},{"taxonomy":"product_cat","embeddable":true,"href":"https:\/\/orthodoxblessings.com\/sv\/wp-json\/wp\/v2\/product_cat?post=8202"},{"taxonomy":"product_tag","embeddable":true,"href":"https:\/\/orthodoxblessings.com\/sv\/wp-json\/wp\/v2\/product_tag?post=8202"}],"curies":[{"name":"wp","href":"https:\/\/api.w.org\/{rel}","templated":true}]}}