{"id":8187,"date":"2025-12-23T16:26:51","date_gmt":"2025-12-23T16:26:51","guid":{"rendered":"https:\/\/orthodoxblessings.com\/?post_type=product&#038;p=8187"},"modified":"2026-01-12T17:02:47","modified_gmt":"2026-01-12T17:02:47","slug":"liten-prosfora","status":"publish","type":"product","link":"https:\/\/orthodoxblessings.com\/sv\/shop\/liten-prosfora\/","title":{"rendered":"Liten prosfora"},"content":{"rendered":"<p>Denna st\u00e4mpel har <strong>IC XC NIKA<\/strong> (f\u00f6rkortning fr\u00e5n grekiska &#8221;I\u0113sous Christos Nika&#8221; \u2013 Jesus Kristus segrar) inristat i den fyrkantiga centrala delen, omgiven av ett kors med str\u00e5lar. F\u00f6re bakning st\u00e4mplas varje prosphora med denna st\u00e4mpel, och symbolen f\u00f6rblir synlig efter bakning och tj\u00e4nar som guide f\u00f6r att sk\u00e4ra ut &#8221;Lammet&#8221; (den centrala delen som ska invigs) under proskomedia. St\u00e4mpeln \u00e4r gjord av tr\u00e4 (bok eller lindentr\u00e4) med rundade kanter som m\u00f6jligg\u00f6r ett rent avtryck utan att riva degen.<\/p>\n","protected":false},"excerpt":{"rendered":"<p>Denna st\u00e4mpel har IC XC NIKA (f\u00f6rkortning fr\u00e5n grekiska &#8221;I\u0113sous Christos Nika&#8221; \u2013 Jesus Kristus segrar) inristat i den fyrkantiga centrala delen, omgiven av ett kors med str\u00e5lar. F\u00f6re bakning st\u00e4mplas varje prosphora med denna st\u00e4mpel, och symbolen f\u00f6rblir synlig efter bakning och tj\u00e4nar som guide f\u00f6r att sk\u00e4ra ut &#8221;Lammet&#8221; (den centrala delen som [&hellip;]<\/p>\n","protected":false},"featured_media":8551,"template":"","meta":{"give_campaign_id":0},"product_brand":[],"product_cat":[554],"product_tag":[],"class_list":{"0":"post-8187","1":"product","2":"type-product","3":"status-publish","4":"has-post-thumbnail","6":"product_cat-festtillbehor","8":"first","9":"instock","10":"purchasable","11":"product-type-simple"},"_links":{"self":[{"href":"https:\/\/orthodoxblessings.com\/sv\/wp-json\/wp\/v2\/product\/8187","targetHints":{"allow":["GET"]}}],"collection":[{"href":"https:\/\/orthodoxblessings.com\/sv\/wp-json\/wp\/v2\/product"}],"about":[{"href":"https:\/\/orthodoxblessings.com\/sv\/wp-json\/wp\/v2\/types\/product"}],"wp:featuredmedia":[{"embeddable":true,"href":"https:\/\/orthodoxblessings.com\/sv\/wp-json\/wp\/v2\/media\/8551"}],"wp:attachment":[{"href":"https:\/\/orthodoxblessings.com\/sv\/wp-json\/wp\/v2\/media?parent=8187"}],"wp:term":[{"taxonomy":"product_brand","embeddable":true,"href":"https:\/\/orthodoxblessings.com\/sv\/wp-json\/wp\/v2\/product_brand?post=8187"},{"taxonomy":"product_cat","embeddable":true,"href":"https:\/\/orthodoxblessings.com\/sv\/wp-json\/wp\/v2\/product_cat?post=8187"},{"taxonomy":"product_tag","embeddable":true,"href":"https:\/\/orthodoxblessings.com\/sv\/wp-json\/wp\/v2\/product_tag?post=8187"}],"curies":[{"name":"wp","href":"https:\/\/api.w.org\/{rel}","templated":true}]}}