{"id":8181,"date":"2025-12-23T16:14:57","date_gmt":"2025-12-23T16:14:57","guid":{"rendered":"https:\/\/orthodoxblessings.com\/?post_type=product&#038;p=8181"},"modified":"2026-01-12T16:10:56","modified_gmt":"2026-01-12T16:10:56","slug":"rokelselada-i-tra","status":"publish","type":"product","link":"https:\/\/orthodoxblessings.com\/sv\/shop\/rokelselada-i-tra\/","title":{"rendered":"R\u00f6kelsel\u00e5da i tr\u00e4"},"content":{"rendered":"<p>Relikviariumet \u00e4r en traditionell ortodox beh\u00e5llare f\u00f6r att bevara heliga reliker, fragment av helgons kl\u00e4der eller andra invigda f\u00f6rem\u00e5l. Denna eleganta l\u00e5da har en trefoil-form som symboliserar den Heliga Treenigheten, med ett g\u00e5ngj\u00e4rnsf\u00f6rsett cirkul\u00e4rt lock s\u00e4krat med en liten skruv. I mitten av locket \u00e4r monterat ett guldpl\u00e4terat metallortodoxt kors med r\u00f6d emaljerad mitt och dekorativa \u00e4ndstycken p\u00e5 varje korsarm. L\u00e5dan \u00e4r tillverkad av m\u00f6rkt tr\u00e4 (mahogny eller m\u00f6rk valn\u00f6t) med en naturlig finish som framh\u00e4ver tr\u00e4ets rika \u00e5dring.<span class=\"inline-flex\" data-state=\"closed\">\u200b<\/span><\/p>\n<p class=\"my-2 [&amp;+p]:mt-4 [&amp;_strong:has(+br)]:inline-block [&amp;_strong:has(+br)]:pb-2\"><span class=\"inline-flex\" data-state=\"closed\">\u200b<\/span>Interi\u00f6ren har en cirkul\u00e4r f\u00f6rdjupning som perfekt h\u00e5ller ett litet f\u00f6rem\u00e5l eller relik. I ortodox tradition m\u00e5ste varje invigd kyrka ha reliker i altaret, medan troende ofta b\u00e4r sm\u00e5 reliker i ladankor eller f\u00f6rvarar dem hemma i l\u00e5dor som denna n\u00e4ra ikoner. Reliker anses heliga eftersom de bevarar kroppsliga kvarlevor av helgon som \u00e4gnat sina liv \u00e5t Kristus, eller f\u00f6rem\u00e5l som varit i kontakt med dem.<\/p>\n","protected":false},"excerpt":{"rendered":"<p>Relikviariumet \u00e4r en traditionell ortodox beh\u00e5llare f\u00f6r att bevara heliga reliker, fragment av helgons kl\u00e4der eller andra invigda f\u00f6rem\u00e5l. Denna eleganta l\u00e5da har en trefoil-form som symboliserar den Heliga Treenigheten, med ett g\u00e5ngj\u00e4rnsf\u00f6rsett cirkul\u00e4rt lock s\u00e4krat med en liten skruv. I mitten av locket \u00e4r monterat ett guldpl\u00e4terat metallortodoxt kors med r\u00f6d emaljerad mitt och [&hellip;]<\/p>\n","protected":false},"featured_media":8530,"template":"","meta":{"give_campaign_id":0},"product_brand":[],"product_cat":[543],"product_tag":[],"class_list":{"0":"post-8181","1":"product","2":"type-product","3":"status-publish","4":"has-post-thumbnail","6":"product_cat-rokelse","8":"first","9":"instock","10":"purchasable","11":"product-type-simple"},"_links":{"self":[{"href":"https:\/\/orthodoxblessings.com\/sv\/wp-json\/wp\/v2\/product\/8181","targetHints":{"allow":["GET"]}}],"collection":[{"href":"https:\/\/orthodoxblessings.com\/sv\/wp-json\/wp\/v2\/product"}],"about":[{"href":"https:\/\/orthodoxblessings.com\/sv\/wp-json\/wp\/v2\/types\/product"}],"wp:featuredmedia":[{"embeddable":true,"href":"https:\/\/orthodoxblessings.com\/sv\/wp-json\/wp\/v2\/media\/8530"}],"wp:attachment":[{"href":"https:\/\/orthodoxblessings.com\/sv\/wp-json\/wp\/v2\/media?parent=8181"}],"wp:term":[{"taxonomy":"product_brand","embeddable":true,"href":"https:\/\/orthodoxblessings.com\/sv\/wp-json\/wp\/v2\/product_brand?post=8181"},{"taxonomy":"product_cat","embeddable":true,"href":"https:\/\/orthodoxblessings.com\/sv\/wp-json\/wp\/v2\/product_cat?post=8181"},{"taxonomy":"product_tag","embeddable":true,"href":"https:\/\/orthodoxblessings.com\/sv\/wp-json\/wp\/v2\/product_tag?post=8181"}],"curies":[{"name":"wp","href":"https:\/\/api.w.org\/{rel}","templated":true}]}}