{"id":8178,"date":"2025-12-23T16:11:49","date_gmt":"2025-12-23T16:11:49","guid":{"rendered":"https:\/\/orthodoxblessings.com\/?post_type=product&#038;p=8178"},"modified":"2026-01-12T16:01:59","modified_gmt":"2026-01-12T16:01:59","slug":"stort-vaggkors","status":"publish","type":"product","link":"https:\/\/orthodoxblessings.com\/sv\/shop\/stort-vaggkors\/","title":{"rendered":"Stort v\u00e4ggkors"},"content":{"rendered":"<p>Detta ortodoxa kors \u00e4r tillverkat av tr\u00e4 med en vacker trefoil (trebladig) form som symboliserar den Heliga Treenigheten. Framsidan b\u00e4r en tryckt ikon av Korsf\u00e4stelsen med Kristus p\u00e5 korset i traditionell ortodox stil \u2013 utan t\u00f6rnekrona, med tv\u00e5 separata fotspik (varje fot spikas separat), och Jerusalem avbildat i bakgrunden. Ovanf\u00f6r Kristus finns inskriptionsbandet, och vid sidan av Hans kropp syns spjutet som genomborrade Honom och svampen indr\u00e4nkt i galla. H\u00f6gst upp p\u00e5 korset finns en mindre ikon av Kristus Fr\u00e4lsaren.<span class=\"inline-flex\" data-state=\"closed\">\u200b<\/span><\/p>\n<p class=\"my-2 [&amp;+p]:mt-4 [&amp;_strong:has(+br)]:inline-block [&amp;_strong:has(+br)]:pb-2\"><span class=\"inline-flex\" data-state=\"closed\">\u200b<\/span>Korsets\u0431\u0430\u043asida b\u00e4r en djupt skuren b\u00f6n p\u00e5 serbiska: Jesus Kristus \u00e4r kraft och kunskap&#8230; Korset \u00e4r fr\u00e4lsning. Kanten har ett vitt dekorativt m\u00f6nster som betonar trefoil-formen. Den \u00f6vre delen har ett h\u00e5l f\u00f6r upph\u00e4ngning p\u00e5 v\u00e4ggen. Korset \u00e4r f\u00e4rdigbehandlat i naturlig tr\u00e4ton med framtr\u00e4dande \u00e5dring som ger ett rustikt, autentiskt utseende.<\/p>\n<p class=\"my-2 [&amp;+p]:mt-4 [&amp;_strong:has(+br)]:inline-block [&amp;_strong:has(+br)]:pb-2\"><span class=\"inline-flex\" data-state=\"closed\">\u200b<\/span>Ortodoxa v\u00e4ggkors tj\u00e4nar som andliga fokuspunkter i hem och kyrkor, p\u00e5minnelser om Kristi offer och symboler f\u00f6r tron.<\/p>\n","protected":false},"excerpt":{"rendered":"<p>Detta ortodoxa kors \u00e4r tillverkat av tr\u00e4 med en vacker trefoil (trebladig) form som symboliserar den Heliga Treenigheten. Framsidan b\u00e4r en tryckt ikon av Korsf\u00e4stelsen med Kristus p\u00e5 korset i traditionell ortodox stil \u2013 utan t\u00f6rnekrona, med tv\u00e5 separata fotspik (varje fot spikas separat), och Jerusalem avbildat i bakgrunden. Ovanf\u00f6r Kristus finns inskriptionsbandet, och vid [&hellip;]<\/p>\n","protected":false},"featured_media":8524,"template":"","meta":{"give_campaign_id":0},"product_brand":[],"product_cat":[518],"product_tag":[],"class_list":{"0":"post-8178","1":"product","2":"type-product","3":"status-publish","4":"has-post-thumbnail","6":"product_cat-vaggkors","8":"first","9":"instock","10":"purchasable","11":"product-type-simple"},"_links":{"self":[{"href":"https:\/\/orthodoxblessings.com\/sv\/wp-json\/wp\/v2\/product\/8178","targetHints":{"allow":["GET"]}}],"collection":[{"href":"https:\/\/orthodoxblessings.com\/sv\/wp-json\/wp\/v2\/product"}],"about":[{"href":"https:\/\/orthodoxblessings.com\/sv\/wp-json\/wp\/v2\/types\/product"}],"wp:featuredmedia":[{"embeddable":true,"href":"https:\/\/orthodoxblessings.com\/sv\/wp-json\/wp\/v2\/media\/8524"}],"wp:attachment":[{"href":"https:\/\/orthodoxblessings.com\/sv\/wp-json\/wp\/v2\/media?parent=8178"}],"wp:term":[{"taxonomy":"product_brand","embeddable":true,"href":"https:\/\/orthodoxblessings.com\/sv\/wp-json\/wp\/v2\/product_brand?post=8178"},{"taxonomy":"product_cat","embeddable":true,"href":"https:\/\/orthodoxblessings.com\/sv\/wp-json\/wp\/v2\/product_cat?post=8178"},{"taxonomy":"product_tag","embeddable":true,"href":"https:\/\/orthodoxblessings.com\/sv\/wp-json\/wp\/v2\/product_tag?post=8178"}],"curies":[{"name":"wp","href":"https:\/\/api.w.org\/{rel}","templated":true}]}}