{"id":8172,"date":"2025-12-23T16:03:09","date_gmt":"2025-12-23T16:03:09","guid":{"rendered":"https:\/\/orthodoxblessings.com\/?post_type=product&#038;p=8172"},"modified":"2026-01-12T15:30:31","modified_gmt":"2026-01-12T15:30:31","slug":"liten-radband-trefargad","status":"publish","type":"product","link":"https:\/\/orthodoxblessings.com\/sv\/shop\/liten-radband-trefargad\/","title":{"rendered":"Liten radband &#8211; tref\u00e4rgad"},"content":{"rendered":"<p>Detta \u00e4r en <strong>serbisk tref\u00e4rgad brojanica<\/strong> \u2013 ett handgjort ortodoxt b\u00f6narmband med 33 knutar i r\u00f6tt, vitt och bl\u00e5tt, prydd med ett silver ortodoxt kors.<span class=\"inline-flex\" data-state=\"closed\">\u200b<\/span><\/p>\n<p class=\"my-2 [&amp;+p]:mt-4 [&amp;_strong:has(+br)]:inline-block [&amp;_strong:has(+br)]:pb-2\"><span class=\"inline-flex\" aria-label=\"image.jpeg\" data-state=\"closed\">\u200b<\/span>Brojanican \u00e4r ett traditionellt serbiskt ortodoxt b\u00f6neband som anv\u00e4nds f\u00f6r att r\u00e4kna upprepningar av Jesusb\u00f6nen (&#8221;Herre Jesus Kristus, Guds Son, f\u00f6rbarma dig \u00f6ver mig syndare&#8221;) under b\u00f6n. Denna speciella brojanica har 33 knutar \u2013 ett antal som symboliserar \u00e5ren av Kristi jordiska liv. Den \u00e4r fl\u00e4tad i tre sektioner med serbiska flaggans f\u00e4rger: r\u00f6tt representerar martyrernas blod och mod, vitt symboliserar renhet och sanning, och bl\u00e5tt representerar himlen och tron. I mitten sitter ett litet silver ortodoxt kors som tj\u00e4nar som utg\u00e5ngspunkt f\u00f6r b\u00f6nen och en p\u00e5minnelse om Kristi offer.<\/p>\n<p><span class=\"inline-flex\" data-state=\"closed\">\u200b<\/span>Ortodoxa troende anv\u00e4nder brojanican genom att h\u00e5lla den i ena handen och flytta fr\u00e5n knut till knut medan de reciterar b\u00f6nen, vilket hj\u00e4lper koncentration och r\u00e4kning av upprepningar. Denna kombination av nationella och religi\u00f6sa symboler g\u00f6r den till ett popul\u00e4rt uttryck f\u00f6r serbisk ortodox identitet, en idealisk g\u00e5va f\u00f6r dop, Slava-firanden eller andligt st\u00f6d.<\/p>\n","protected":false},"excerpt":{"rendered":"<p>Detta \u00e4r en serbisk tref\u00e4rgad brojanica \u2013 ett handgjort ortodoxt b\u00f6narmband med 33 knutar i r\u00f6tt, vitt och bl\u00e5tt, prydd med ett silver ortodoxt kors.\u200b \u200bBrojanican \u00e4r ett traditionellt serbiskt ortodoxt b\u00f6neband som anv\u00e4nds f\u00f6r att r\u00e4kna upprepningar av Jesusb\u00f6nen (&#8221;Herre Jesus Kristus, Guds Son, f\u00f6rbarma dig \u00f6ver mig syndare&#8221;) under b\u00f6n. Denna speciella brojanica [&hellip;]<\/p>\n","protected":false},"featured_media":8509,"template":"","meta":{"give_campaign_id":0},"product_brand":[],"product_cat":[540],"product_tag":[],"class_list":{"0":"post-8172","1":"product","2":"type-product","3":"status-publish","4":"has-post-thumbnail","6":"product_cat-kyrkans-radband","8":"first","9":"instock","10":"purchasable","11":"product-type-simple"},"_links":{"self":[{"href":"https:\/\/orthodoxblessings.com\/sv\/wp-json\/wp\/v2\/product\/8172","targetHints":{"allow":["GET"]}}],"collection":[{"href":"https:\/\/orthodoxblessings.com\/sv\/wp-json\/wp\/v2\/product"}],"about":[{"href":"https:\/\/orthodoxblessings.com\/sv\/wp-json\/wp\/v2\/types\/product"}],"wp:featuredmedia":[{"embeddable":true,"href":"https:\/\/orthodoxblessings.com\/sv\/wp-json\/wp\/v2\/media\/8509"}],"wp:attachment":[{"href":"https:\/\/orthodoxblessings.com\/sv\/wp-json\/wp\/v2\/media?parent=8172"}],"wp:term":[{"taxonomy":"product_brand","embeddable":true,"href":"https:\/\/orthodoxblessings.com\/sv\/wp-json\/wp\/v2\/product_brand?post=8172"},{"taxonomy":"product_cat","embeddable":true,"href":"https:\/\/orthodoxblessings.com\/sv\/wp-json\/wp\/v2\/product_cat?post=8172"},{"taxonomy":"product_tag","embeddable":true,"href":"https:\/\/orthodoxblessings.com\/sv\/wp-json\/wp\/v2\/product_tag?post=8172"}],"curies":[{"name":"wp","href":"https:\/\/api.w.org\/{rel}","templated":true}]}}