{"id":8142,"date":"2025-12-23T14:30:57","date_gmt":"2025-12-23T14:30:57","guid":{"rendered":"https:\/\/orthodoxblessings.com\/?post_type=product&#038;p=8142"},"modified":"2026-01-12T13:34:36","modified_gmt":"2026-01-12T13:34:36","slug":"formar-for-slavabrod-set","status":"publish","type":"product","link":"https:\/\/orthodoxblessings.com\/sv\/shop\/formar-for-slavabrod-set\/","title":{"rendered":"Formar f\u00f6r slavabr\u00f6d \u2013 set"},"content":{"rendered":"<p>Detta \u00e4r ett set av <strong>br\u00f6dst\u00e4mplar f\u00f6r att dekorera serbiskt slavabr\u00f6d (kola\u010d)<\/strong> \u2013 specialiserade formar tillverkade av s\u00e4ker gyllene PLA-plast f\u00f6r att skapa traditionella ortodoxa dekorationer p\u00e5 ceremoniellt br\u00f6d.<span class=\"inline-flex\" data-state=\"closed\">\u200b<\/span><\/p>\n<p class=\"my-2 [&amp;+p]:mt-4 [&amp;_strong:has(+br)]:inline-block [&amp;_strong:has(+br)]:pb-2\"><span class=\"inline-flex\" data-state=\"closed\">\u200b<\/span><\/p>\n<p class=\"my-2 [&amp;+p]:mt-4 [&amp;_strong:has(+br)]:inline-block [&amp;_strong:has(+br)]:pb-2\">Setet inneh\u00e5ller sex olika ortodoxa motiv som anv\u00e4nds f\u00f6r att skapa degdekorationer som placeras p\u00e5 slavabr\u00f6det. St\u00e4mplarna inkluderar:<\/p>\n<p class=\"my-2 [&amp;+p]:mt-4 [&amp;_strong:has(+br)]:inline-block [&amp;_strong:has(+br)]:pb-2\"><span class=\"inline-flex\" data-state=\"closed\">\u200b<\/span><\/p>\n<ul class=\"marker:text-quiet list-disc\">\n<li class=\"py-0 my-0 prose-p:pt-0 prose-p:mb-2 prose-p:my-0 [&amp;&gt;p]:pt-0 [&amp;&gt;p]:mb-2 [&amp;&gt;p]:my-0\">\n<p class=\"my-2 [&amp;+p]:mt-4 [&amp;_strong:has(+br)]:inline-block [&amp;_strong:has(+br)]:pb-2\"><strong>Trefingerkorset<\/strong> \u2013 den huvudsakliga ortodoxa symbolen placerad i br\u00f6dets centrum<\/p>\n<\/li>\n<li class=\"py-0 my-0 prose-p:pt-0 prose-p:mb-2 prose-p:my-0 [&amp;&gt;p]:pt-0 [&amp;&gt;p]:mb-2 [&amp;&gt;p]:my-0\">\n<p class=\"my-2 [&amp;+p]:mt-4 [&amp;_strong:has(+br)]:inline-block [&amp;_strong:has(+br)]:pb-2\"><strong>Veteax<\/strong> (tv\u00e5 stycken) \u2013 symboliserar ett b\u00f6rdigt \u00e5r och v\u00e4lst\u00e5nd<\/p>\n<\/li>\n<li class=\"py-0 my-0 prose-p:pt-0 prose-p:mb-2 prose-p:my-0 [&amp;&gt;p]:pt-0 [&amp;&gt;p]:mb-2 [&amp;&gt;p]:my-0\">\n<p class=\"my-2 [&amp;+p]:mt-4 [&amp;_strong:has(+br)]:inline-block [&amp;_strong:has(+br)]:pb-2\"><strong>Duvor<\/strong> (tv\u00e5 f\u00e5glar) \u2013 representerar h\u00e4lsa, gl\u00e4dje och frid i hemmet<\/p>\n<\/li>\n<li class=\"py-0 my-0 prose-p:pt-0 prose-p:mb-2 prose-p:my-0 [&amp;&gt;p]:pt-0 [&amp;&gt;p]:mb-2 [&amp;&gt;p]:my-0\">\n<p class=\"my-2 [&amp;+p]:mt-4 [&amp;_strong:has(+br)]:inline-block [&amp;_strong:has(+br)]:pb-2\"><strong>Blomma\/rosett<\/strong> \u2013 dekorativt element<\/p>\n<\/li>\n<li class=\"py-0 my-0 prose-p:pt-0 prose-p:mb-2 prose-p:my-0 [&amp;&gt;p]:pt-0 [&amp;&gt;p]:mb-2 [&amp;&gt;p]:my-0\">\n<p class=\"my-2 [&amp;+p]:mt-4 [&amp;_strong:has(+br)]:inline-block [&amp;_strong:has(+br)]:pb-2\"><strong>Bok (evangelium)<\/strong> med &#8221;IC XC NIKA&#8221;-inskription \u2013 symboliserar tro och kristna v\u00e4rderingar<\/p>\n<\/li>\n<li class=\"py-0 my-0 prose-p:pt-0 prose-p:mb-2 prose-p:my-0 [&amp;&gt;p]:pt-0 [&amp;&gt;p]:mb-2 [&amp;&gt;p]:my-0\">\n<p class=\"my-2 [&amp;+p]:mt-4 [&amp;_strong:has(+br)]:inline-block [&amp;_strong:has(+br)]:pb-2\"><strong>Fat\/tunna<\/strong> \u2013 traditionellt dekorativt element<\/p>\n<\/li>\n<\/ul>\n<p><span class=\"inline-flex\" aria-label=\"Kako napraviti ukrase za slavski kola\u010d uz pomo\u0107 modlica\" data-state=\"closed\">\u200b<\/span><span class=\"inline-flex\" data-state=\"closed\">\u200b<\/span><\/p>\n<p class=\"my-2 [&amp;+p]:mt-4 [&amp;_strong:has(+br)]:inline-block [&amp;_strong:has(+br)]:pb-2\">St\u00e4mplarna \u00e4r tillverkade av biologiskt nedbrytbar, milj\u00f6v\u00e4nlig PLA-plast som \u00e4r livsmedelss\u00e4ker. De anv\u00e4nds genom att kavla ut ett tunt lager av speciell fast deg (mj\u00f6l, majsst\u00e4rkelse, salt och vatten), trycka st\u00e4mpeln f\u00f6r att skapa formen, och sedan l\u00e5ta den torka en dag innan br\u00f6det bakas. De torkade vita dekorationerna f\u00e4sts p\u00e5 br\u00f6det med \u00e4ggvask eller heligt vatten f\u00f6re bakning, vilket beh\u00e5ller deras vita f\u00e4rg och tydliga form.<\/p>\n","protected":false},"excerpt":{"rendered":"<p>Detta \u00e4r ett set av br\u00f6dst\u00e4mplar f\u00f6r att dekorera serbiskt slavabr\u00f6d (kola\u010d) \u2013 specialiserade formar tillverkade av s\u00e4ker gyllene PLA-plast f\u00f6r att skapa traditionella ortodoxa dekorationer p\u00e5 ceremoniellt br\u00f6d.\u200b \u200b Setet inneh\u00e5ller sex olika ortodoxa motiv som anv\u00e4nds f\u00f6r att skapa degdekorationer som placeras p\u00e5 slavabr\u00f6det. St\u00e4mplarna inkluderar: \u200b Trefingerkorset \u2013 den huvudsakliga ortodoxa symbolen [&hellip;]<\/p>\n","protected":false},"featured_media":8491,"template":"","meta":{"give_campaign_id":0},"product_brand":[],"product_cat":[558],"product_tag":[],"class_list":{"0":"post-8142","1":"product","2":"type-product","3":"status-publish","4":"has-post-thumbnail","6":"product_cat-firande-tartformar","8":"first","9":"instock","10":"purchasable","11":"product-type-simple"},"_links":{"self":[{"href":"https:\/\/orthodoxblessings.com\/sv\/wp-json\/wp\/v2\/product\/8142","targetHints":{"allow":["GET"]}}],"collection":[{"href":"https:\/\/orthodoxblessings.com\/sv\/wp-json\/wp\/v2\/product"}],"about":[{"href":"https:\/\/orthodoxblessings.com\/sv\/wp-json\/wp\/v2\/types\/product"}],"wp:featuredmedia":[{"embeddable":true,"href":"https:\/\/orthodoxblessings.com\/sv\/wp-json\/wp\/v2\/media\/8491"}],"wp:attachment":[{"href":"https:\/\/orthodoxblessings.com\/sv\/wp-json\/wp\/v2\/media?parent=8142"}],"wp:term":[{"taxonomy":"product_brand","embeddable":true,"href":"https:\/\/orthodoxblessings.com\/sv\/wp-json\/wp\/v2\/product_brand?post=8142"},{"taxonomy":"product_cat","embeddable":true,"href":"https:\/\/orthodoxblessings.com\/sv\/wp-json\/wp\/v2\/product_cat?post=8142"},{"taxonomy":"product_tag","embeddable":true,"href":"https:\/\/orthodoxblessings.com\/sv\/wp-json\/wp\/v2\/product_tag?post=8142"}],"curies":[{"name":"wp","href":"https:\/\/api.w.org\/{rel}","templated":true}]}}