{"id":8127,"date":"2025-12-23T12:43:21","date_gmt":"2025-12-23T12:43:21","guid":{"rendered":"https:\/\/orthodoxblessings.com\/?post_type=product&#038;p=8127"},"modified":"2026-01-12T11:20:10","modified_gmt":"2026-01-12T11:20:10","slug":"psalter-fickupplaga","status":"publish","type":"product","link":"https:\/\/orthodoxblessings.com\/sv\/shop\/psalter-fickupplaga\/","title":{"rendered":"Psalter &#8211; fickupplaga"},"content":{"rendered":"<p>Detta \u00e4r ytterligare en vackert bunden utg\u00e5va av Psaltaren\u2014den grundl\u00e4ggande liturgiska boken som inneh\u00e5ller de 150 psalmerna traditionellt tillskrivna kung David av Israel. Omslaget har uts\u00f6kt medeltida manuskriptilluminering som visar kung David sittande p\u00e5 en tron under en utsmyckad valvb\u00e5ge dekorerad med p\u00e5f\u00e5glar, f\u00e5glar och Livets Tr\u00e4d-motivet, h\u00e5llande en skriftrulle som symboliserar gudomlig visdom och profetia. Den korallr\u00f6da bakgrunden skapar en varm, andaktsfull estetik typisk f\u00f6r bysantinska manuskripttraditioner. Utgiven av Duhovni Lug fungerar denna utg\u00e5va som den centrala b\u00f6neboken f\u00f6r ortodox gudstj\u00e4nst, anv\u00e4nd f\u00f6r dagliga andakter, kyrkotj\u00e4nster, minnesb\u00f6ner och andlig v\u00e4gledning. Ordet &#8221;psalm&#8221; h\u00e4rstammar fr\u00e5n grekiska <em>psalmos<\/em>, vilket betyder en s\u00e5ng sjungen till ett str\u00e4nginstrument, och Psaltaren f\u00f6rbinder troende mellan Jorden och Himlen genom vilken Guds n\u00e5d s\u00f6ks.<\/p>\n","protected":false},"excerpt":{"rendered":"<p>Detta \u00e4r ytterligare en vackert bunden utg\u00e5va av Psaltaren\u2014den grundl\u00e4ggande liturgiska boken som inneh\u00e5ller de 150 psalmerna traditionellt tillskrivna kung David av Israel. Omslaget har uts\u00f6kt medeltida manuskriptilluminering som visar kung David sittande p\u00e5 en tron under en utsmyckad valvb\u00e5ge dekorerad med p\u00e5f\u00e5glar, f\u00e5glar och Livets Tr\u00e4d-motivet, h\u00e5llande en skriftrulle som symboliserar gudomlig visdom och [&hellip;]<\/p>\n","protected":false},"featured_media":8485,"template":"","meta":{"give_campaign_id":0},"product_brand":[],"product_cat":[564,566],"product_tag":[],"class_list":{"0":"post-8127","1":"product","2":"type-product","3":"status-publish","4":"has-post-thumbnail","6":"product_cat-andlig-litteratur-1","7":"product_cat-fickupplagor","9":"first","10":"instock","11":"purchasable","12":"product-type-simple"},"_links":{"self":[{"href":"https:\/\/orthodoxblessings.com\/sv\/wp-json\/wp\/v2\/product\/8127","targetHints":{"allow":["GET"]}}],"collection":[{"href":"https:\/\/orthodoxblessings.com\/sv\/wp-json\/wp\/v2\/product"}],"about":[{"href":"https:\/\/orthodoxblessings.com\/sv\/wp-json\/wp\/v2\/types\/product"}],"wp:featuredmedia":[{"embeddable":true,"href":"https:\/\/orthodoxblessings.com\/sv\/wp-json\/wp\/v2\/media\/8485"}],"wp:attachment":[{"href":"https:\/\/orthodoxblessings.com\/sv\/wp-json\/wp\/v2\/media?parent=8127"}],"wp:term":[{"taxonomy":"product_brand","embeddable":true,"href":"https:\/\/orthodoxblessings.com\/sv\/wp-json\/wp\/v2\/product_brand?post=8127"},{"taxonomy":"product_cat","embeddable":true,"href":"https:\/\/orthodoxblessings.com\/sv\/wp-json\/wp\/v2\/product_cat?post=8127"},{"taxonomy":"product_tag","embeddable":true,"href":"https:\/\/orthodoxblessings.com\/sv\/wp-json\/wp\/v2\/product_tag?post=8127"}],"curies":[{"name":"wp","href":"https:\/\/api.w.org\/{rel}","templated":true}]}}