{"id":8124,"date":"2025-12-23T12:38:49","date_gmt":"2025-12-23T12:38:49","guid":{"rendered":"https:\/\/orthodoxblessings.com\/?post_type=product&#038;p=8124"},"modified":"2026-01-12T11:16:48","modified_gmt":"2026-01-12T11:16:48","slug":"munk-kallist-milivoje-m-jovanovic","status":"publish","type":"product","link":"https:\/\/orthodoxblessings.com\/sv\/shop\/munk-kallist-milivoje-m-jovanovic\/","title":{"rendered":"Munk Kallist &#8211; Milivoje M. Jovanovi\u0107"},"content":{"rendered":"<p>Denna b\u00e4sts\u00e4ljare med 71 000 exemplar ber\u00e4ttar den sanna historien om munk Callistus, som levde 95 \u00e5r (1896-1991) och tillbringade decennier i vildmarken d\u00e4r inte ens giftiga ormar skadade honom. Under v\u00e4gledning av helige biskop Nikolaj Velimirovi\u0107 studerade Callistus Konfucius, indisk och grekisk filosofi, buddhism, Koranen, ortodoxa och katolska dogmer samt arkitektur. Han blev en k\u00e4nd kyrk- och klosterrestaurerare, bot\u00adare och eremit som matade bj\u00f6rnar och s\u00f6kte sj\u00e4lvk\u00e4nnedom genom gemenskap med Gud. Boken utforskar tro, moraliska v\u00e4rden och andlig transformation, och skildrar Callistus resa fr\u00e5n v\u00e4rldsliga passioner till djup upplysning. Utgiven av Duhovni Lug, visar omslaget en vittrad klosterv\u00e4gg med ett f\u00f6nster som ramar in en \u00e4ldre munk, symboliserande kontemplation och \u00f6verg\u00e5ngen mellan jordiska och gudomliga sf\u00e4rer. Inskriptionen p\u00e5 baksidan lyder &#8221;God soldat i strider, sanningss\u00f6kare, om bara p\u00e5 n\u00e5got s\u00e4tt&#8230; Frukta och darra, och gl\u00e4d dig&#8221;.<\/p>\n","protected":false},"excerpt":{"rendered":"<p>Denna b\u00e4sts\u00e4ljare med 71 000 exemplar ber\u00e4ttar den sanna historien om munk Callistus, som levde 95 \u00e5r (1896-1991) och tillbringade decennier i vildmarken d\u00e4r inte ens giftiga ormar skadade honom. Under v\u00e4gledning av helige biskop Nikolaj Velimirovi\u0107 studerade Callistus Konfucius, indisk och grekisk filosofi, buddhism, Koranen, ortodoxa och katolska dogmer samt arkitektur. Han blev en [&hellip;]<\/p>\n","protected":false},"featured_media":8479,"template":"","meta":{"give_campaign_id":0},"product_brand":[],"product_cat":[564],"product_tag":[],"class_list":{"0":"post-8124","1":"product","2":"type-product","3":"status-publish","4":"has-post-thumbnail","6":"product_cat-andlig-litteratur-1","8":"first","9":"instock","10":"purchasable","11":"product-type-simple"},"_links":{"self":[{"href":"https:\/\/orthodoxblessings.com\/sv\/wp-json\/wp\/v2\/product\/8124","targetHints":{"allow":["GET"]}}],"collection":[{"href":"https:\/\/orthodoxblessings.com\/sv\/wp-json\/wp\/v2\/product"}],"about":[{"href":"https:\/\/orthodoxblessings.com\/sv\/wp-json\/wp\/v2\/types\/product"}],"wp:featuredmedia":[{"embeddable":true,"href":"https:\/\/orthodoxblessings.com\/sv\/wp-json\/wp\/v2\/media\/8479"}],"wp:attachment":[{"href":"https:\/\/orthodoxblessings.com\/sv\/wp-json\/wp\/v2\/media?parent=8124"}],"wp:term":[{"taxonomy":"product_brand","embeddable":true,"href":"https:\/\/orthodoxblessings.com\/sv\/wp-json\/wp\/v2\/product_brand?post=8124"},{"taxonomy":"product_cat","embeddable":true,"href":"https:\/\/orthodoxblessings.com\/sv\/wp-json\/wp\/v2\/product_cat?post=8124"},{"taxonomy":"product_tag","embeddable":true,"href":"https:\/\/orthodoxblessings.com\/sv\/wp-json\/wp\/v2\/product_tag?post=8124"}],"curies":[{"name":"wp","href":"https:\/\/api.w.org\/{rel}","templated":true}]}}