{"id":8118,"date":"2025-12-23T12:30:46","date_gmt":"2025-12-23T12:30:46","guid":{"rendered":"https:\/\/orthodoxblessings.com\/?post_type=product&#038;p=8118"},"modified":"2026-01-12T11:07:27","modified_gmt":"2026-01-12T11:07:27","slug":"att-lara-kanna-sig-sjalv","status":"publish","type":"product","link":"https:\/\/orthodoxblessings.com\/sv\/shop\/att-lara-kanna-sig-sjalv\/","title":{"rendered":"Att l\u00e4ra k\u00e4nna sig sj\u00e4lv"},"content":{"rendered":"<p>Denna 98-sidiga bok av den ortodoxa psykologen Dmitrij Semenik behandlar hur psykologiska problem blockerar andlig utveckling och erbjuder v\u00e4gar att \u00f6vervinna dem. Semenik unders\u00f6ker fyra huvudsakliga hinder: passionen f\u00f6r d\u00f6mande, fientlighet, fanatism och missanpassning; falska substitut f\u00f6r kristen k\u00e4rlek (inklusive k\u00e4rleksberoende); falsk skuld som maskeras som \u00e5nger; och misslyckande med att uppfylla budet om gl\u00e4dje. Boken definierar ortodox psykologi som ett framv\u00e4xande omr\u00e5de d\u00e4r ortodoxorienterade psykologer etablerar kopplingar mellan kyrkans begrepp om andligt liv och psykologiska perspektiv. Det fridfulla omslaget visar en silhuett av en person p\u00e5 en tr\u00e4brygga som kontemplerar berg och en kristallklar sj\u00f6, vilket symboliserar resan mot sj\u00e4lvk\u00e4nnedom och andlig reflektion. Utgiven av Riznica inkluderar boken en bilaga av Aleksandar Kolmanovski om adoptivf\u00f6r\u00e4ldraskap.<\/p>\n","protected":false},"excerpt":{"rendered":"<p>Denna 98-sidiga bok av den ortodoxa psykologen Dmitrij Semenik behandlar hur psykologiska problem blockerar andlig utveckling och erbjuder v\u00e4gar att \u00f6vervinna dem. Semenik unders\u00f6ker fyra huvudsakliga hinder: passionen f\u00f6r d\u00f6mande, fientlighet, fanatism och missanpassning; falska substitut f\u00f6r kristen k\u00e4rlek (inklusive k\u00e4rleksberoende); falsk skuld som maskeras som \u00e5nger; och misslyckande med att uppfylla budet om gl\u00e4dje. [&hellip;]<\/p>\n","protected":false},"featured_media":8470,"template":"","meta":{"give_campaign_id":0},"product_brand":[],"product_cat":[564],"product_tag":[],"class_list":{"0":"post-8118","1":"product","2":"type-product","3":"status-publish","4":"has-post-thumbnail","6":"product_cat-andlig-litteratur-1","8":"first","9":"instock","10":"purchasable","11":"product-type-simple"},"_links":{"self":[{"href":"https:\/\/orthodoxblessings.com\/sv\/wp-json\/wp\/v2\/product\/8118","targetHints":{"allow":["GET"]}}],"collection":[{"href":"https:\/\/orthodoxblessings.com\/sv\/wp-json\/wp\/v2\/product"}],"about":[{"href":"https:\/\/orthodoxblessings.com\/sv\/wp-json\/wp\/v2\/types\/product"}],"wp:featuredmedia":[{"embeddable":true,"href":"https:\/\/orthodoxblessings.com\/sv\/wp-json\/wp\/v2\/media\/8470"}],"wp:attachment":[{"href":"https:\/\/orthodoxblessings.com\/sv\/wp-json\/wp\/v2\/media?parent=8118"}],"wp:term":[{"taxonomy":"product_brand","embeddable":true,"href":"https:\/\/orthodoxblessings.com\/sv\/wp-json\/wp\/v2\/product_brand?post=8118"},{"taxonomy":"product_cat","embeddable":true,"href":"https:\/\/orthodoxblessings.com\/sv\/wp-json\/wp\/v2\/product_cat?post=8118"},{"taxonomy":"product_tag","embeddable":true,"href":"https:\/\/orthodoxblessings.com\/sv\/wp-json\/wp\/v2\/product_tag?post=8118"}],"curies":[{"name":"wp","href":"https:\/\/api.w.org\/{rel}","templated":true}]}}