{"id":8115,"date":"2025-12-23T12:27:53","date_gmt":"2025-12-23T12:27:53","guid":{"rendered":"https:\/\/orthodoxblessings.com\/?post_type=product&#038;p=8115"},"modified":"2026-01-12T10:54:55","modified_gmt":"2026-01-12T10:54:55","slug":"odla-medkansla-a-kolmanovski","status":"publish","type":"product","link":"https:\/\/orthodoxblessings.com\/sv\/shop\/odla-medkansla-a-kolmanovski\/","title":{"rendered":"Odla medk\u00e4nsla &#8211; A. Kolmanovski"},"content":{"rendered":"<p>Denna banbrytande bok av den k\u00e4nde ryske psykologen och pedagogen Aleksandar Kolmanovski ger tillg\u00e4ngliga psykologiska insikter om orsakerna till m\u00e4nskligt lidande. Kolmanovski h\u00e4vdar att psykiska problem h\u00e4rr\u00f6r fr\u00e5n otillr\u00e4cklig medk\u00e4nsla mot andra, bristande deltagande i gemenskapslivet och brist p\u00e5 motivation f\u00f6r sj\u00e4lvf\u00f6r\u00e4ndring. Baserad p\u00e5 intervjuer med Kolmanovski under ett decennium och publicerad via internettidskrifter inkluderar boken hans originella program &#8221;Relationspsykologi&#8221; som han har undervisat f\u00f6r l\u00e4rare, f\u00f6r\u00e4ldrar, studenter och organisationsanst\u00e4llda. Omslaget har ett cirkeldiagram med sj\u00e4len i centrum omgiven av nyckelrelationer: barn, make\/maka, n\u00e4rst\u00e5ende och f\u00f6r\u00e4ldrar, med &#8221;Guds hj\u00e4lp&#8221; h\u00f6gst upp, som illustrerar hur medk\u00e4nsla str\u00e5lar ut\u00e5t. Kolmanovskis arbete inkluderar traumar\u00e5dgivning efter Beslan-terrorattacken och rehabiliteringsinsatser i konfliktzoner.<\/p>\n","protected":false},"excerpt":{"rendered":"<p>Denna banbrytande bok av den k\u00e4nde ryske psykologen och pedagogen Aleksandar Kolmanovski ger tillg\u00e4ngliga psykologiska insikter om orsakerna till m\u00e4nskligt lidande. Kolmanovski h\u00e4vdar att psykiska problem h\u00e4rr\u00f6r fr\u00e5n otillr\u00e4cklig medk\u00e4nsla mot andra, bristande deltagande i gemenskapslivet och brist p\u00e5 motivation f\u00f6r sj\u00e4lvf\u00f6r\u00e4ndring. Baserad p\u00e5 intervjuer med Kolmanovski under ett decennium och publicerad via internettidskrifter inkluderar [&hellip;]<\/p>\n","protected":false},"featured_media":8464,"template":"","meta":{"give_campaign_id":0},"product_brand":[],"product_cat":[564],"product_tag":[],"class_list":{"0":"post-8115","1":"product","2":"type-product","3":"status-publish","4":"has-post-thumbnail","6":"product_cat-andlig-litteratur-1","8":"first","9":"instock","10":"purchasable","11":"product-type-simple"},"_links":{"self":[{"href":"https:\/\/orthodoxblessings.com\/sv\/wp-json\/wp\/v2\/product\/8115","targetHints":{"allow":["GET"]}}],"collection":[{"href":"https:\/\/orthodoxblessings.com\/sv\/wp-json\/wp\/v2\/product"}],"about":[{"href":"https:\/\/orthodoxblessings.com\/sv\/wp-json\/wp\/v2\/types\/product"}],"wp:featuredmedia":[{"embeddable":true,"href":"https:\/\/orthodoxblessings.com\/sv\/wp-json\/wp\/v2\/media\/8464"}],"wp:attachment":[{"href":"https:\/\/orthodoxblessings.com\/sv\/wp-json\/wp\/v2\/media?parent=8115"}],"wp:term":[{"taxonomy":"product_brand","embeddable":true,"href":"https:\/\/orthodoxblessings.com\/sv\/wp-json\/wp\/v2\/product_brand?post=8115"},{"taxonomy":"product_cat","embeddable":true,"href":"https:\/\/orthodoxblessings.com\/sv\/wp-json\/wp\/v2\/product_cat?post=8115"},{"taxonomy":"product_tag","embeddable":true,"href":"https:\/\/orthodoxblessings.com\/sv\/wp-json\/wp\/v2\/product_tag?post=8115"}],"curies":[{"name":"wp","href":"https:\/\/api.w.org\/{rel}","templated":true}]}}