{"id":8112,"date":"2025-12-23T12:24:53","date_gmt":"2025-12-23T12:24:53","guid":{"rendered":"https:\/\/orthodoxblessings.com\/?post_type=product&#038;p=8112"},"modified":"2026-01-10T12:20:44","modified_gmt":"2026-01-10T12:20:44","slug":"fyll-ditt-liv-med-karlek-dmitry-semenik","status":"publish","type":"product","link":"https:\/\/orthodoxblessings.com\/sv\/shop\/fyll-ditt-liv-med-karlek-dmitry-semenik\/","title":{"rendered":"Fyll ditt liv med k\u00e4rlek &#8211; Dmitry Semenik"},"content":{"rendered":"<p>Denna 317-sidiga bok av den ortodoxa psykologen Dmitrij Semenik behandlar en grundl\u00e4ggande m\u00e4nsklig fr\u00e5ga: hur kan vi l\u00e4ra oss att \u00e4lska och bli \u00e4lskade p\u00e5 ett autentiskt s\u00e4tt ? Semenik h\u00e4vdar att k\u00e4rlek inte \u00e4r en slump utan en f\u00e4rdighet som kr\u00e4ver h\u00e4ngiven praktik genom systematisk sj\u00e4lvrannsakan snarare \u00e4n fantasier eller flirt. Boken belyser hur moderna m\u00e4nniskor, f\u00f6rvirrade och desperata, s\u00f6ker tillflykt i kortvariga substitut som leder till djupare tomhet. Den ger praktisk v\u00e4gledning f\u00f6r alla som vill arbeta med sig sj\u00e4lva och hj\u00e4lper l\u00e4sare att skilja sann k\u00e4rlek fr\u00e5n passioner som vanligen f\u00f6rv\u00e4xlas med den. Utgiven av Riznica+, har bokens omslag en illustration av ett par med pratbubblor som st\u00e4ller nyckelfr\u00e5gor som &#8221;Hur l\u00e4r vi oss att \u00e4lska?&#8221; och &#8221;Beror k\u00e4rleken p\u00e5 oss?&#8221;<\/p>\n","protected":false},"excerpt":{"rendered":"<p>Denna 317-sidiga bok av den ortodoxa psykologen Dmitrij Semenik behandlar en grundl\u00e4ggande m\u00e4nsklig fr\u00e5ga: hur kan vi l\u00e4ra oss att \u00e4lska och bli \u00e4lskade p\u00e5 ett autentiskt s\u00e4tt ? Semenik h\u00e4vdar att k\u00e4rlek inte \u00e4r en slump utan en f\u00e4rdighet som kr\u00e4ver h\u00e4ngiven praktik genom systematisk sj\u00e4lvrannsakan snarare \u00e4n fantasier eller flirt. Boken belyser hur [&hellip;]<\/p>\n","protected":false},"featured_media":8461,"template":"","meta":{"give_campaign_id":0},"product_brand":[],"product_cat":[564],"product_tag":[],"class_list":{"0":"post-8112","1":"product","2":"type-product","3":"status-publish","4":"has-post-thumbnail","6":"product_cat-andlig-litteratur-1","8":"first","9":"instock","10":"purchasable","11":"product-type-simple"},"_links":{"self":[{"href":"https:\/\/orthodoxblessings.com\/sv\/wp-json\/wp\/v2\/product\/8112","targetHints":{"allow":["GET"]}}],"collection":[{"href":"https:\/\/orthodoxblessings.com\/sv\/wp-json\/wp\/v2\/product"}],"about":[{"href":"https:\/\/orthodoxblessings.com\/sv\/wp-json\/wp\/v2\/types\/product"}],"wp:featuredmedia":[{"embeddable":true,"href":"https:\/\/orthodoxblessings.com\/sv\/wp-json\/wp\/v2\/media\/8461"}],"wp:attachment":[{"href":"https:\/\/orthodoxblessings.com\/sv\/wp-json\/wp\/v2\/media?parent=8112"}],"wp:term":[{"taxonomy":"product_brand","embeddable":true,"href":"https:\/\/orthodoxblessings.com\/sv\/wp-json\/wp\/v2\/product_brand?post=8112"},{"taxonomy":"product_cat","embeddable":true,"href":"https:\/\/orthodoxblessings.com\/sv\/wp-json\/wp\/v2\/product_cat?post=8112"},{"taxonomy":"product_tag","embeddable":true,"href":"https:\/\/orthodoxblessings.com\/sv\/wp-json\/wp\/v2\/product_tag?post=8112"}],"curies":[{"name":"wp","href":"https:\/\/api.w.org\/{rel}","templated":true}]}}