{"id":8109,"date":"2025-12-23T12:22:16","date_gmt":"2025-12-23T12:22:16","guid":{"rendered":"https:\/\/orthodoxblessings.com\/?post_type=product&#038;p=8109"},"modified":"2026-01-10T12:13:46","modified_gmt":"2026-01-10T12:13:46","slug":"ortodox-bonbok","status":"publish","type":"product","link":"https:\/\/orthodoxblessings.com\/sv\/shop\/ortodox-bonbok\/","title":{"rendered":"Ortodox b\u00f6nbok"},"content":{"rendered":"<p>Den ortodoxa b\u00f6neboken (Molitvoslov) \u00e4r en helig samling av dagliga andaktsb\u00f6ner som anv\u00e4nds av ortodoxa kristna \u00f6ver hela v\u00e4rlden. Den inneh\u00e5ller morgon- och kv\u00e4llsb\u00f6ner, b\u00f6ner f\u00f6r olika tider p\u00e5 dagen, kanoner till Jesus Kristus, Guds Moder, skydds\u00e4nglar och b\u00f6ner f\u00f6r sjuka och avlidna. Denna s\u00e4rskilda utgivna version med sitt formella svarta l\u00e4derband prytt med ornamentala kors och dekorativa m\u00f6nster representerar den traditionella liturgiska estetiken inom den ryska ortodoxa praksis. B\u00f6neboken fungerar som en andlig v\u00e4gledning f\u00f6r lekfolk att strukturera sitt dagliga b\u00f6nelyv enligt Ortodoxa kyrkans traditioner.<\/p>\n","protected":false},"excerpt":{"rendered":"<p>Den ortodoxa b\u00f6neboken (Molitvoslov) \u00e4r en helig samling av dagliga andaktsb\u00f6ner som anv\u00e4nds av ortodoxa kristna \u00f6ver hela v\u00e4rlden. Den inneh\u00e5ller morgon- och kv\u00e4llsb\u00f6ner, b\u00f6ner f\u00f6r olika tider p\u00e5 dagen, kanoner till Jesus Kristus, Guds Moder, skydds\u00e4nglar och b\u00f6ner f\u00f6r sjuka och avlidna. Denna s\u00e4rskilda utgivna version med sitt formella svarta l\u00e4derband prytt med ornamentala [&hellip;]<\/p>\n","protected":false},"featured_media":8455,"template":"","meta":{"give_campaign_id":0},"product_brand":[],"product_cat":[564],"product_tag":[],"class_list":{"0":"post-8109","1":"product","2":"type-product","3":"status-publish","4":"has-post-thumbnail","6":"product_cat-andlig-litteratur-1","8":"first","9":"instock","10":"purchasable","11":"product-type-simple"},"_links":{"self":[{"href":"https:\/\/orthodoxblessings.com\/sv\/wp-json\/wp\/v2\/product\/8109","targetHints":{"allow":["GET"]}}],"collection":[{"href":"https:\/\/orthodoxblessings.com\/sv\/wp-json\/wp\/v2\/product"}],"about":[{"href":"https:\/\/orthodoxblessings.com\/sv\/wp-json\/wp\/v2\/types\/product"}],"wp:featuredmedia":[{"embeddable":true,"href":"https:\/\/orthodoxblessings.com\/sv\/wp-json\/wp\/v2\/media\/8455"}],"wp:attachment":[{"href":"https:\/\/orthodoxblessings.com\/sv\/wp-json\/wp\/v2\/media?parent=8109"}],"wp:term":[{"taxonomy":"product_brand","embeddable":true,"href":"https:\/\/orthodoxblessings.com\/sv\/wp-json\/wp\/v2\/product_brand?post=8109"},{"taxonomy":"product_cat","embeddable":true,"href":"https:\/\/orthodoxblessings.com\/sv\/wp-json\/wp\/v2\/product_cat?post=8109"},{"taxonomy":"product_tag","embeddable":true,"href":"https:\/\/orthodoxblessings.com\/sv\/wp-json\/wp\/v2\/product_tag?post=8109"}],"curies":[{"name":"wp","href":"https:\/\/api.w.org\/{rel}","templated":true}]}}