{"id":8106,"date":"2025-12-23T12:19:13","date_gmt":"2025-12-23T12:19:13","guid":{"rendered":"https:\/\/orthodoxblessings.com\/?post_type=product&#038;p=8106"},"modified":"2026-01-10T12:03:07","modified_gmt":"2026-01-10T12:03:07","slug":"bonbok-och-akatister-for-en-ortodox-kvinna","status":"publish","type":"product","link":"https:\/\/orthodoxblessings.com\/sv\/shop\/bonbok-och-akatister-for-en-ortodox-kvinna\/","title":{"rendered":"B\u00f6nbok och akatister f\u00f6r en ortodox kvinna"},"content":{"rendered":"<p data-start=\"2002\" data-end=\"2258\"><strong data-start=\"2002\" data-end=\"2054\">\u201dB\u00f6nebok och akatister f\u00f6r den ortodoxa kvinnan\u201d<\/strong> \u00e4r en omsorgsfullt sammanst\u00e4lld samling b\u00f6ner och akatister, sammanst\u00e4lld av nunnan Atanasija Raki\u0107 och utgiven av Rukumija kloster. Boken \u00e4r s\u00e4rskilt avsedd f\u00f6r kvinnor och deras andliga liv i vardagen.<\/p>\n<p data-start=\"2260\" data-end=\"2549\">Den inneh\u00e5ller b\u00f6ner f\u00f6r familjen, barnen, \u00e4ktenskapet, h\u00e4lsa, inre frid och styrka i sv\u00e5ra stunder, samt akatister till Guds Moder och helgon som traditionellt \u00e5kallas av kvinnor. Med sitt stillsamma och tr\u00f6stande spr\u00e5k \u00e4r detta en v\u00e4rdefull f\u00f6ljeslagare f\u00f6r daglig b\u00f6n och f\u00f6rdjupad tro.<\/p>\n","protected":false},"excerpt":{"rendered":"<p>\u201dB\u00f6nebok och akatister f\u00f6r den ortodoxa kvinnan\u201d \u00e4r en omsorgsfullt sammanst\u00e4lld samling b\u00f6ner och akatister, sammanst\u00e4lld av nunnan Atanasija Raki\u0107 och utgiven av Rukumija kloster. Boken \u00e4r s\u00e4rskilt avsedd f\u00f6r kvinnor och deras andliga liv i vardagen. Den inneh\u00e5ller b\u00f6ner f\u00f6r familjen, barnen, \u00e4ktenskapet, h\u00e4lsa, inre frid och styrka i sv\u00e5ra stunder, samt akatister till [&hellip;]<\/p>\n","protected":false},"featured_media":8452,"template":"","meta":{"give_campaign_id":0},"product_brand":[],"product_cat":[564],"product_tag":[],"class_list":{"0":"post-8106","1":"product","2":"type-product","3":"status-publish","4":"has-post-thumbnail","6":"product_cat-andlig-litteratur-1","8":"first","9":"instock","10":"purchasable","11":"product-type-simple"},"_links":{"self":[{"href":"https:\/\/orthodoxblessings.com\/sv\/wp-json\/wp\/v2\/product\/8106","targetHints":{"allow":["GET"]}}],"collection":[{"href":"https:\/\/orthodoxblessings.com\/sv\/wp-json\/wp\/v2\/product"}],"about":[{"href":"https:\/\/orthodoxblessings.com\/sv\/wp-json\/wp\/v2\/types\/product"}],"wp:featuredmedia":[{"embeddable":true,"href":"https:\/\/orthodoxblessings.com\/sv\/wp-json\/wp\/v2\/media\/8452"}],"wp:attachment":[{"href":"https:\/\/orthodoxblessings.com\/sv\/wp-json\/wp\/v2\/media?parent=8106"}],"wp:term":[{"taxonomy":"product_brand","embeddable":true,"href":"https:\/\/orthodoxblessings.com\/sv\/wp-json\/wp\/v2\/product_brand?post=8106"},{"taxonomy":"product_cat","embeddable":true,"href":"https:\/\/orthodoxblessings.com\/sv\/wp-json\/wp\/v2\/product_cat?post=8106"},{"taxonomy":"product_tag","embeddable":true,"href":"https:\/\/orthodoxblessings.com\/sv\/wp-json\/wp\/v2\/product_tag?post=8106"}],"curies":[{"name":"wp","href":"https:\/\/api.w.org\/{rel}","templated":true}]}}