{"id":8103,"date":"2025-12-23T12:16:40","date_gmt":"2025-12-23T12:16:40","guid":{"rendered":"https:\/\/orthodoxblessings.com\/?post_type=product&#038;p=8103"},"modified":"2026-01-10T11:58:06","modified_gmt":"2026-01-10T11:58:06","slug":"oheligt-och-heligt","status":"publish","type":"product","link":"https:\/\/orthodoxblessings.com\/sv\/shop\/oheligt-och-heligt\/","title":{"rendered":"Oheligt och heligt"},"content":{"rendered":"<p data-start=\"2088\" data-end=\"2413\"><strong data-start=\"2088\" data-end=\"2130\">\u201dOheliga helgon och andra ber\u00e4ttelser\u201d<\/strong> av arkimandrit Tichon (Sjevkunov) \u00e4r en samling sanna ber\u00e4ttelser fr\u00e5n det nutida ortodoxa kyrkolivet. Genom personliga och levande skildringar m\u00f6ter l\u00e4saren munkar, pr\u00e4ster och vanliga m\u00e4nniskor vars liv visar att helighet ofta v\u00e4xer fram ur kamp, svaghet och uppriktig omv\u00e4ndelse.<\/p>\n<p data-start=\"2415\" data-end=\"2707\">Boken \u00e4r skriven med v\u00e4rme, \u00e4rlighet och en stillsam humor. Den ger en djup inblick i trons verklighet och visar kristendomen som en levd erfarenhet snarare \u00e4n ett ideal. Det \u00e4r en bok om \u00f6dmjukhet, sj\u00e4lvk\u00e4nnedom och de stilla mirakel som sker n\u00e4r m\u00e4nniskan v\u00e5gar m\u00f6ta sanningen om sig sj\u00e4lv.<\/p>\n","protected":false},"excerpt":{"rendered":"<p>\u201dOheliga helgon och andra ber\u00e4ttelser\u201d av arkimandrit Tichon (Sjevkunov) \u00e4r en samling sanna ber\u00e4ttelser fr\u00e5n det nutida ortodoxa kyrkolivet. Genom personliga och levande skildringar m\u00f6ter l\u00e4saren munkar, pr\u00e4ster och vanliga m\u00e4nniskor vars liv visar att helighet ofta v\u00e4xer fram ur kamp, svaghet och uppriktig omv\u00e4ndelse. Boken \u00e4r skriven med v\u00e4rme, \u00e4rlighet och en stillsam humor. [&hellip;]<\/p>\n","protected":false},"featured_media":8446,"template":"","meta":{"give_campaign_id":0},"product_brand":[],"product_cat":[564],"product_tag":[],"class_list":{"0":"post-8103","1":"product","2":"type-product","3":"status-publish","4":"has-post-thumbnail","6":"product_cat-andlig-litteratur-1","8":"first","9":"instock","10":"purchasable","11":"product-type-simple"},"_links":{"self":[{"href":"https:\/\/orthodoxblessings.com\/sv\/wp-json\/wp\/v2\/product\/8103","targetHints":{"allow":["GET"]}}],"collection":[{"href":"https:\/\/orthodoxblessings.com\/sv\/wp-json\/wp\/v2\/product"}],"about":[{"href":"https:\/\/orthodoxblessings.com\/sv\/wp-json\/wp\/v2\/types\/product"}],"wp:featuredmedia":[{"embeddable":true,"href":"https:\/\/orthodoxblessings.com\/sv\/wp-json\/wp\/v2\/media\/8446"}],"wp:attachment":[{"href":"https:\/\/orthodoxblessings.com\/sv\/wp-json\/wp\/v2\/media?parent=8103"}],"wp:term":[{"taxonomy":"product_brand","embeddable":true,"href":"https:\/\/orthodoxblessings.com\/sv\/wp-json\/wp\/v2\/product_brand?post=8103"},{"taxonomy":"product_cat","embeddable":true,"href":"https:\/\/orthodoxblessings.com\/sv\/wp-json\/wp\/v2\/product_cat?post=8103"},{"taxonomy":"product_tag","embeddable":true,"href":"https:\/\/orthodoxblessings.com\/sv\/wp-json\/wp\/v2\/product_tag?post=8103"}],"curies":[{"name":"wp","href":"https:\/\/api.w.org\/{rel}","templated":true}]}}