{"id":8100,"date":"2025-12-23T12:13:18","date_gmt":"2025-12-23T12:13:18","guid":{"rendered":"https:\/\/orthodoxblessings.com\/?post_type=product&#038;p=8100"},"modified":"2026-01-10T11:05:45","modified_gmt":"2026-01-10T11:05:45","slug":"den-som-anser-sig-vara-vardig-ar-ovardig-abbot-nektaria","status":"publish","type":"product","link":"https:\/\/orthodoxblessings.com\/sv\/shop\/den-som-anser-sig-vara-vardig-ar-ovardig-abbot-nektaria\/","title":{"rendered":"Den som anser sig vara v\u00e4rdig \u00e4r ov\u00e4rdig &#8211; Abbot Nektaria"},"content":{"rendered":"<p>\u201dDen som anser sig vara v\u00e4rdig \u00e4r ov\u00e4rdig\u201d (Svar p\u00e5 fr\u00e5gor om bikt och helig kommunion) av igumen Nektarije (Morozov) \u00e4r en kort ortodox v\u00e4gledning som tar upp vanliga fr\u00e5gor om omv\u00e4ndelse, \u00e5terkommande synder, f\u00f6rberedelse inf\u00f6r bikten och hur man n\u00e4rmar sig eukaristin med \u00f6dmjukhet i st\u00e4llet f\u00f6r sj\u00e4lvs\u00e4kerhet.<\/p>\n","protected":false},"excerpt":{"rendered":"<p>\u201dDen som anser sig vara v\u00e4rdig \u00e4r ov\u00e4rdig\u201d (Svar p\u00e5 fr\u00e5gor om bikt och helig kommunion) av igumen Nektarije (Morozov) \u00e4r en kort ortodox v\u00e4gledning som tar upp vanliga fr\u00e5gor om omv\u00e4ndelse, \u00e5terkommande synder, f\u00f6rberedelse inf\u00f6r bikten och hur man n\u00e4rmar sig eukaristin med \u00f6dmjukhet i st\u00e4llet f\u00f6r sj\u00e4lvs\u00e4kerhet.<\/p>\n","protected":false},"featured_media":8443,"template":"","meta":{"give_campaign_id":0},"product_brand":[],"product_cat":[564],"product_tag":[],"class_list":{"0":"post-8100","1":"product","2":"type-product","3":"status-publish","4":"has-post-thumbnail","6":"product_cat-andlig-litteratur-1","8":"first","9":"instock","10":"purchasable","11":"product-type-simple"},"_links":{"self":[{"href":"https:\/\/orthodoxblessings.com\/sv\/wp-json\/wp\/v2\/product\/8100","targetHints":{"allow":["GET"]}}],"collection":[{"href":"https:\/\/orthodoxblessings.com\/sv\/wp-json\/wp\/v2\/product"}],"about":[{"href":"https:\/\/orthodoxblessings.com\/sv\/wp-json\/wp\/v2\/types\/product"}],"wp:featuredmedia":[{"embeddable":true,"href":"https:\/\/orthodoxblessings.com\/sv\/wp-json\/wp\/v2\/media\/8443"}],"wp:attachment":[{"href":"https:\/\/orthodoxblessings.com\/sv\/wp-json\/wp\/v2\/media?parent=8100"}],"wp:term":[{"taxonomy":"product_brand","embeddable":true,"href":"https:\/\/orthodoxblessings.com\/sv\/wp-json\/wp\/v2\/product_brand?post=8100"},{"taxonomy":"product_cat","embeddable":true,"href":"https:\/\/orthodoxblessings.com\/sv\/wp-json\/wp\/v2\/product_cat?post=8100"},{"taxonomy":"product_tag","embeddable":true,"href":"https:\/\/orthodoxblessings.com\/sv\/wp-json\/wp\/v2\/product_tag?post=8100"}],"curies":[{"name":"wp","href":"https:\/\/api.w.org\/{rel}","templated":true}]}}