{"id":8091,"date":"2025-12-23T11:55:25","date_gmt":"2025-12-23T11:55:25","guid":{"rendered":"https:\/\/orthodoxblessings.com\/?post_type=product&#038;p=8091"},"modified":"2026-01-10T10:21:15","modified_gmt":"2026-01-10T10:21:15","slug":"tro-hoppas-och-allt-kommer-att-bli-bra-fr-tadej-vitovnicki","status":"publish","type":"product","link":"https:\/\/orthodoxblessings.com\/sv\/shop\/tro-hoppas-och-allt-kommer-att-bli-bra-fr-tadej-vitovnicki\/","title":{"rendered":"Tro, hoppas och allt kommer att bli bra &#8211; Fr. Tadej Vitovni\u010dki"},"content":{"rendered":"<p>Andlig v\u00e4gledning av biskop Irinej Bulovi\u0107 med f\u00f6rfattarportr\u00e4tt i naturen, som uppmuntrar autentiskt levnadss\u00e4tt och sj\u00e4lvuppt\u00e4ckt genom ortodox kristen tro, utgiven av Veselin, Smederevo.<\/p>\n","protected":false},"excerpt":{"rendered":"<p>Andlig v\u00e4gledning av biskop Irinej Bulovi\u0107 med f\u00f6rfattarportr\u00e4tt i naturen, som uppmuntrar autentiskt levnadss\u00e4tt och sj\u00e4lvuppt\u00e4ckt genom ortodox kristen tro, utgiven av Veselin, Smederevo.<\/p>\n","protected":false},"featured_media":8437,"template":"","meta":{"give_campaign_id":0},"product_brand":[],"product_cat":[564],"product_tag":[],"class_list":{"0":"post-8091","1":"product","2":"type-product","3":"status-publish","4":"has-post-thumbnail","6":"product_cat-andlig-litteratur-1","8":"first","9":"instock","10":"purchasable","11":"product-type-simple"},"_links":{"self":[{"href":"https:\/\/orthodoxblessings.com\/sv\/wp-json\/wp\/v2\/product\/8091","targetHints":{"allow":["GET"]}}],"collection":[{"href":"https:\/\/orthodoxblessings.com\/sv\/wp-json\/wp\/v2\/product"}],"about":[{"href":"https:\/\/orthodoxblessings.com\/sv\/wp-json\/wp\/v2\/types\/product"}],"wp:featuredmedia":[{"embeddable":true,"href":"https:\/\/orthodoxblessings.com\/sv\/wp-json\/wp\/v2\/media\/8437"}],"wp:attachment":[{"href":"https:\/\/orthodoxblessings.com\/sv\/wp-json\/wp\/v2\/media?parent=8091"}],"wp:term":[{"taxonomy":"product_brand","embeddable":true,"href":"https:\/\/orthodoxblessings.com\/sv\/wp-json\/wp\/v2\/product_brand?post=8091"},{"taxonomy":"product_cat","embeddable":true,"href":"https:\/\/orthodoxblessings.com\/sv\/wp-json\/wp\/v2\/product_cat?post=8091"},{"taxonomy":"product_tag","embeddable":true,"href":"https:\/\/orthodoxblessings.com\/sv\/wp-json\/wp\/v2\/product_tag?post=8091"}],"curies":[{"name":"wp","href":"https:\/\/api.w.org\/{rel}","templated":true}]}}