{"id":8088,"date":"2025-12-23T11:51:20","date_gmt":"2025-12-23T11:51:20","guid":{"rendered":"https:\/\/orthodoxblessings.com\/?post_type=product&#038;p=8088"},"modified":"2026-01-10T10:16:04","modified_gmt":"2026-01-10T10:16:04","slug":"alska-inte-varlden-eller-nagot-i-varlden","status":"publish","type":"product","link":"https:\/\/orthodoxblessings.com\/sv\/shop\/alska-inte-varlden-eller-nagot-i-varlden\/","title":{"rendered":"\u00c4lska inte v\u00e4rlden eller n\u00e5got i v\u00e4rlden"},"content":{"rendered":"<p>Andlig bok som utforskar det kristna uppdraget att \u00e4lska ist\u00e4llet f\u00f6r att d\u00f6ma, med en silhuett av modern stad, utgiven av ett nutida ortodoxt f\u00f6rlag, l\u00e4mplig f\u00f6r personlig reflektion och gruppseminarier.<\/p>\n","protected":false},"excerpt":{"rendered":"<p>Andlig bok som utforskar det kristna uppdraget att \u00e4lska ist\u00e4llet f\u00f6r att d\u00f6ma, med en silhuett av modern stad, utgiven av ett nutida ortodoxt f\u00f6rlag, l\u00e4mplig f\u00f6r personlig reflektion och gruppseminarier.<\/p>\n","protected":false},"featured_media":8434,"template":"","meta":{"give_campaign_id":0},"product_brand":[],"product_cat":[564],"product_tag":[],"class_list":{"0":"post-8088","1":"product","2":"type-product","3":"status-publish","4":"has-post-thumbnail","6":"product_cat-andlig-litteratur-1","8":"first","9":"instock","10":"purchasable","11":"product-type-simple"},"_links":{"self":[{"href":"https:\/\/orthodoxblessings.com\/sv\/wp-json\/wp\/v2\/product\/8088","targetHints":{"allow":["GET"]}}],"collection":[{"href":"https:\/\/orthodoxblessings.com\/sv\/wp-json\/wp\/v2\/product"}],"about":[{"href":"https:\/\/orthodoxblessings.com\/sv\/wp-json\/wp\/v2\/types\/product"}],"wp:featuredmedia":[{"embeddable":true,"href":"https:\/\/orthodoxblessings.com\/sv\/wp-json\/wp\/v2\/media\/8434"}],"wp:attachment":[{"href":"https:\/\/orthodoxblessings.com\/sv\/wp-json\/wp\/v2\/media?parent=8088"}],"wp:term":[{"taxonomy":"product_brand","embeddable":true,"href":"https:\/\/orthodoxblessings.com\/sv\/wp-json\/wp\/v2\/product_brand?post=8088"},{"taxonomy":"product_cat","embeddable":true,"href":"https:\/\/orthodoxblessings.com\/sv\/wp-json\/wp\/v2\/product_cat?post=8088"},{"taxonomy":"product_tag","embeddable":true,"href":"https:\/\/orthodoxblessings.com\/sv\/wp-json\/wp\/v2\/product_tag?post=8088"}],"curies":[{"name":"wp","href":"https:\/\/api.w.org\/{rel}","templated":true}]}}