{"id":8082,"date":"2025-12-23T11:45:05","date_gmt":"2025-12-23T11:45:05","guid":{"rendered":"https:\/\/orthodoxblessings.com\/?post_type=product&#038;p=8082"},"modified":"2026-01-10T10:09:24","modified_gmt":"2026-01-10T10:09:24","slug":"stege-saint-john-lestvicnik","status":"publish","type":"product","link":"https:\/\/orthodoxblessings.com\/sv\/shop\/stege-saint-john-lestvicnik\/","title":{"rendered":"Stege &#8211; Saint John Lestvi\u010dnik"},"content":{"rendered":"<p>Liturgibok med fullst\u00e4ndig text av den gudomliga liturgin f\u00f6r den helige Johannes Krysostomos och l\u00e4sningar ur evangeliet enligt den helige Johannes teologen, tryckt i elegant format f\u00f6r bruk i hemmet eller vid gudstj\u00e4nster.<\/p>\n","protected":false},"excerpt":{"rendered":"<p>Liturgibok med fullst\u00e4ndig text av den gudomliga liturgin f\u00f6r den helige Johannes Krysostomos och l\u00e4sningar ur evangeliet enligt den helige Johannes teologen, tryckt i elegant format f\u00f6r bruk i hemmet eller vid gudstj\u00e4nster.<\/p>\n","protected":false},"featured_media":8428,"template":"","meta":{"give_campaign_id":0},"product_brand":[],"product_cat":[564],"product_tag":[],"class_list":{"0":"post-8082","1":"product","2":"type-product","3":"status-publish","4":"has-post-thumbnail","6":"product_cat-andlig-litteratur-1","8":"first","9":"instock","10":"purchasable","11":"product-type-simple"},"_links":{"self":[{"href":"https:\/\/orthodoxblessings.com\/sv\/wp-json\/wp\/v2\/product\/8082","targetHints":{"allow":["GET"]}}],"collection":[{"href":"https:\/\/orthodoxblessings.com\/sv\/wp-json\/wp\/v2\/product"}],"about":[{"href":"https:\/\/orthodoxblessings.com\/sv\/wp-json\/wp\/v2\/types\/product"}],"wp:featuredmedia":[{"embeddable":true,"href":"https:\/\/orthodoxblessings.com\/sv\/wp-json\/wp\/v2\/media\/8428"}],"wp:attachment":[{"href":"https:\/\/orthodoxblessings.com\/sv\/wp-json\/wp\/v2\/media?parent=8082"}],"wp:term":[{"taxonomy":"product_brand","embeddable":true,"href":"https:\/\/orthodoxblessings.com\/sv\/wp-json\/wp\/v2\/product_brand?post=8082"},{"taxonomy":"product_cat","embeddable":true,"href":"https:\/\/orthodoxblessings.com\/sv\/wp-json\/wp\/v2\/product_cat?post=8082"},{"taxonomy":"product_tag","embeddable":true,"href":"https:\/\/orthodoxblessings.com\/sv\/wp-json\/wp\/v2\/product_tag?post=8082"}],"curies":[{"name":"wp","href":"https:\/\/api.w.org\/{rel}","templated":true}]}}