{"id":8079,"date":"2025-12-23T11:40:30","date_gmt":"2025-12-23T11:40:30","guid":{"rendered":"https:\/\/orthodoxblessings.com\/?post_type=product&#038;p=8079"},"modified":"2026-01-10T10:05:44","modified_gmt":"2026-01-10T10:05:44","slug":"smaka-och-se-zdravko-peno","status":"publish","type":"product","link":"https:\/\/orthodoxblessings.com\/sv\/shop\/smaka-och-se-zdravko-peno\/","title":{"rendered":"Smaka och se &#8211; Zdravko Peno"},"content":{"rendered":"<p>Liturgibok med fullst\u00e4ndig text av den gudomliga liturgin f\u00f6r den helige Johannes Krysostomos och evangeliel\u00e4sningar, tryckt i elegant format f\u00f6r bruk i hemmet eller vid gudstj\u00e4nster.<\/p>\n","protected":false},"excerpt":{"rendered":"<p>Liturgibok med fullst\u00e4ndig text av den gudomliga liturgin f\u00f6r den helige Johannes Krysostomos och evangeliel\u00e4sningar, tryckt i elegant format f\u00f6r bruk i hemmet eller vid gudstj\u00e4nster.<\/p>\n","protected":false},"featured_media":8425,"template":"","meta":{"give_campaign_id":0},"product_brand":[],"product_cat":[564],"product_tag":[],"class_list":{"0":"post-8079","1":"product","2":"type-product","3":"status-publish","4":"has-post-thumbnail","6":"product_cat-andlig-litteratur-1","8":"first","9":"instock","10":"purchasable","11":"product-type-simple"},"_links":{"self":[{"href":"https:\/\/orthodoxblessings.com\/sv\/wp-json\/wp\/v2\/product\/8079","targetHints":{"allow":["GET"]}}],"collection":[{"href":"https:\/\/orthodoxblessings.com\/sv\/wp-json\/wp\/v2\/product"}],"about":[{"href":"https:\/\/orthodoxblessings.com\/sv\/wp-json\/wp\/v2\/types\/product"}],"wp:featuredmedia":[{"embeddable":true,"href":"https:\/\/orthodoxblessings.com\/sv\/wp-json\/wp\/v2\/media\/8425"}],"wp:attachment":[{"href":"https:\/\/orthodoxblessings.com\/sv\/wp-json\/wp\/v2\/media?parent=8079"}],"wp:term":[{"taxonomy":"product_brand","embeddable":true,"href":"https:\/\/orthodoxblessings.com\/sv\/wp-json\/wp\/v2\/product_brand?post=8079"},{"taxonomy":"product_cat","embeddable":true,"href":"https:\/\/orthodoxblessings.com\/sv\/wp-json\/wp\/v2\/product_cat?post=8079"},{"taxonomy":"product_tag","embeddable":true,"href":"https:\/\/orthodoxblessings.com\/sv\/wp-json\/wp\/v2\/product_tag?post=8079"}],"curies":[{"name":"wp","href":"https:\/\/api.w.org\/{rel}","templated":true}]}}