{"id":8076,"date":"2025-12-23T11:34:47","date_gmt":"2025-12-23T11:34:47","guid":{"rendered":"https:\/\/orthodoxblessings.com\/?post_type=product&#038;p=8076"},"modified":"2026-01-10T09:57:39","modified_gmt":"2026-01-10T09:57:39","slug":"prologen-fran-ohrid","status":"publish","type":"product","link":"https:\/\/orthodoxblessings.com\/sv\/shop\/prologen-fran-ohrid\/","title":{"rendered":"Prologen fr\u00e5n Ohrid"},"content":{"rendered":"<p>P\u00e5kostad inbunden samling av helgonliv fr\u00e5n Orthodox Prolog, ordnad efter liturgiskt kalender, med guldf\u00e4rgat kors och elegant vinr\u00f6tt omslag, perfekt f\u00f6r daglig andlig l\u00e4sning och inspiration.<\/p>\n","protected":false},"excerpt":{"rendered":"<p>P\u00e5kostad inbunden samling av helgonliv fr\u00e5n Orthodox Prolog, ordnad efter liturgiskt kalender, med guldf\u00e4rgat kors och elegant vinr\u00f6tt omslag, perfekt f\u00f6r daglig andlig l\u00e4sning och inspiration.<\/p>\n","protected":false},"featured_media":8422,"template":"","meta":{"give_campaign_id":0},"product_brand":[],"product_cat":[564],"product_tag":[],"class_list":{"0":"post-8076","1":"product","2":"type-product","3":"status-publish","4":"has-post-thumbnail","6":"product_cat-andlig-litteratur-1","8":"first","9":"instock","10":"purchasable","11":"product-type-simple"},"_links":{"self":[{"href":"https:\/\/orthodoxblessings.com\/sv\/wp-json\/wp\/v2\/product\/8076","targetHints":{"allow":["GET"]}}],"collection":[{"href":"https:\/\/orthodoxblessings.com\/sv\/wp-json\/wp\/v2\/product"}],"about":[{"href":"https:\/\/orthodoxblessings.com\/sv\/wp-json\/wp\/v2\/types\/product"}],"wp:featuredmedia":[{"embeddable":true,"href":"https:\/\/orthodoxblessings.com\/sv\/wp-json\/wp\/v2\/media\/8422"}],"wp:attachment":[{"href":"https:\/\/orthodoxblessings.com\/sv\/wp-json\/wp\/v2\/media?parent=8076"}],"wp:term":[{"taxonomy":"product_brand","embeddable":true,"href":"https:\/\/orthodoxblessings.com\/sv\/wp-json\/wp\/v2\/product_brand?post=8076"},{"taxonomy":"product_cat","embeddable":true,"href":"https:\/\/orthodoxblessings.com\/sv\/wp-json\/wp\/v2\/product_cat?post=8076"},{"taxonomy":"product_tag","embeddable":true,"href":"https:\/\/orthodoxblessings.com\/sv\/wp-json\/wp\/v2\/product_tag?post=8076"}],"curies":[{"name":"wp","href":"https:\/\/api.w.org\/{rel}","templated":true}]}}