{"id":8073,"date":"2025-12-23T11:29:55","date_gmt":"2025-12-23T11:29:55","guid":{"rendered":"https:\/\/orthodoxblessings.com\/?post_type=product&#038;p=8073"},"modified":"2026-01-10T09:53:23","modified_gmt":"2026-01-10T09:53:23","slug":"jul-var-herre-jesu-kristi-fodelse-hafte","status":"publish","type":"product","link":"https:\/\/orthodoxblessings.com\/sv\/shop\/jul-var-herre-jesu-kristi-fodelse-hafte\/","title":{"rendered":"Jul \u2013 V\u00e5r Herre Jesu Kristi f\u00f6delse (h\u00e4fte)"},"content":{"rendered":"<p>H\u00f6gtidligt h\u00e4fte om julh\u00f6gtiden med b\u00f6ner, hymner och f\u00f6rklaringar av julens gudstj\u00e4nster och traditioner, l\u00e4mpligt f\u00f6r bruk i hemmet eller i f\u00f6rsamlingens katekesundervisning.<\/p>\n","protected":false},"excerpt":{"rendered":"<p>H\u00f6gtidligt h\u00e4fte om julh\u00f6gtiden med b\u00f6ner, hymner och f\u00f6rklaringar av julens gudstj\u00e4nster och traditioner, l\u00e4mpligt f\u00f6r bruk i hemmet eller i f\u00f6rsamlingens katekesundervisning.<\/p>\n","protected":false},"featured_media":8419,"template":"","meta":{"give_campaign_id":0},"product_brand":[],"product_cat":[568],"product_tag":[],"class_list":{"0":"post-8073","1":"product","2":"type-product","3":"status-publish","4":"has-post-thumbnail","6":"product_cat-barnbocker","8":"first","9":"instock","10":"purchasable","11":"product-type-simple"},"_links":{"self":[{"href":"https:\/\/orthodoxblessings.com\/sv\/wp-json\/wp\/v2\/product\/8073","targetHints":{"allow":["GET"]}}],"collection":[{"href":"https:\/\/orthodoxblessings.com\/sv\/wp-json\/wp\/v2\/product"}],"about":[{"href":"https:\/\/orthodoxblessings.com\/sv\/wp-json\/wp\/v2\/types\/product"}],"wp:featuredmedia":[{"embeddable":true,"href":"https:\/\/orthodoxblessings.com\/sv\/wp-json\/wp\/v2\/media\/8419"}],"wp:attachment":[{"href":"https:\/\/orthodoxblessings.com\/sv\/wp-json\/wp\/v2\/media?parent=8073"}],"wp:term":[{"taxonomy":"product_brand","embeddable":true,"href":"https:\/\/orthodoxblessings.com\/sv\/wp-json\/wp\/v2\/product_brand?post=8073"},{"taxonomy":"product_cat","embeddable":true,"href":"https:\/\/orthodoxblessings.com\/sv\/wp-json\/wp\/v2\/product_cat?post=8073"},{"taxonomy":"product_tag","embeddable":true,"href":"https:\/\/orthodoxblessings.com\/sv\/wp-json\/wp\/v2\/product_tag?post=8073"}],"curies":[{"name":"wp","href":"https:\/\/api.w.org\/{rel}","templated":true}]}}