{"id":8064,"date":"2025-12-23T11:04:32","date_gmt":"2025-12-23T11:04:32","guid":{"rendered":"https:\/\/orthodoxblessings.com\/?post_type=product&#038;p=8064"},"modified":"2026-01-10T09:38:21","modified_gmt":"2026-01-10T09:38:21","slug":"helig-skrift-064-cti","status":"publish","type":"product","link":"https:\/\/orthodoxblessings.com\/sv\/shop\/helig-skrift-064-cti\/","title":{"rendered":"Helig Skrift 064 CTI"},"content":{"rendered":"<p>Mindre inbunden serbisk bibel med slitstarkt svart omslag, pr\u00e4glat ornamentkors och guldf\u00e4rgad text \u201dHeliga skriften\u201d, praktisk f\u00f6r daglig l\u00e4sning, resor eller att ta med till gudstj\u00e4nster.<\/p>\n","protected":false},"excerpt":{"rendered":"<p>Mindre inbunden serbisk bibel med slitstarkt svart omslag, pr\u00e4glat ornamentkors och guldf\u00e4rgad text \u201dHeliga skriften\u201d, praktisk f\u00f6r daglig l\u00e4sning, resor eller att ta med till gudstj\u00e4nster.<\/p>\n","protected":false},"featured_media":8412,"template":"","meta":{"give_campaign_id":0},"product_brand":[],"product_cat":[564],"product_tag":[],"class_list":{"0":"post-8064","1":"product","2":"type-product","3":"status-publish","4":"has-post-thumbnail","6":"product_cat-andlig-litteratur-1","8":"first","9":"instock","10":"sale","11":"purchasable","12":"product-type-simple"},"_links":{"self":[{"href":"https:\/\/orthodoxblessings.com\/sv\/wp-json\/wp\/v2\/product\/8064","targetHints":{"allow":["GET"]}}],"collection":[{"href":"https:\/\/orthodoxblessings.com\/sv\/wp-json\/wp\/v2\/product"}],"about":[{"href":"https:\/\/orthodoxblessings.com\/sv\/wp-json\/wp\/v2\/types\/product"}],"wp:featuredmedia":[{"embeddable":true,"href":"https:\/\/orthodoxblessings.com\/sv\/wp-json\/wp\/v2\/media\/8412"}],"wp:attachment":[{"href":"https:\/\/orthodoxblessings.com\/sv\/wp-json\/wp\/v2\/media?parent=8064"}],"wp:term":[{"taxonomy":"product_brand","embeddable":true,"href":"https:\/\/orthodoxblessings.com\/sv\/wp-json\/wp\/v2\/product_brand?post=8064"},{"taxonomy":"product_cat","embeddable":true,"href":"https:\/\/orthodoxblessings.com\/sv\/wp-json\/wp\/v2\/product_cat?post=8064"},{"taxonomy":"product_tag","embeddable":true,"href":"https:\/\/orthodoxblessings.com\/sv\/wp-json\/wp\/v2\/product_tag?post=8064"}],"curies":[{"name":"wp","href":"https:\/\/api.w.org\/{rel}","templated":true}]}}