{"id":8061,"date":"2025-12-23T11:00:08","date_gmt":"2025-12-23T11:00:08","guid":{"rendered":"https:\/\/orthodoxblessings.com\/?post_type=product&#038;p=8061"},"modified":"2026-01-10T09:31:06","modified_gmt":"2026-01-10T09:31:06","slug":"helig-skrift-043-hs","status":"publish","type":"product","link":"https:\/\/orthodoxblessings.com\/sv\/shop\/helig-skrift-043-hs\/","title":{"rendered":"Helig Skrift 043 HS"},"content":{"rendered":"<p>Inbunden serbisk bibel p\u00e5 kyrkoslavisk\u2011serbiska (Gamla och Nya testamentet), avsedd f\u00f6r daglig l\u00e4sning, personlig b\u00f6n och bruk i hemmet eller f\u00f6rsamlingen, tryckt med tydlig kyrillisk skrift, liturgisk ordning av b\u00f6ckerna, rubriker och h\u00e4nvisningar i marginalen som underl\u00e4ttar att f\u00f6lja kyrkans l\u00e4sningar och f\u00f6rdjupa studiet av texten.<\/p>\n","protected":false},"excerpt":{"rendered":"<p>Inbunden serbisk bibel p\u00e5 kyrkoslavisk\u2011serbiska (Gamla och Nya testamentet), avsedd f\u00f6r daglig l\u00e4sning, personlig b\u00f6n och bruk i hemmet eller f\u00f6rsamlingen, tryckt med tydlig kyrillisk skrift, liturgisk ordning av b\u00f6ckerna, rubriker och h\u00e4nvisningar i marginalen som underl\u00e4ttar att f\u00f6lja kyrkans l\u00e4sningar och f\u00f6rdjupa studiet av texten.<\/p>\n","protected":false},"featured_media":8409,"template":"","meta":{"give_campaign_id":0},"product_brand":[],"product_cat":[564],"product_tag":[],"class_list":{"0":"post-8061","1":"product","2":"type-product","3":"status-publish","4":"has-post-thumbnail","6":"product_cat-andlig-litteratur-1","8":"first","9":"instock","10":"purchasable","11":"product-type-simple"},"_links":{"self":[{"href":"https:\/\/orthodoxblessings.com\/sv\/wp-json\/wp\/v2\/product\/8061","targetHints":{"allow":["GET"]}}],"collection":[{"href":"https:\/\/orthodoxblessings.com\/sv\/wp-json\/wp\/v2\/product"}],"about":[{"href":"https:\/\/orthodoxblessings.com\/sv\/wp-json\/wp\/v2\/types\/product"}],"wp:featuredmedia":[{"embeddable":true,"href":"https:\/\/orthodoxblessings.com\/sv\/wp-json\/wp\/v2\/media\/8409"}],"wp:attachment":[{"href":"https:\/\/orthodoxblessings.com\/sv\/wp-json\/wp\/v2\/media?parent=8061"}],"wp:term":[{"taxonomy":"product_brand","embeddable":true,"href":"https:\/\/orthodoxblessings.com\/sv\/wp-json\/wp\/v2\/product_brand?post=8061"},{"taxonomy":"product_cat","embeddable":true,"href":"https:\/\/orthodoxblessings.com\/sv\/wp-json\/wp\/v2\/product_cat?post=8061"},{"taxonomy":"product_tag","embeddable":true,"href":"https:\/\/orthodoxblessings.com\/sv\/wp-json\/wp\/v2\/product_tag?post=8061"}],"curies":[{"name":"wp","href":"https:\/\/api.w.org\/{rel}","templated":true}]}}