{"id":8058,"date":"2025-12-23T10:55:31","date_gmt":"2025-12-23T10:55:31","guid":{"rendered":"https:\/\/orthodoxblessings.com\/?post_type=product&#038;p=8058"},"modified":"2026-01-10T09:22:34","modified_gmt":"2026-01-10T09:22:34","slug":"helig-skrift-063g","status":"publish","type":"product","link":"https:\/\/orthodoxblessings.com\/sv\/shop\/helig-skrift-063g\/","title":{"rendered":"Helig Skrift 063G"},"content":{"rendered":"<p>Elegant inbunden serbisk bibel med m\u00f6rkr\u00f6tt omslag, pr\u00e4glat kors och guldf\u00e4rgad text \u201dHeliga skriften\u201d, l\u00e4mplig f\u00f6r personlig andakt eller som en s\u00e4rskild g\u00e5va.<\/p>\n","protected":false},"excerpt":{"rendered":"<p>Elegant inbunden serbisk bibel med m\u00f6rkr\u00f6tt omslag, pr\u00e4glat kors och guldf\u00e4rgad text \u201dHeliga skriften\u201d, l\u00e4mplig f\u00f6r personlig andakt eller som en s\u00e4rskild g\u00e5va.<\/p>\n","protected":false},"featured_media":8406,"template":"","meta":{"give_campaign_id":0},"product_brand":[],"product_cat":[564],"product_tag":[],"class_list":{"0":"post-8058","1":"product","2":"type-product","3":"status-publish","4":"has-post-thumbnail","6":"product_cat-andlig-litteratur-1","8":"first","9":"instock","10":"purchasable","11":"product-type-simple"},"_links":{"self":[{"href":"https:\/\/orthodoxblessings.com\/sv\/wp-json\/wp\/v2\/product\/8058","targetHints":{"allow":["GET"]}}],"collection":[{"href":"https:\/\/orthodoxblessings.com\/sv\/wp-json\/wp\/v2\/product"}],"about":[{"href":"https:\/\/orthodoxblessings.com\/sv\/wp-json\/wp\/v2\/types\/product"}],"wp:featuredmedia":[{"embeddable":true,"href":"https:\/\/orthodoxblessings.com\/sv\/wp-json\/wp\/v2\/media\/8406"}],"wp:attachment":[{"href":"https:\/\/orthodoxblessings.com\/sv\/wp-json\/wp\/v2\/media?parent=8058"}],"wp:term":[{"taxonomy":"product_brand","embeddable":true,"href":"https:\/\/orthodoxblessings.com\/sv\/wp-json\/wp\/v2\/product_brand?post=8058"},{"taxonomy":"product_cat","embeddable":true,"href":"https:\/\/orthodoxblessings.com\/sv\/wp-json\/wp\/v2\/product_cat?post=8058"},{"taxonomy":"product_tag","embeddable":true,"href":"https:\/\/orthodoxblessings.com\/sv\/wp-json\/wp\/v2\/product_tag?post=8058"}],"curies":[{"name":"wp","href":"https:\/\/api.w.org\/{rel}","templated":true}]}}