{"id":8043,"date":"2025-12-18T10:25:42","date_gmt":"2025-12-18T10:25:42","guid":{"rendered":"https:\/\/orthodoxblessings.com\/?post_type=product&#038;p=8043"},"modified":"2025-12-18T10:33:19","modified_gmt":"2025-12-18T10:33:19","slug":"heliga-skriften-komplett-serbisk-bibel","status":"publish","type":"product","link":"https:\/\/orthodoxblessings.com\/sv\/shop\/heliga-skriften-komplett-serbisk-bibel\/","title":{"rendered":"Heliga skriften \u2013 komplett serbisk bibel"},"content":{"rendered":"<p>Elegant inbunden serbisk bibel med vinr\u00f6tt omslag, guldf\u00e4rgat kors och texten \u201dHeliga skriften\u201d, l\u00e4mplig f\u00f6r personlig andakt eller som en s\u00e4rskild g\u00e5va.<\/p>\n","protected":false},"excerpt":{"rendered":"<p>Elegant inbunden serbisk bibel med vinr\u00f6tt omslag, guldf\u00e4rgat kors och texten \u201dHeliga skriften\u201d, l\u00e4mplig f\u00f6r personlig andakt eller som en s\u00e4rskild g\u00e5va.<\/p>\n","protected":false},"featured_media":8046,"template":"","meta":{"give_campaign_id":0},"product_brand":[],"product_cat":[564],"product_tag":[],"class_list":{"0":"post-8043","1":"product","2":"type-product","3":"status-publish","4":"has-post-thumbnail","6":"product_cat-andlig-litteratur-1","8":"first","9":"instock","10":"purchasable","11":"product-type-simple"},"_links":{"self":[{"href":"https:\/\/orthodoxblessings.com\/sv\/wp-json\/wp\/v2\/product\/8043","targetHints":{"allow":["GET"]}}],"collection":[{"href":"https:\/\/orthodoxblessings.com\/sv\/wp-json\/wp\/v2\/product"}],"about":[{"href":"https:\/\/orthodoxblessings.com\/sv\/wp-json\/wp\/v2\/types\/product"}],"wp:featuredmedia":[{"embeddable":true,"href":"https:\/\/orthodoxblessings.com\/sv\/wp-json\/wp\/v2\/media\/8046"}],"wp:attachment":[{"href":"https:\/\/orthodoxblessings.com\/sv\/wp-json\/wp\/v2\/media?parent=8043"}],"wp:term":[{"taxonomy":"product_brand","embeddable":true,"href":"https:\/\/orthodoxblessings.com\/sv\/wp-json\/wp\/v2\/product_brand?post=8043"},{"taxonomy":"product_cat","embeddable":true,"href":"https:\/\/orthodoxblessings.com\/sv\/wp-json\/wp\/v2\/product_cat?post=8043"},{"taxonomy":"product_tag","embeddable":true,"href":"https:\/\/orthodoxblessings.com\/sv\/wp-json\/wp\/v2\/product_tag?post=8043"}],"curies":[{"name":"wp","href":"https:\/\/api.w.org\/{rel}","templated":true}]}}