{"id":8037,"date":"2025-12-18T10:18:36","date_gmt":"2025-12-18T10:18:36","guid":{"rendered":"https:\/\/orthodoxblessings.com\/?post_type=product&#038;p=8037"},"modified":"2025-12-18T10:24:05","modified_gmt":"2025-12-18T10:24:05","slug":"ohridprologen-av-biskop-nikolaj","status":"publish","type":"product","link":"https:\/\/orthodoxblessings.com\/sv\/shop\/ohridprologen-av-biskop-nikolaj\/","title":{"rendered":"\u201dOhridprologen\u201d av biskop Nikolaj"},"content":{"rendered":"<p>P\u00e5kostad inbunden serbisk utg\u00e5va av den andliga klassikern \u201dOhridprologen\u201d av den helige biskop Nikolaj, med pr\u00e4glat guldportr\u00e4tt och kors p\u00e5 vinr\u00f6tt omslag.<\/p>\n","protected":false},"excerpt":{"rendered":"<p>P\u00e5kostad inbunden serbisk utg\u00e5va av den andliga klassikern \u201dOhridprologen\u201d av den helige biskop Nikolaj, med pr\u00e4glat guldportr\u00e4tt och kors p\u00e5 vinr\u00f6tt omslag.<\/p>\n","protected":false},"featured_media":8040,"template":"","meta":{"give_campaign_id":0},"product_brand":[],"product_cat":[564],"product_tag":[],"class_list":{"0":"post-8037","1":"product","2":"type-product","3":"status-publish","4":"has-post-thumbnail","6":"product_cat-andlig-litteratur-1","8":"first","9":"instock","10":"purchasable","11":"product-type-simple"},"_links":{"self":[{"href":"https:\/\/orthodoxblessings.com\/sv\/wp-json\/wp\/v2\/product\/8037","targetHints":{"allow":["GET"]}}],"collection":[{"href":"https:\/\/orthodoxblessings.com\/sv\/wp-json\/wp\/v2\/product"}],"about":[{"href":"https:\/\/orthodoxblessings.com\/sv\/wp-json\/wp\/v2\/types\/product"}],"wp:featuredmedia":[{"embeddable":true,"href":"https:\/\/orthodoxblessings.com\/sv\/wp-json\/wp\/v2\/media\/8040"}],"wp:attachment":[{"href":"https:\/\/orthodoxblessings.com\/sv\/wp-json\/wp\/v2\/media?parent=8037"}],"wp:term":[{"taxonomy":"product_brand","embeddable":true,"href":"https:\/\/orthodoxblessings.com\/sv\/wp-json\/wp\/v2\/product_brand?post=8037"},{"taxonomy":"product_cat","embeddable":true,"href":"https:\/\/orthodoxblessings.com\/sv\/wp-json\/wp\/v2\/product_cat?post=8037"},{"taxonomy":"product_tag","embeddable":true,"href":"https:\/\/orthodoxblessings.com\/sv\/wp-json\/wp\/v2\/product_tag?post=8037"}],"curies":[{"name":"wp","href":"https:\/\/api.w.org\/{rel}","templated":true}]}}