{"id":8031,"date":"2025-12-18T09:54:23","date_gmt":"2025-12-18T09:54:23","guid":{"rendered":"https:\/\/orthodoxblessings.com\/?post_type=product&#038;p=8031"},"modified":"2025-12-18T10:14:11","modified_gmt":"2025-12-18T10:14:11","slug":"ikon-av-guds-moder-av-kazan-i-dekorativ-ram","status":"publish","type":"product","link":"https:\/\/orthodoxblessings.com\/sv\/shop\/ikon-av-guds-moder-av-kazan-i-dekorativ-ram\/","title":{"rendered":"Ikon av Guds Moder av Kazan i dekorativ ram"},"content":{"rendered":"<p>Rikt utsmyckad ortodox ikon av Guds Moder av Kazan med Kristusbarnet, infattad i en v\u00e5gformad m\u00f6rk tr\u00e4ram med f\u00f6rgyllda blomstermotiv, l\u00e4mplig f\u00f6r hemaltare eller som en s\u00e4rskild g\u00e5va.<\/p>\n","protected":false},"excerpt":{"rendered":"<p>Rikt utsmyckad ortodox ikon av Guds Moder av Kazan med Kristusbarnet, infattad i en v\u00e5gformad m\u00f6rk tr\u00e4ram med f\u00f6rgyllda blomstermotiv, l\u00e4mplig f\u00f6r hemaltare eller som en s\u00e4rskild g\u00e5va.<\/p>\n","protected":false},"featured_media":8034,"template":"","meta":{"give_campaign_id":0},"product_brand":[],"product_cat":[531],"product_tag":[],"class_list":{"0":"post-8031","1":"product","2":"type-product","3":"status-publish","4":"has-post-thumbnail","6":"product_cat-presentset","8":"first","9":"instock","10":"shipping-taxable","11":"purchasable","12":"product-type-simple"},"_links":{"self":[{"href":"https:\/\/orthodoxblessings.com\/sv\/wp-json\/wp\/v2\/product\/8031","targetHints":{"allow":["GET"]}}],"collection":[{"href":"https:\/\/orthodoxblessings.com\/sv\/wp-json\/wp\/v2\/product"}],"about":[{"href":"https:\/\/orthodoxblessings.com\/sv\/wp-json\/wp\/v2\/types\/product"}],"wp:featuredmedia":[{"embeddable":true,"href":"https:\/\/orthodoxblessings.com\/sv\/wp-json\/wp\/v2\/media\/8034"}],"wp:attachment":[{"href":"https:\/\/orthodoxblessings.com\/sv\/wp-json\/wp\/v2\/media?parent=8031"}],"wp:term":[{"taxonomy":"product_brand","embeddable":true,"href":"https:\/\/orthodoxblessings.com\/sv\/wp-json\/wp\/v2\/product_brand?post=8031"},{"taxonomy":"product_cat","embeddable":true,"href":"https:\/\/orthodoxblessings.com\/sv\/wp-json\/wp\/v2\/product_cat?post=8031"},{"taxonomy":"product_tag","embeddable":true,"href":"https:\/\/orthodoxblessings.com\/sv\/wp-json\/wp\/v2\/product_tag?post=8031"}],"curies":[{"name":"wp","href":"https:\/\/api.w.org\/{rel}","templated":true}]}}